{"id":5349,"date":"2022-08-02T08:19:31","date_gmt":"2022-08-02T08:19:31","guid":{"rendered":"https:\/\/www.tecniplant.it\/documenti\/"},"modified":"2023-04-19T14:09:16","modified_gmt":"2023-04-19T14:09:16","slug":"documentos-tecniplant","status":"publish","type":"page","link":"https:\/\/www.tecniplant.it\/es\/documentos-tecniplant\/","title":{"rendered":"DOCUMENTOS"},"content":{"rendered":"\t\t<div data-elementor-type=\"wp-page\" data-elementor-id=\"5349\" class=\"elementor elementor-5349 elementor-916\">\n\t\t\t\t\t\t\t\t\t<section class=\"elementor-section elementor-top-section elementor-element elementor-element-2c66605 elementor-section-height-min-height elementor-section-items-bottom elementor-section-boxed elementor-section-height-default\" data-id=\"2c66605\" data-element_type=\"section\" data-settings=\"{&quot;background_background&quot;:&quot;classic&quot;}\">\n\t\t\t\t\t\t\t<div class=\"elementor-background-overlay\"><\/div>\n\t\t\t\t\t\t\t<div class=\"elementor-container elementor-column-gap-no\">\n\t\t\t\t\t<div class=\"elementor-column elementor-col-100 elementor-top-column elementor-element elementor-element-2b372ad\" data-id=\"2b372ad\" data-element_type=\"column\">\n\t\t\t<div class=\"elementor-widget-wrap elementor-element-populated\">\n\t\t\t\t\t\t\t\t<div class=\"elementor-element elementor-element-b6179b6 elementor-widget elementor-widget-heading\" data-id=\"b6179b6\" data-element_type=\"widget\" data-widget_type=\"heading.default\">\n\t\t\t\t<div class=\"elementor-widget-container\">\n\t\t\t<style>\/*! elementor - v3.11.5 - 14-03-2023 *\/\n.elementor-heading-title{padding:0;margin:0;line-height:1}.elementor-widget-heading .elementor-heading-title[class*=elementor-size-]>a{color:inherit;font-size:inherit;line-height:inherit}.elementor-widget-heading .elementor-heading-title.elementor-size-small{font-size:15px}.elementor-widget-heading .elementor-heading-title.elementor-size-medium{font-size:19px}.elementor-widget-heading .elementor-heading-title.elementor-size-large{font-size:29px}.elementor-widget-heading .elementor-heading-title.elementor-size-xl{font-size:39px}.elementor-widget-heading .elementor-heading-title.elementor-size-xxl{font-size:59px}<\/style><h1 class=\"elementor-heading-title elementor-size-default\">DOCUMENTOS TECNIPLANT <\/h1>\t\t<\/div>\n\t\t\t\t<\/div>\n\t\t\t\t\t<\/div>\n\t\t<\/div>\n\t\t\t\t\t\t\t<\/div>\n\t\t<\/section>\n\t\t\t\t<section class=\"elementor-section elementor-top-section elementor-element elementor-element-dbab8f1 elementor-section-boxed elementor-section-height-default elementor-section-height-default\" data-id=\"dbab8f1\" data-element_type=\"section\">\n\t\t\t\t\t\t<div class=\"elementor-container elementor-column-gap-default\">\n\t\t\t\t\t<div class=\"elementor-column elementor-col-100 elementor-top-column elementor-element elementor-element-771caa9\" data-id=\"771caa9\" data-element_type=\"column\">\n\t\t\t<div class=\"elementor-widget-wrap elementor-element-populated\">\n\t\t\t\t\t\t\t\t<div class=\"elementor-element elementor-element-f98cd0a elementor-widget elementor-widget-text-editor\" data-id=\"f98cd0a\" data-element_type=\"widget\" data-widget_type=\"text-editor.default\">\n\t\t\t\t<div class=\"elementor-widget-container\">\n\t\t\t<style>\/*! elementor - v3.11.5 - 14-03-2023 *\/\n.elementor-widget-text-editor.elementor-drop-cap-view-stacked .elementor-drop-cap{background-color:#818a91;color:#fff}.elementor-widget-text-editor.elementor-drop-cap-view-framed .elementor-drop-cap{color:#818a91;border:3px solid;background-color:transparent}.elementor-widget-text-editor:not(.elementor-drop-cap-view-default) .elementor-drop-cap{margin-top:8px}.elementor-widget-text-editor:not(.elementor-drop-cap-view-default) .elementor-drop-cap-letter{width:1em;height:1em}.elementor-widget-text-editor .elementor-drop-cap{float:left;text-align:center;line-height:1;font-size:50px}.elementor-widget-text-editor .elementor-drop-cap-letter{display:inline-block}<\/style>\t\t\t\t<p>Desde 1974, TECNIPLANT es sin\u00f3nimo de <strong>innovaci\u00f3n y tecnolog\u00eda de vanguardia<\/strong>. En esta secci\u00f3n hemos recopilado los <strong>documentos TECNIPLANT<\/strong> que cuentan nuestra historia, describen nuestras metas y hablan de nuestros objetivos futuros.<\/p>\t\t\t\t\t\t<\/div>\n\t\t\t\t<\/div>\n\t\t\t\t\t<\/div>\n\t\t<\/div>\n\t\t\t\t\t\t\t<\/div>\n\t\t<\/section>\n\t\t\t\t<section class=\"elementor-section elementor-top-section elementor-element elementor-element-532c783 elementor-section-full_width elementor-section-height-default elementor-section-height-default\" data-id=\"532c783\" data-element_type=\"section\">\n\t\t\t\t\t\t<div class=\"elementor-container elementor-column-gap-default\">\n\t\t\t\t\t<div class=\"elementor-column elementor-col-100 elementor-top-column elementor-element elementor-element-6373043\" data-id=\"6373043\" data-element_type=\"column\" data-settings=\"{&quot;background_background&quot;:&quot;classic&quot;}\">\n\t\t\t<div class=\"elementor-widget-wrap elementor-element-populated\">\n\t\t\t\t\t\t\t\t<div class=\"elementor-element elementor-element-110fe65 elementor-widget elementor-widget-heading\" data-id=\"110fe65\" data-element_type=\"widget\" data-widget_type=\"heading.default\">\n\t\t\t\t<div class=\"elementor-widget-container\">\n\t\t\t<h2 class=\"elementor-heading-title elementor-size-default\">EL C\u00d3DIGO \u00c9TICO DE TECNIPLANT <\/h2>\t\t<\/div>\n\t\t\t\t<\/div>\n\t\t\t\t<div class=\"elementor-element elementor-element-d96c49d elementor-widget elementor-widget-text-editor\" data-id=\"d96c49d\" data-element_type=\"widget\" data-widget_type=\"text-editor.default\">\n\t\t\t\t<div class=\"elementor-widget-container\">\n\t\t\t\t\t\t\t<p>El <strong>C\u00f3digo \u00c9tico<\/strong> es uno de los documentos TECNIPLANT que define con claridad y transparencia el <strong>conjunto de los valores<\/strong> en los que se inspira nuestra sociedad.<\/p><p>Las reglas contenidas en el C\u00f3digo \u00c9tico tienen como presupuesto el <strong>respeto de toda norma de ley vigente<\/strong> y la adopci\u00f3n de una conducta \u00e9ticamente correcta y equitativa.<\/p><p>Nuestro C\u00f3digo \u00c9tico se aplica a todos los <strong>exponentes de la empresa<\/strong> y a todos aquellos que, por cualquier motivo, <strong>colaboran y trabajan para la sociedad<\/strong>, aunque s\u00f3lo sea ocasionalmente.<\/p><p>Para m\u00e1s informaci\u00f3n en esta secci\u00f3n puedes consultar nuestro C\u00f3digo \u00c9tico.<\/p>\t\t\t\t\t\t<\/div>\n\t\t\t\t<\/div>\n\t\t\t\t<div class=\"elementor-element elementor-element-f586063 elementor-widget elementor-widget-button\" data-id=\"f586063\" data-element_type=\"widget\" data-widget_type=\"button.default\">\n\t\t\t\t<div class=\"elementor-widget-container\">\n\t\t\t\t\t<div class=\"elementor-button-wrapper\">\n\t\t\t<a href=\"https:\/\/www.tecniplant.it\/wp-content\/uploads\/2022\/10\/CodiceEtico_ITA.pdf\" target=\"_blank\" class=\"elementor-button-link elementor-button elementor-size-sm\" role=\"button\">\n\t\t\t\t\t\t<span class=\"elementor-button-content-wrapper\">\n\t\t\t\t\t\t<span class=\"elementor-button-text\">bot\u00f3n para descargar el pdf<\/span>\n\t\t<\/span>\n\t\t\t\t\t<\/a>\n\t\t<\/div>\n\t\t\t\t<\/div>\n\t\t\t\t<\/div>\n\t\t\t\t\t<\/div>\n\t\t<\/div>\n\t\t\t\t\t\t\t<\/div>\n\t\t<\/section>\n\t\t\t\t<section class=\"elementor-section elementor-top-section elementor-element elementor-element-60e883a elementor-section-full_width elementor-section-height-default elementor-section-height-default\" data-id=\"60e883a\" data-element_type=\"section\">\n\t\t\t\t\t\t<div class=\"elementor-container elementor-column-gap-default\">\n\t\t\t\t\t<div class=\"elementor-column elementor-col-100 elementor-top-column elementor-element elementor-element-04a8a0e\" data-id=\"04a8a0e\" data-element_type=\"column\" data-settings=\"{&quot;background_background&quot;:&quot;classic&quot;}\">\n\t\t\t<div class=\"elementor-widget-wrap elementor-element-populated\">\n\t\t\t\t\t\t\t\t<div class=\"elementor-element elementor-element-2549aa8 elementor-widget elementor-widget-heading\" data-id=\"2549aa8\" data-element_type=\"widget\" data-widget_type=\"heading.default\">\n\t\t\t\t<div class=\"elementor-widget-container\">\n\t\t\t<h2 class=\"elementor-heading-title elementor-size-default\">LA CALIDAD Y LA POL\u00cdTICA TECNIPLANT PARA EL MEDIO AMBIENTE Y LA SEGURIDAD<\/h2>\t\t<\/div>\n\t\t\t\t<\/div>\n\t\t\t\t<div class=\"elementor-element elementor-element-4994e0d elementor-widget elementor-widget-text-editor\" data-id=\"4994e0d\" data-element_type=\"widget\" data-widget_type=\"text-editor.default\">\n\t\t\t\t<div class=\"elementor-widget-container\">\n\t\t\t\t\t\t\t<p>La <strong>Calidad del Producto<\/strong> y la <strong>Pol\u00edtica de Ambiental<\/strong> <strong>y Seguridad<\/strong> son elementos importantes en nuestra visi\u00f3n empresarial.<\/p><p>Para ello, queremos identificar las <strong>necesidades<\/strong> y <strong>expectativas<\/strong> del cliente, y de todas las dem\u00e1s partes interesadas, para que podamos satisfacerlas de la mejor manera posible, pero no solo.<\/p><p>Revisamos anualmente la <strong>Pol\u00edtica empresarial<\/strong> para la <strong>calidad<\/strong>, la <strong>seguridad<\/strong> y el <strong>ambiente<\/strong>. Revisar peri\u00f3dicamente este tipo de pol\u00edtica nos permite asegurarnos de su <strong>idoneidad continua<\/strong> y <strong>actualizarla<\/strong> de acuerdo con los objetivos y estrategias de la empresa.<\/p><p>Adem\u00e1s, comprobamos peri\u00f3dicamente tambi\u00e9n la <strong>eficacia del sistema de gesti\u00f3n<\/strong> integrado para la calidad, el medio ambiente y la seguridad en el trabajo. Promovemos acciones de mejora para incrementar el nivel de <strong>satisfacci\u00f3n del cliente<\/strong>, las <strong>prestaciones ambientales<\/strong> y la <strong>salud y seguridad<\/strong> en los lugares de trabajo.<\/p><p>Por \u00faltimo, TECNIPLANT ha obtenido e integrado a lo largo de los a\u00f1os las tres certificaciones <strong>UNI EN ISO 9001-2015, 45001-2018 y 14001-2015<\/strong>. Este es un reconocimiento importante y efectivo<br \/>sistema de gesti\u00f3n que certifica una mejora continua de la reputaci\u00f3n.<\/p><p>Para m\u00e1s informaci\u00f3n a continuaci\u00f3n se pueden ver los documentos resumidos.<\/p>\t\t\t\t\t\t<\/div>\n\t\t\t\t<\/div>\n\t\t\t\t<div class=\"elementor-element elementor-element-7edcbbc elementor-widget elementor-widget-button\" data-id=\"7edcbbc\" data-element_type=\"widget\" data-widget_type=\"button.default\">\n\t\t\t\t<div class=\"elementor-widget-container\">\n\t\t\t\t\t<div class=\"elementor-button-wrapper\">\n\t\t\t<a href=\"https:\/\/www.tecniplant.it\/wp-content\/uploads\/2022\/10\/mod.-5.2-1-Politica-QAS.pdf\" target=\"_blank\" class=\"elementor-button-link elementor-button elementor-size-sm\" role=\"button\">\n\t\t\t\t\t\t<span class=\"elementor-button-content-wrapper\">\n\t\t\t\t\t\t<span class=\"elementor-button-text\">Descarga el PDF - Pol\u00edtica QAS<\/span>\n\t\t<\/span>\n\t\t\t\t\t<\/a>\n\t\t<\/div>\n\t\t\t\t<\/div>\n\t\t\t\t<\/div>\n\t\t\t\t<div class=\"elementor-element elementor-element-ef0aae1 elementor-widget elementor-widget-button\" data-id=\"ef0aae1\" data-element_type=\"widget\" data-widget_type=\"button.default\">\n\t\t\t\t<div class=\"elementor-widget-container\">\n\t\t\t\t\t<div class=\"elementor-button-wrapper\">\n\t\t\t<a href=\"https:\/\/www.tecniplant.it\/wp-content\/uploads\/2022\/10\/UNI-EN-ISO-9001-201550-100-11698-Rev.005.pdf\" target=\"_blank\" class=\"elementor-button-link elementor-button elementor-size-sm\" role=\"button\">\n\t\t\t\t\t\t<span class=\"elementor-button-content-wrapper\">\n\t\t\t\t\t\t<span class=\"elementor-button-text\">Descarga el PDF - UNI EN ISO 9001-2015<\/span>\n\t\t<\/span>\n\t\t\t\t\t<\/a>\n\t\t<\/div>\n\t\t\t\t<\/div>\n\t\t\t\t<\/div>\n\t\t\t\t<div class=\"elementor-element elementor-element-ead1a78 elementor-widget elementor-widget-button\" data-id=\"ead1a78\" data-element_type=\"widget\" data-widget_type=\"button.default\">\n\t\t\t\t<div class=\"elementor-widget-container\">\n\t\t\t\t\t<div class=\"elementor-button-wrapper\">\n\t\t\t<a href=\"https:\/\/www.tecniplant.it\/wp-content\/uploads\/2022\/10\/UNI-ISO-45001-2018-50-100-13111-Rev.003.pdf\" target=\"_blank\" class=\"elementor-button-link elementor-button elementor-size-sm\" role=\"button\">\n\t\t\t\t\t\t<span class=\"elementor-button-content-wrapper\">\n\t\t\t\t\t\t<span class=\"elementor-button-text\">Descarga el PDF - UNI EN ISO 45001-2018<\/span>\n\t\t<\/span>\n\t\t\t\t\t<\/a>\n\t\t<\/div>\n\t\t\t\t<\/div>\n\t\t\t\t<\/div>\n\t\t\t\t<div class=\"elementor-element elementor-element-e0fbaac elementor-widget elementor-widget-button\" data-id=\"e0fbaac\" data-element_type=\"widget\" data-widget_type=\"button.default\">\n\t\t\t\t<div class=\"elementor-widget-container\">\n\t\t\t\t\t<div class=\"elementor-button-wrapper\">\n\t\t\t<a href=\"https:\/\/www.tecniplant.it\/wp-content\/uploads\/2022\/10\/UNI-EN-ISO-14001-2015-50-100-13110-Rev.002.pdf\" target=\"_blank\" class=\"elementor-button-link elementor-button elementor-size-sm\" role=\"button\">\n\t\t\t\t\t\t<span class=\"elementor-button-content-wrapper\">\n\t\t\t\t\t\t<span class=\"elementor-button-text\">Descarga el PDF - UNI EN ISO 14001-2015<\/span>\n\t\t<\/span>\n\t\t\t\t\t<\/a>\n\t\t<\/div>\n\t\t\t\t<\/div>\n\t\t\t\t<\/div>\n\t\t\t\t\t<\/div>\n\t\t<\/div>\n\t\t\t\t\t\t\t<\/div>\n\t\t<\/section>\n\t\t\t\t<section class=\"elementor-section elementor-top-section elementor-element elementor-element-1172372 elementor-section-full_width elementor-section-height-default elementor-section-height-default\" data-id=\"1172372\" data-element_type=\"section\">\n\t\t\t\t\t\t<div class=\"elementor-container elementor-column-gap-default\">\n\t\t\t\t\t<div class=\"elementor-column elementor-col-100 elementor-top-column elementor-element elementor-element-ad734eb\" data-id=\"ad734eb\" data-element_type=\"column\" data-settings=\"{&quot;background_background&quot;:&quot;classic&quot;}\">\n\t\t\t<div class=\"elementor-widget-wrap elementor-element-populated\">\n\t\t\t\t\t\t\t\t<div class=\"elementor-element elementor-element-bb9b3e0 elementor-widget elementor-widget-heading\" data-id=\"bb9b3e0\" data-element_type=\"widget\" data-widget_type=\"heading.default\">\n\t\t\t\t<div class=\"elementor-widget-container\">\n\t\t\t<h2 class=\"elementor-heading-title elementor-size-default\">LAS CONDICIONES GENERALES DE COMPRA TECNIPLANT <\/h2>\t\t<\/div>\n\t\t\t\t<\/div>\n\t\t\t\t<div class=\"elementor-element elementor-element-3d69005 elementor-widget elementor-widget-text-editor\" data-id=\"3d69005\" data-element_type=\"widget\" data-widget_type=\"text-editor.default\">\n\t\t\t\t<div class=\"elementor-widget-container\">\n\t\t\t\t\t\t\t<p>Con el fin de hacer que la relaci\u00f3n con los proveedores sea lo m\u00e1s <strong>transparente<\/strong> posible, hemos decidido explicitar entre los documentos TECNIPLANT nuestras <strong>Condiciones generales de compra<\/strong>.<\/p><p>\u00a0<\/p><p>Las condiciones generales de compra constituyen una <strong>parte integral y esencial<\/strong> de cada orden de compra.<\/p><p>\u00a0<\/p><p>En particular, estas condiciones <strong>regulan todas las relaciones contractuales<\/strong> entre TECNIPLANT y el proveedor y prevalecen sobre cualquier disposici\u00f3n diferente contenida en las condiciones generales o particulares de venta o confirmaci\u00f3n de pedido del proveedor.<\/p><p>\u00a0<\/p><p>En esta \u00e1rea es posible tomar nota de todo el documento dedicado a las Condiciones generales de compra.<\/p>\t\t\t\t\t\t<\/div>\n\t\t\t\t<\/div>\n\t\t\t\t<div class=\"elementor-element elementor-element-da2274b elementor-widget elementor-widget-button\" data-id=\"da2274b\" data-element_type=\"widget\" data-widget_type=\"button.default\">\n\t\t\t\t<div class=\"elementor-widget-container\">\n\t\t\t\t\t<div class=\"elementor-button-wrapper\">\n\t\t\t<a href=\"https:\/\/www.tecniplant.it\/wp-content\/uploads\/2022\/10\/Allegato-5-Condizioni-Gen-Acquisto-ITA.pdf\" target=\"_blank\" class=\"elementor-button-link elementor-button elementor-size-sm\" role=\"button\">\n\t\t\t\t\t\t<span class=\"elementor-button-content-wrapper\">\n\t\t\t\t\t\t<span class=\"elementor-button-text\">Descarga el PDF<\/span>\n\t\t<\/span>\n\t\t\t\t\t<\/a>\n\t\t<\/div>\n\t\t\t\t<\/div>\n\t\t\t\t<\/div>\n\t\t\t\t\t<\/div>\n\t\t<\/div>\n\t\t\t\t\t\t\t<\/div>\n\t\t<\/section>\n\t\t\t\t<section class=\"elementor-section elementor-top-section elementor-element elementor-element-8b62c96 elementor-section-boxed elementor-section-height-default elementor-section-height-default\" data-id=\"8b62c96\" data-element_type=\"section\">\n\t\t\t\t\t\t<div class=\"elementor-container elementor-column-gap-default\">\n\t\t\t\t\t<div class=\"elementor-column elementor-col-100 elementor-top-column elementor-element elementor-element-b2623e3\" data-id=\"b2623e3\" data-element_type=\"column\">\n\t\t\t<div class=\"elementor-widget-wrap elementor-element-populated\">\n\t\t\t\t\t\t\t\t<div class=\"elementor-element elementor-element-65b61cb elementor-align-center elementor-widget elementor-widget-button\" data-id=\"65b61cb\" data-element_type=\"widget\" data-widget_type=\"button.default\">\n\t\t\t\t<div class=\"elementor-widget-container\">\n\t\t\t\t\t<div class=\"elementor-button-wrapper\">\n\t\t\t<a href=\"https:\/\/www.tecniplant.it\/es\/contactos-tecniplant-damos-forma-a-tus-ideas\/\" class=\"elementor-button-link elementor-button elementor-size-sm\" role=\"button\">\n\t\t\t\t\t\t<span class=\"elementor-button-content-wrapper\">\n\t\t\t\t\t\t<span class=\"elementor-button-text\">P\u00f3ngase en contacto con nosotros para m\u00e1s informaci\u00f3n <\/span>\n\t\t<\/span>\n\t\t\t\t\t<\/a>\n\t\t<\/div>\n\t\t\t\t<\/div>\n\t\t\t\t<\/div>\n\t\t\t\t\t<\/div>\n\t\t<\/div>\n\t\t\t\t\t\t\t<\/div>\n\t\t<\/section>\n\t\t\t\t\t\t\t<\/div>\n\t\t","protected":false},"excerpt":{"rendered":"<p>DOCUMENTOS TECNIPLANT Desde 1974, TECNIPLANT es sin\u00f3nimo de innovaci\u00f3n y tecnolog\u00eda de vanguardia. En esta secci\u00f3n hemos recopilado los documentos TECNIPLANT que cuentan nuestra historia, describen nuestras metas y hablan de nuestros objetivos futuros. EL C\u00d3DIGO \u00c9TICO DE TECNIPLANT El C\u00f3digo \u00c9tico es uno de los documentos TECNIPLANT que define con claridad y transparencia el [&hellip;]<\/p>\n","protected":false},"author":1,"featured_media":0,"parent":0,"menu_order":0,"comment_status":"closed","ping_status":"closed","template":"elementor_header_footer","meta":[],"yoast_head":"<!-- This site is optimized with the Yoast SEO plugin v19.13 - https:\/\/yoast.com\/wordpress\/plugins\/seo\/ -->\n<title>Documentos Tecniplant - Soluciones Separaci\u00f3n S\u00f3lido-L\u00edquido<\/title>\n<meta name=\"description\" content=\"Documentos Tecniplant: C\u00f3digo \u00c9tico, Certificaciones, Pol\u00edtica Medioambiental, Seguridad y Condiciones Generales de Compra. Descubra m\u00e1s!\" \/>\n<meta name=\"robots\" content=\"index, follow, max-snippet:-1, max-image-preview:large, max-video-preview:-1\" \/>\n<link rel=\"canonical\" href=\"https:\/\/www.tecniplant.it\/es\/documentos-tecniplant\/\" \/>\n<meta property=\"og:locale\" content=\"es_ES\" \/>\n<meta property=\"og:type\" content=\"article\" \/>\n<meta property=\"og:title\" content=\"Documentos Tecniplant - Soluciones Separaci\u00f3n S\u00f3lido-L\u00edquido\" \/>\n<meta property=\"og:description\" content=\"Documentos Tecniplant: C\u00f3digo \u00c9tico, Certificaciones, Pol\u00edtica Medioambiental, Seguridad y Condiciones Generales de Compra. Descubra m\u00e1s!\" \/>\n<meta property=\"og:url\" content=\"https:\/\/www.tecniplant.it\/es\/documentos-tecniplant\/\" \/>\n<meta property=\"og:site_name\" content=\"Tecniplant\" \/>\n<meta property=\"article:modified_time\" content=\"2023-04-19T14:09:16+00:00\" \/>\n<meta name=\"twitter:card\" content=\"summary_large_image\" \/>\n<meta name=\"twitter:label1\" content=\"Tiempo de lectura\" \/>\n\t<meta name=\"twitter:data1\" content=\"3 minutos\" \/>\n<script type=\"application\/ld+json\" class=\"yoast-schema-graph\">{\"@context\":\"https:\/\/schema.org\",\"@graph\":[{\"@type\":\"WebPage\",\"@id\":\"https:\/\/www.tecniplant.it\/es\/documentos-tecniplant\/\",\"url\":\"https:\/\/www.tecniplant.it\/es\/documentos-tecniplant\/\",\"name\":\"Documentos Tecniplant - Soluciones Separaci\u00f3n S\u00f3lido-L\u00edquido\",\"isPartOf\":{\"@id\":\"https:\/\/www.tecniplant.it\/#website\"},\"datePublished\":\"2022-08-02T08:19:31+00:00\",\"dateModified\":\"2023-04-19T14:09:16+00:00\",\"description\":\"Documentos Tecniplant: C\u00f3digo \u00c9tico, Certificaciones, Pol\u00edtica Medioambiental, Seguridad y Condiciones Generales de Compra. Descubra m\u00e1s!\",\"breadcrumb\":{\"@id\":\"https:\/\/www.tecniplant.it\/es\/documentos-tecniplant\/#breadcrumb\"},\"inLanguage\":\"es\",\"potentialAction\":[{\"@type\":\"ReadAction\",\"target\":[\"https:\/\/www.tecniplant.it\/es\/documentos-tecniplant\/\"]}]},{\"@type\":\"BreadcrumbList\",\"@id\":\"https:\/\/www.tecniplant.it\/es\/documentos-tecniplant\/#breadcrumb\",\"itemListElement\":[{\"@type\":\"ListItem\",\"position\":1,\"name\":\"Home\",\"item\":\"https:\/\/www.tecniplant.it\/es\/\"},{\"@type\":\"ListItem\",\"position\":2,\"name\":\"DOCUMENTOS\"}]},{\"@type\":\"WebSite\",\"@id\":\"https:\/\/www.tecniplant.it\/#website\",\"url\":\"https:\/\/www.tecniplant.it\/\",\"name\":\"Tecniplant\",\"description\":\"Il futuro inizia adesso\",\"publisher\":{\"@id\":\"https:\/\/www.tecniplant.it\/#organization\"},\"potentialAction\":[{\"@type\":\"SearchAction\",\"target\":{\"@type\":\"EntryPoint\",\"urlTemplate\":\"https:\/\/www.tecniplant.it\/?s={search_term_string}\"},\"query-input\":\"required name=search_term_string\"}],\"inLanguage\":\"es\"},{\"@type\":\"Organization\",\"@id\":\"https:\/\/www.tecniplant.it\/#organization\",\"name\":\"Tecniplant\",\"url\":\"https:\/\/www.tecniplant.it\/\",\"logo\":{\"@type\":\"ImageObject\",\"inLanguage\":\"es\",\"@id\":\"https:\/\/www.tecniplant.it\/#\/schema\/logo\/image\/\",\"url\":\"https:\/\/www.tecniplant.it\/wp-content\/uploads\/2022\/07\/Tecniplant_logo.png\",\"contentUrl\":\"https:\/\/www.tecniplant.it\/wp-content\/uploads\/2022\/07\/Tecniplant_logo.png\",\"width\":1601,\"height\":350,\"caption\":\"Tecniplant\"},\"image\":{\"@id\":\"https:\/\/www.tecniplant.it\/#\/schema\/logo\/image\/\"}}]}<\/script>\n<!-- \/ Yoast SEO plugin. -->","yoast_head_json":{"title":"Documentos Tecniplant - Soluciones Separaci\u00f3n S\u00f3lido-L\u00edquido","description":"Documentos Tecniplant: C\u00f3digo \u00c9tico, Certificaciones, Pol\u00edtica Medioambiental, Seguridad y Condiciones Generales de Compra. Descubra m\u00e1s!","robots":{"index":"index","follow":"follow","max-snippet":"max-snippet:-1","max-image-preview":"max-image-preview:large","max-video-preview":"max-video-preview:-1"},"canonical":"https:\/\/www.tecniplant.it\/es\/documentos-tecniplant\/","og_locale":"es_ES","og_type":"article","og_title":"Documentos Tecniplant - Soluciones Separaci\u00f3n S\u00f3lido-L\u00edquido","og_description":"Documentos Tecniplant: C\u00f3digo \u00c9tico, Certificaciones, Pol\u00edtica Medioambiental, Seguridad y Condiciones Generales de Compra. Descubra m\u00e1s!","og_url":"https:\/\/www.tecniplant.it\/es\/documentos-tecniplant\/","og_site_name":"Tecniplant","article_modified_time":"2023-04-19T14:09:16+00:00","twitter_card":"summary_large_image","twitter_misc":{"Tiempo de lectura":"3 minutos"},"schema":{"@context":"https:\/\/schema.org","@graph":[{"@type":"WebPage","@id":"https:\/\/www.tecniplant.it\/es\/documentos-tecniplant\/","url":"https:\/\/www.tecniplant.it\/es\/documentos-tecniplant\/","name":"Documentos Tecniplant - Soluciones Separaci\u00f3n S\u00f3lido-L\u00edquido","isPartOf":{"@id":"https:\/\/www.tecniplant.it\/#website"},"datePublished":"2022-08-02T08:19:31+00:00","dateModified":"2023-04-19T14:09:16+00:00","description":"Documentos Tecniplant: C\u00f3digo \u00c9tico, Certificaciones, Pol\u00edtica Medioambiental, Seguridad y Condiciones Generales de Compra. Descubra m\u00e1s!","breadcrumb":{"@id":"https:\/\/www.tecniplant.it\/es\/documentos-tecniplant\/#breadcrumb"},"inLanguage":"es","potentialAction":[{"@type":"ReadAction","target":["https:\/\/www.tecniplant.it\/es\/documentos-tecniplant\/"]}]},{"@type":"BreadcrumbList","@id":"https:\/\/www.tecniplant.it\/es\/documentos-tecniplant\/#breadcrumb","itemListElement":[{"@type":"ListItem","position":1,"name":"Home","item":"https:\/\/www.tecniplant.it\/es\/"},{"@type":"ListItem","position":2,"name":"DOCUMENTOS"}]},{"@type":"WebSite","@id":"https:\/\/www.tecniplant.it\/#website","url":"https:\/\/www.tecniplant.it\/","name":"Tecniplant","description":"Il futuro inizia adesso","publisher":{"@id":"https:\/\/www.tecniplant.it\/#organization"},"potentialAction":[{"@type":"SearchAction","target":{"@type":"EntryPoint","urlTemplate":"https:\/\/www.tecniplant.it\/?s={search_term_string}"},"query-input":"required name=search_term_string"}],"inLanguage":"es"},{"@type":"Organization","@id":"https:\/\/www.tecniplant.it\/#organization","name":"Tecniplant","url":"https:\/\/www.tecniplant.it\/","logo":{"@type":"ImageObject","inLanguage":"es","@id":"https:\/\/www.tecniplant.it\/#\/schema\/logo\/image\/","url":"https:\/\/www.tecniplant.it\/wp-content\/uploads\/2022\/07\/Tecniplant_logo.png","contentUrl":"https:\/\/www.tecniplant.it\/wp-content\/uploads\/2022\/07\/Tecniplant_logo.png","width":1601,"height":350,"caption":"Tecniplant"},"image":{"@id":"https:\/\/www.tecniplant.it\/#\/schema\/logo\/image\/"}}]}},"_links":{"self":[{"href":"https:\/\/www.tecniplant.it\/es\/wp-json\/wp\/v2\/pages\/5349"}],"collection":[{"href":"https:\/\/www.tecniplant.it\/es\/wp-json\/wp\/v2\/pages"}],"about":[{"href":"https:\/\/www.tecniplant.it\/es\/wp-json\/wp\/v2\/types\/page"}],"author":[{"embeddable":true,"href":"https:\/\/www.tecniplant.it\/es\/wp-json\/wp\/v2\/users\/1"}],"replies":[{"embeddable":true,"href":"https:\/\/www.tecniplant.it\/es\/wp-json\/wp\/v2\/comments?post=5349"}],"version-history":[{"count":13,"href":"https:\/\/www.tecniplant.it\/es\/wp-json\/wp\/v2\/pages\/5349\/revisions"}],"predecessor-version":[{"id":6185,"href":"https:\/\/www.tecniplant.it\/es\/wp-json\/wp\/v2\/pages\/5349\/revisions\/6185"}],"wp:attachment":[{"href":"https:\/\/www.tecniplant.it\/es\/wp-json\/wp\/v2\/media?parent=5349"}],"curies":[{"name":"wp","href":"https:\/\/api.w.org\/{rel}","templated":true}]}}