{"id":5323,"date":"2022-08-02T10:33:29","date_gmt":"2022-08-02T10:33:29","guid":{"rendered":"https:\/\/www.tecniplant.it\/aftermarket\/"},"modified":"2023-04-19T14:09:03","modified_gmt":"2023-04-19T14:09:03","slug":"servicios-aftermarket-de-tecniplant","status":"publish","type":"page","link":"https:\/\/www.tecniplant.it\/es\/servicios-aftermarket-de-tecniplant\/","title":{"rendered":"AFTERMARKET"},"content":{"rendered":"\t\t<div data-elementor-type=\"wp-page\" data-elementor-id=\"5323\" class=\"elementor elementor-5323 elementor-969\">\n\t\t\t\t\t\t\t\t\t<section class=\"elementor-section elementor-top-section elementor-element elementor-element-6838597 elementor-section-height-min-height elementor-section-items-bottom elementor-section-boxed elementor-section-height-default\" data-id=\"6838597\" data-element_type=\"section\" data-settings=\"{&quot;background_background&quot;:&quot;classic&quot;}\">\n\t\t\t\t\t\t\t<div class=\"elementor-background-overlay\"><\/div>\n\t\t\t\t\t\t\t<div class=\"elementor-container elementor-column-gap-no\">\n\t\t\t\t\t<div class=\"elementor-column elementor-col-100 elementor-top-column elementor-element elementor-element-046dbab\" data-id=\"046dbab\" data-element_type=\"column\">\n\t\t\t<div class=\"elementor-widget-wrap elementor-element-populated\">\n\t\t\t\t\t\t\t\t<div class=\"elementor-element elementor-element-4052892 elementor-widget elementor-widget-heading\" data-id=\"4052892\" data-element_type=\"widget\" data-widget_type=\"heading.default\">\n\t\t\t\t<div class=\"elementor-widget-container\">\n\t\t\t<style>\/*! elementor - v3.11.5 - 14-03-2023 *\/\n.elementor-heading-title{padding:0;margin:0;line-height:1}.elementor-widget-heading .elementor-heading-title[class*=elementor-size-]>a{color:inherit;font-size:inherit;line-height:inherit}.elementor-widget-heading .elementor-heading-title.elementor-size-small{font-size:15px}.elementor-widget-heading .elementor-heading-title.elementor-size-medium{font-size:19px}.elementor-widget-heading .elementor-heading-title.elementor-size-large{font-size:29px}.elementor-widget-heading .elementor-heading-title.elementor-size-xl{font-size:39px}.elementor-widget-heading .elementor-heading-title.elementor-size-xxl{font-size:59px}<\/style><h1 class=\"elementor-heading-title elementor-size-default\">SERVICIOS AFTERMARKET DE TECNIPLANT <\/h1>\t\t<\/div>\n\t\t\t\t<\/div>\n\t\t\t\t\t<\/div>\n\t\t<\/div>\n\t\t\t\t\t\t\t<\/div>\n\t\t<\/section>\n\t\t\t\t<section class=\"elementor-section elementor-top-section elementor-element elementor-element-1f90ae5 elementor-section-full_width elementor-section-height-default elementor-section-height-default\" data-id=\"1f90ae5\" data-element_type=\"section\">\n\t\t\t\t\t\t<div class=\"elementor-container elementor-column-gap-default\">\n\t\t\t\t\t<div class=\"elementor-column elementor-col-50 elementor-top-column elementor-element elementor-element-a4e22de\" data-id=\"a4e22de\" data-element_type=\"column\">\n\t\t\t<div class=\"elementor-widget-wrap elementor-element-populated\">\n\t\t\t\t\t\t\t\t<div class=\"elementor-element elementor-element-1e782a3 elementor-widget elementor-widget-image\" data-id=\"1e782a3\" data-element_type=\"widget\" data-widget_type=\"image.default\">\n\t\t\t\t<div class=\"elementor-widget-container\">\n\t\t\t<style>\/*! elementor - v3.11.5 - 14-03-2023 *\/\n.elementor-widget-image{text-align:center}.elementor-widget-image a{display:inline-block}.elementor-widget-image a img[src$=\".svg\"]{width:48px}.elementor-widget-image img{vertical-align:middle;display:inline-block}<\/style>\t\t\t\t\t\t\t\t\t\t\t\t<img decoding=\"async\" width=\"512\" height=\"512\" src=\"https:\/\/www.tecniplant.it\/wp-content\/uploads\/2022\/08\/call-center.png\" class=\"attachment-large size-large wp-image-469\" alt=\"Servizio post-vendita Tecniplant\" loading=\"lazy\" srcset=\"https:\/\/www.tecniplant.it\/wp-content\/uploads\/2022\/08\/call-center.png 512w, https:\/\/www.tecniplant.it\/wp-content\/uploads\/2022\/08\/call-center-300x300.png 300w, https:\/\/www.tecniplant.it\/wp-content\/uploads\/2022\/08\/call-center-150x150.png 150w\" sizes=\"(max-width: 512px) 100vw, 512px\" \/>\t\t\t\t\t\t\t\t\t\t\t\t\t\t\t<\/div>\n\t\t\t\t<\/div>\n\t\t\t\t\t<\/div>\n\t\t<\/div>\n\t\t\t\t<div class=\"elementor-column elementor-col-50 elementor-top-column elementor-element elementor-element-859ca34\" data-id=\"859ca34\" data-element_type=\"column\">\n\t\t\t<div class=\"elementor-widget-wrap elementor-element-populated\">\n\t\t\t\t\t\t\t\t<div class=\"elementor-element elementor-element-9154c06 elementor-widget elementor-widget-text-editor\" data-id=\"9154c06\" data-element_type=\"widget\" data-widget_type=\"text-editor.default\">\n\t\t\t\t<div class=\"elementor-widget-container\">\n\t\t\t<style>\/*! elementor - v3.11.5 - 14-03-2023 *\/\n.elementor-widget-text-editor.elementor-drop-cap-view-stacked .elementor-drop-cap{background-color:#818a91;color:#fff}.elementor-widget-text-editor.elementor-drop-cap-view-framed .elementor-drop-cap{color:#818a91;border:3px solid;background-color:transparent}.elementor-widget-text-editor:not(.elementor-drop-cap-view-default) .elementor-drop-cap{margin-top:8px}.elementor-widget-text-editor:not(.elementor-drop-cap-view-default) .elementor-drop-cap-letter{width:1em;height:1em}.elementor-widget-text-editor .elementor-drop-cap{float:left;text-align:center;line-height:1;font-size:50px}.elementor-widget-text-editor .elementor-drop-cap-letter{display:inline-block}<\/style>\t\t\t\t<p>Estamos convencidos de que la relaci\u00f3n con el cliente no termina una vez realizado un sistema o vendida una maquinaria. Por esto ponemos a disposici\u00f3n de nuestros clientes el <strong>servicio de Aftermarket TECNIPLANT<\/strong>.<\/p><p>\u00a0<\/p><p>En particular, a trav\u00e9s de nuestro servicio postventa garantizamos:<\/p><ul><li><b>Asistencia t\u00e9cnica cualificada constante <\/b><\/li><li><b>Recambios originales<\/b><\/li><li><b>Revamping <\/b><\/li><li><b>Modernizaci\u00f3n<\/b><\/li><\/ul><p>\u00a0<\/p><p>Cuando los clientes se dirigen a nosotros ven una realidad con una experiencia de cincuenta a\u00f1os. Enriquecemos este dato de hecho, con nuestros <strong>servicios<\/strong> y <strong>soluciones<\/strong> , pero tambi\u00e9n con la promesa de una <strong>b\u00fasqueda constante de soluciones innovadoras<\/strong>, la <strong>fiabilidad<\/strong> y la <strong>durabilidad de los sistemas<\/strong> suministrados.<\/p><p>\u00a0<\/p><p>A estas promesas a\u00f1adimos tambi\u00e9n la <strong>b\u00fasqueda constante de di\u00e1logo<\/strong> y la <strong>colaboraci\u00f3n con los Clientes<\/strong>, es con ellos que interactuamos cotidianamente y consideramos que la calidad relacional sea tan importante como la de un producto.<\/p><p>\u00a0<\/p><p>En otras palabras, a trav\u00e9s del <strong>servicio postventa<\/strong> queremos cuidar de nuestros clientes.<\/p>\t\t\t\t\t\t<\/div>\n\t\t\t\t<\/div>\n\t\t\t\t\t<\/div>\n\t\t<\/div>\n\t\t\t\t\t\t\t<\/div>\n\t\t<\/section>\n\t\t\t\t<section class=\"elementor-section elementor-top-section elementor-element elementor-element-fa24ddc elementor-section-full_width elementor-section-height-default elementor-section-height-default\" data-id=\"fa24ddc\" data-element_type=\"section\" data-settings=\"{&quot;background_background&quot;:&quot;classic&quot;}\">\n\t\t\t\t\t\t<div class=\"elementor-container elementor-column-gap-default\">\n\t\t\t\t\t<div class=\"elementor-column elementor-col-100 elementor-top-column elementor-element elementor-element-7f9a20e\" data-id=\"7f9a20e\" data-element_type=\"column\">\n\t\t\t<div class=\"elementor-widget-wrap elementor-element-populated\">\n\t\t\t\t\t\t\t\t<div class=\"elementor-element elementor-element-b9ef411 elementor-widget elementor-widget-heading\" data-id=\"b9ef411\" data-element_type=\"widget\" data-widget_type=\"heading.default\">\n\t\t\t\t<div class=\"elementor-widget-container\">\n\t\t\t<h2 class=\"elementor-heading-title elementor-size-default\">ASISTENCIA T\u00c9CNICA CONSTANTE CON EL SERVICIO DE POSVENTA TECNIPLANT <\/h2>\t\t<\/div>\n\t\t\t\t<\/div>\n\t\t\t\t<div class=\"elementor-element elementor-element-1be059f elementor-widget elementor-widget-spacer\" data-id=\"1be059f\" data-element_type=\"widget\" data-widget_type=\"spacer.default\">\n\t\t\t\t<div class=\"elementor-widget-container\">\n\t\t\t<style>\/*! elementor - v3.11.5 - 14-03-2023 *\/\n.elementor-column .elementor-spacer-inner{height:var(--spacer-size)}.e-con{--container-widget-width:100%}.e-con-inner>.elementor-widget-spacer,.e-con>.elementor-widget-spacer{width:var(--container-widget-width,var(--spacer-size));--align-self:var(--container-widget-align-self,initial);--flex-shrink:0}.e-con-inner>.elementor-widget-spacer>.elementor-widget-container,.e-con-inner>.elementor-widget-spacer>.elementor-widget-container>.elementor-spacer,.e-con>.elementor-widget-spacer>.elementor-widget-container,.e-con>.elementor-widget-spacer>.elementor-widget-container>.elementor-spacer{height:100%}.e-con-inner>.elementor-widget-spacer>.elementor-widget-container>.elementor-spacer>.elementor-spacer-inner,.e-con>.elementor-widget-spacer>.elementor-widget-container>.elementor-spacer>.elementor-spacer-inner{height:var(--container-widget-height,var(--spacer-size))}<\/style>\t\t<div class=\"elementor-spacer\">\n\t\t\t<div class=\"elementor-spacer-inner\"><\/div>\n\t\t<\/div>\n\t\t\t\t<\/div>\n\t\t\t\t<\/div>\n\t\t\t\t<div class=\"elementor-element elementor-element-c547b62 elementor-widget elementor-widget-text-editor\" data-id=\"c547b62\" data-element_type=\"widget\" data-widget_type=\"text-editor.default\">\n\t\t\t\t<div class=\"elementor-widget-container\">\n\t\t\t\t\t\t\t<p>Uno de los elementos clave de nuestro <strong>servicio postventa<\/strong> es la posibilidad de acceder a la <strong>asistencia t\u00e9cnica constante a lo largo del tiempo<\/strong>.<\/p><p>Espec\u00edficamente, hemos pensado en un soporte t\u00e9cnico constante proporcionado por <strong>t\u00e9cnicos calificados<\/strong> capaces de <strong>apoyar y dar soporte al cliente<\/strong> durante todo el ciclo de vida del producto.<\/p><p>Asistimos al cliente a partir de la elecci\u00f3n de la <strong>soluci\u00f3n m\u00e1s adecuada<\/strong> a sus necesidades y, una vez encontrada, le ofrecemos la posibilidad de beneficiarse con un <strong>soporte<\/strong> siempre a su disposici\u00f3n.<\/p>\t\t\t\t\t\t<\/div>\n\t\t\t\t<\/div>\n\t\t\t\t\t<\/div>\n\t\t<\/div>\n\t\t\t\t\t\t\t<\/div>\n\t\t<\/section>\n\t\t\t\t<section class=\"elementor-section elementor-top-section elementor-element elementor-element-fc9eae0 elementor-section-full_width elementor-section-height-default elementor-section-height-default\" data-id=\"fc9eae0\" data-element_type=\"section\" data-settings=\"{&quot;background_background&quot;:&quot;classic&quot;}\">\n\t\t\t\t\t\t<div class=\"elementor-container elementor-column-gap-default\">\n\t\t\t\t\t<div class=\"elementor-column elementor-col-100 elementor-top-column elementor-element elementor-element-35aa9e1\" data-id=\"35aa9e1\" data-element_type=\"column\">\n\t\t\t<div class=\"elementor-widget-wrap elementor-element-populated\">\n\t\t\t\t\t\t\t\t<div class=\"elementor-element elementor-element-9fed6ca elementor-widget elementor-widget-heading\" data-id=\"9fed6ca\" data-element_type=\"widget\" data-widget_type=\"heading.default\">\n\t\t\t\t<div class=\"elementor-widget-container\">\n\t\t\t<h2 class=\"elementor-heading-title elementor-size-default\">SERVICIO POSTVENTA TECNIPLANT: PIEZAS DE RECAMBIO ORIGINALES <\/h2>\t\t<\/div>\n\t\t\t\t<\/div>\n\t\t\t\t<div class=\"elementor-element elementor-element-7569b3b elementor-widget elementor-widget-spacer\" data-id=\"7569b3b\" data-element_type=\"widget\" data-widget_type=\"spacer.default\">\n\t\t\t\t<div class=\"elementor-widget-container\">\n\t\t\t\t\t<div class=\"elementor-spacer\">\n\t\t\t<div class=\"elementor-spacer-inner\"><\/div>\n\t\t<\/div>\n\t\t\t\t<\/div>\n\t\t\t\t<\/div>\n\t\t\t\t<div class=\"elementor-element elementor-element-91971ba elementor-widget elementor-widget-text-editor\" data-id=\"91971ba\" data-element_type=\"widget\" data-widget_type=\"text-editor.default\">\n\t\t\t\t<div class=\"elementor-widget-container\">\n\t\t\t\t\t\t\t<p>Adem\u00e1s de la asistencia t\u00e9cnica personalizada, nuestro <strong>servicio postventa<\/strong> tambi\u00e9n ofrece la posibilidad de utilizar <strong>componentes de recambio originales de las maquinarias<\/strong>.<\/p><p>\u00a0<\/p><p>De este modo garantizamos al cliente tanto la <strong>integridad del sistema<\/strong> como la <strong>optimizaci\u00f3n de sus costes<\/strong>. De hecho, los <strong>componentes de recambio originales<\/strong> se integran perfectamente en la m\u00e1quina en la que se insertan y permiten no alterar el rendimiento del sistema.<\/p><p>\u00a0<\/p><p>Adem\u00e1s de las piezas de <strong>recambio originales<\/strong>, <strong>nuestro servicio postventa<\/strong> tambi\u00e9n incluye <strong>programas de mantenimiento<\/strong> que se desarrollan junto con el cliente y garantizan la <strong>continuidad operativa<\/strong> y la <strong>completa funcionalidad del sistema a lo largo del tiempo<\/strong>.<\/p>\t\t\t\t\t\t<\/div>\n\t\t\t\t<\/div>\n\t\t\t\t\t<\/div>\n\t\t<\/div>\n\t\t\t\t\t\t\t<\/div>\n\t\t<\/section>\n\t\t\t\t<section class=\"elementor-section elementor-top-section elementor-element elementor-element-786bd4e elementor-section-boxed elementor-section-height-default elementor-section-height-default\" data-id=\"786bd4e\" data-element_type=\"section\">\n\t\t\t\t\t\t<div class=\"elementor-container elementor-column-gap-default\">\n\t\t\t\t\t<div class=\"elementor-column elementor-col-50 elementor-top-column elementor-element elementor-element-80ba3fa\" data-id=\"80ba3fa\" data-element_type=\"column\">\n\t\t\t<div class=\"elementor-widget-wrap elementor-element-populated\">\n\t\t\t\t\t\t\t\t<div class=\"elementor-element elementor-element-7411233 elementor-align-center elementor-widget elementor-widget-button\" data-id=\"7411233\" data-element_type=\"widget\" data-widget_type=\"button.default\">\n\t\t\t\t<div class=\"elementor-widget-container\">\n\t\t\t\t\t<div class=\"elementor-button-wrapper\">\n\t\t\t<a href=\"https:\/\/www.tecniplant.it\/es\/servicios-de-tecniplant\/\" class=\"elementor-button-link elementor-button elementor-size-sm\" role=\"button\">\n\t\t\t\t\t\t<span class=\"elementor-button-content-wrapper\">\n\t\t\t\t\t\t<span class=\"elementor-button-text\">VOLVER A TODOS LOS SERVICIOS<\/span>\n\t\t<\/span>\n\t\t\t\t\t<\/a>\n\t\t<\/div>\n\t\t\t\t<\/div>\n\t\t\t\t<\/div>\n\t\t\t\t\t<\/div>\n\t\t<\/div>\n\t\t\t\t<div class=\"elementor-column elementor-col-50 elementor-top-column elementor-element elementor-element-ee13d87\" data-id=\"ee13d87\" data-element_type=\"column\">\n\t\t\t<div class=\"elementor-widget-wrap elementor-element-populated\">\n\t\t\t\t\t\t\t\t<div class=\"elementor-element elementor-element-96fc520 elementor-align-center elementor-widget elementor-widget-button\" data-id=\"96fc520\" data-element_type=\"widget\" data-widget_type=\"button.default\">\n\t\t\t\t<div class=\"elementor-widget-container\">\n\t\t\t\t\t<div class=\"elementor-button-wrapper\">\n\t\t\t<a href=\"https:\/\/www.tecniplant.it\/es\/contactos-tecniplant-damos-forma-a-tus-ideas\/\" class=\"elementor-button-link elementor-button elementor-size-sm\" role=\"button\">\n\t\t\t\t\t\t<span class=\"elementor-button-content-wrapper\">\n\t\t\t\t\t\t<span class=\"elementor-button-text\">P\u00f3ngase en contacto con nosotros para m\u00e1s informaci\u00f3n<\/span>\n\t\t<\/span>\n\t\t\t\t\t<\/a>\n\t\t<\/div>\n\t\t\t\t<\/div>\n\t\t\t\t<\/div>\n\t\t\t\t\t<\/div>\n\t\t<\/div>\n\t\t\t\t\t\t\t<\/div>\n\t\t<\/section>\n\t\t\t\t\t\t\t<\/div>\n\t\t","protected":false},"excerpt":{"rendered":"<p>SERVICIOS AFTERMARKET DE TECNIPLANT Estamos convencidos de que la relaci\u00f3n con el cliente no termina una vez realizado un sistema o vendida una maquinaria. Por esto ponemos a disposici\u00f3n de nuestros clientes el servicio de Aftermarket TECNIPLANT. \u00a0 En particular, a trav\u00e9s de nuestro servicio postventa garantizamos: Asistencia t\u00e9cnica cualificada constante Recambios originales Revamping Modernizaci\u00f3n [&hellip;]<\/p>\n","protected":false},"author":1,"featured_media":0,"parent":0,"menu_order":0,"comment_status":"closed","ping_status":"closed","template":"elementor_header_footer","meta":[],"yoast_head":"<!-- This site is optimized with the Yoast SEO plugin v19.13 - https:\/\/yoast.com\/wordpress\/plugins\/seo\/ -->\n<title>Revamping Sistemas Tratamiento Agua - Tecniplant<\/title>\n<meta name=\"description\" content=\"Revamping Sistemas de Tratamiento de Agua: Nos Encargamos de la Renovaci\u00f3n y Modernizaci\u00f3n de sus Tecnolog\u00edas Industriales. \u00a1Descubra m\u00e1s!\" \/>\n<meta name=\"robots\" content=\"index, follow, max-snippet:-1, max-image-preview:large, max-video-preview:-1\" \/>\n<link rel=\"canonical\" href=\"https:\/\/www.tecniplant.it\/es\/servicios-aftermarket-de-tecniplant\/\" \/>\n<meta property=\"og:locale\" content=\"es_ES\" \/>\n<meta property=\"og:type\" content=\"article\" \/>\n<meta property=\"og:title\" content=\"Revamping Sistemas Tratamiento Agua - Tecniplant\" \/>\n<meta property=\"og:description\" content=\"Revamping Sistemas de Tratamiento de Agua: Nos Encargamos de la Renovaci\u00f3n y Modernizaci\u00f3n de sus Tecnolog\u00edas Industriales. \u00a1Descubra m\u00e1s!\" \/>\n<meta property=\"og:url\" content=\"https:\/\/www.tecniplant.it\/es\/servicios-aftermarket-de-tecniplant\/\" \/>\n<meta property=\"og:site_name\" content=\"Tecniplant\" \/>\n<meta property=\"article:modified_time\" content=\"2023-04-19T14:09:03+00:00\" \/>\n<meta property=\"og:image\" content=\"https:\/\/www.tecniplant.it\/wp-content\/uploads\/2022\/08\/call-center.png\" \/>\n<meta name=\"twitter:card\" content=\"summary_large_image\" \/>\n<meta name=\"twitter:label1\" content=\"Tiempo de lectura\" \/>\n\t<meta name=\"twitter:data1\" content=\"2 minutos\" \/>\n<script type=\"application\/ld+json\" class=\"yoast-schema-graph\">{\"@context\":\"https:\/\/schema.org\",\"@graph\":[{\"@type\":\"WebPage\",\"@id\":\"https:\/\/www.tecniplant.it\/es\/servicios-aftermarket-de-tecniplant\/\",\"url\":\"https:\/\/www.tecniplant.it\/es\/servicios-aftermarket-de-tecniplant\/\",\"name\":\"Revamping Sistemas Tratamiento Agua - Tecniplant\",\"isPartOf\":{\"@id\":\"https:\/\/www.tecniplant.it\/#website\"},\"datePublished\":\"2022-08-02T10:33:29+00:00\",\"dateModified\":\"2023-04-19T14:09:03+00:00\",\"description\":\"Revamping Sistemas de Tratamiento de Agua: Nos Encargamos de la Renovaci\u00f3n y Modernizaci\u00f3n de sus Tecnolog\u00edas Industriales. \u00a1Descubra m\u00e1s!\",\"breadcrumb\":{\"@id\":\"https:\/\/www.tecniplant.it\/es\/servicios-aftermarket-de-tecniplant\/#breadcrumb\"},\"inLanguage\":\"es\",\"potentialAction\":[{\"@type\":\"ReadAction\",\"target\":[\"https:\/\/www.tecniplant.it\/es\/servicios-aftermarket-de-tecniplant\/\"]}]},{\"@type\":\"BreadcrumbList\",\"@id\":\"https:\/\/www.tecniplant.it\/es\/servicios-aftermarket-de-tecniplant\/#breadcrumb\",\"itemListElement\":[{\"@type\":\"ListItem\",\"position\":1,\"name\":\"Home\",\"item\":\"https:\/\/www.tecniplant.it\/es\/\"},{\"@type\":\"ListItem\",\"position\":2,\"name\":\"AFTERMARKET\"}]},{\"@type\":\"WebSite\",\"@id\":\"https:\/\/www.tecniplant.it\/#website\",\"url\":\"https:\/\/www.tecniplant.it\/\",\"name\":\"Tecniplant\",\"description\":\"Il futuro inizia adesso\",\"publisher\":{\"@id\":\"https:\/\/www.tecniplant.it\/#organization\"},\"potentialAction\":[{\"@type\":\"SearchAction\",\"target\":{\"@type\":\"EntryPoint\",\"urlTemplate\":\"https:\/\/www.tecniplant.it\/?s={search_term_string}\"},\"query-input\":\"required name=search_term_string\"}],\"inLanguage\":\"es\"},{\"@type\":\"Organization\",\"@id\":\"https:\/\/www.tecniplant.it\/#organization\",\"name\":\"Tecniplant\",\"url\":\"https:\/\/www.tecniplant.it\/\",\"logo\":{\"@type\":\"ImageObject\",\"inLanguage\":\"es\",\"@id\":\"https:\/\/www.tecniplant.it\/#\/schema\/logo\/image\/\",\"url\":\"https:\/\/www.tecniplant.it\/wp-content\/uploads\/2022\/07\/Tecniplant_logo.png\",\"contentUrl\":\"https:\/\/www.tecniplant.it\/wp-content\/uploads\/2022\/07\/Tecniplant_logo.png\",\"width\":1601,\"height\":350,\"caption\":\"Tecniplant\"},\"image\":{\"@id\":\"https:\/\/www.tecniplant.it\/#\/schema\/logo\/image\/\"}}]}<\/script>\n<!-- \/ Yoast SEO plugin. -->","yoast_head_json":{"title":"Revamping Sistemas Tratamiento Agua - Tecniplant","description":"Revamping Sistemas de Tratamiento de Agua: Nos Encargamos de la Renovaci\u00f3n y Modernizaci\u00f3n de sus Tecnolog\u00edas Industriales. \u00a1Descubra m\u00e1s!","robots":{"index":"index","follow":"follow","max-snippet":"max-snippet:-1","max-image-preview":"max-image-preview:large","max-video-preview":"max-video-preview:-1"},"canonical":"https:\/\/www.tecniplant.it\/es\/servicios-aftermarket-de-tecniplant\/","og_locale":"es_ES","og_type":"article","og_title":"Revamping Sistemas Tratamiento Agua - Tecniplant","og_description":"Revamping Sistemas de Tratamiento de Agua: Nos Encargamos de la Renovaci\u00f3n y Modernizaci\u00f3n de sus Tecnolog\u00edas Industriales. \u00a1Descubra m\u00e1s!","og_url":"https:\/\/www.tecniplant.it\/es\/servicios-aftermarket-de-tecniplant\/","og_site_name":"Tecniplant","article_modified_time":"2023-04-19T14:09:03+00:00","og_image":[{"url":"https:\/\/www.tecniplant.it\/wp-content\/uploads\/2022\/08\/call-center.png"}],"twitter_card":"summary_large_image","twitter_misc":{"Tiempo de lectura":"2 minutos"},"schema":{"@context":"https:\/\/schema.org","@graph":[{"@type":"WebPage","@id":"https:\/\/www.tecniplant.it\/es\/servicios-aftermarket-de-tecniplant\/","url":"https:\/\/www.tecniplant.it\/es\/servicios-aftermarket-de-tecniplant\/","name":"Revamping Sistemas Tratamiento Agua - Tecniplant","isPartOf":{"@id":"https:\/\/www.tecniplant.it\/#website"},"datePublished":"2022-08-02T10:33:29+00:00","dateModified":"2023-04-19T14:09:03+00:00","description":"Revamping Sistemas de Tratamiento de Agua: Nos Encargamos de la Renovaci\u00f3n y Modernizaci\u00f3n de sus Tecnolog\u00edas Industriales. \u00a1Descubra m\u00e1s!","breadcrumb":{"@id":"https:\/\/www.tecniplant.it\/es\/servicios-aftermarket-de-tecniplant\/#breadcrumb"},"inLanguage":"es","potentialAction":[{"@type":"ReadAction","target":["https:\/\/www.tecniplant.it\/es\/servicios-aftermarket-de-tecniplant\/"]}]},{"@type":"BreadcrumbList","@id":"https:\/\/www.tecniplant.it\/es\/servicios-aftermarket-de-tecniplant\/#breadcrumb","itemListElement":[{"@type":"ListItem","position":1,"name":"Home","item":"https:\/\/www.tecniplant.it\/es\/"},{"@type":"ListItem","position":2,"name":"AFTERMARKET"}]},{"@type":"WebSite","@id":"https:\/\/www.tecniplant.it\/#website","url":"https:\/\/www.tecniplant.it\/","name":"Tecniplant","description":"Il futuro inizia adesso","publisher":{"@id":"https:\/\/www.tecniplant.it\/#organization"},"potentialAction":[{"@type":"SearchAction","target":{"@type":"EntryPoint","urlTemplate":"https:\/\/www.tecniplant.it\/?s={search_term_string}"},"query-input":"required name=search_term_string"}],"inLanguage":"es"},{"@type":"Organization","@id":"https:\/\/www.tecniplant.it\/#organization","name":"Tecniplant","url":"https:\/\/www.tecniplant.it\/","logo":{"@type":"ImageObject","inLanguage":"es","@id":"https:\/\/www.tecniplant.it\/#\/schema\/logo\/image\/","url":"https:\/\/www.tecniplant.it\/wp-content\/uploads\/2022\/07\/Tecniplant_logo.png","contentUrl":"https:\/\/www.tecniplant.it\/wp-content\/uploads\/2022\/07\/Tecniplant_logo.png","width":1601,"height":350,"caption":"Tecniplant"},"image":{"@id":"https:\/\/www.tecniplant.it\/#\/schema\/logo\/image\/"}}]}},"_links":{"self":[{"href":"https:\/\/www.tecniplant.it\/es\/wp-json\/wp\/v2\/pages\/5323"}],"collection":[{"href":"https:\/\/www.tecniplant.it\/es\/wp-json\/wp\/v2\/pages"}],"about":[{"href":"https:\/\/www.tecniplant.it\/es\/wp-json\/wp\/v2\/types\/page"}],"author":[{"embeddable":true,"href":"https:\/\/www.tecniplant.it\/es\/wp-json\/wp\/v2\/users\/1"}],"replies":[{"embeddable":true,"href":"https:\/\/www.tecniplant.it\/es\/wp-json\/wp\/v2\/comments?post=5323"}],"version-history":[{"count":13,"href":"https:\/\/www.tecniplant.it\/es\/wp-json\/wp\/v2\/pages\/5323\/revisions"}],"predecessor-version":[{"id":6184,"href":"https:\/\/www.tecniplant.it\/es\/wp-json\/wp\/v2\/pages\/5323\/revisions\/6184"}],"wp:attachment":[{"href":"https:\/\/www.tecniplant.it\/es\/wp-json\/wp\/v2\/media?parent=5323"}],"curies":[{"name":"wp","href":"https:\/\/api.w.org\/{rel}","templated":true}]}}