{"id":5314,"date":"2022-08-02T10:25:26","date_gmt":"2022-08-02T10:25:26","guid":{"rendered":"https:\/\/www.tecniplant.it\/pilot-units\/"},"modified":"2023-04-19T14:07:25","modified_gmt":"2023-04-19T14:07:25","slug":"pilot-units","status":"publish","type":"page","link":"https:\/\/www.tecniplant.it\/es\/pilot-units\/","title":{"rendered":"INSTALACIONES PILOTO"},"content":{"rendered":"\t\t<div data-elementor-type=\"wp-page\" data-elementor-id=\"5314\" class=\"elementor elementor-5314 elementor-966\">\n\t\t\t\t\t\t\t\t\t<section class=\"elementor-section elementor-top-section elementor-element elementor-element-6838597 elementor-section-height-min-height elementor-section-items-bottom elementor-section-boxed elementor-section-height-default\" data-id=\"6838597\" data-element_type=\"section\" data-settings=\"{&quot;background_background&quot;:&quot;classic&quot;}\">\n\t\t\t\t\t\t\t<div class=\"elementor-background-overlay\"><\/div>\n\t\t\t\t\t\t\t<div class=\"elementor-container elementor-column-gap-no\">\n\t\t\t\t\t<div class=\"elementor-column elementor-col-100 elementor-top-column elementor-element elementor-element-046dbab\" data-id=\"046dbab\" data-element_type=\"column\">\n\t\t\t<div class=\"elementor-widget-wrap elementor-element-populated\">\n\t\t\t\t\t\t\t\t<div class=\"elementor-element elementor-element-4052892 elementor-widget elementor-widget-heading\" data-id=\"4052892\" data-element_type=\"widget\" data-widget_type=\"heading.default\">\n\t\t\t\t<div class=\"elementor-widget-container\">\n\t\t\t<style>\/*! elementor - v3.11.5 - 14-03-2023 *\/\n.elementor-heading-title{padding:0;margin:0;line-height:1}.elementor-widget-heading .elementor-heading-title[class*=elementor-size-]>a{color:inherit;font-size:inherit;line-height:inherit}.elementor-widget-heading .elementor-heading-title.elementor-size-small{font-size:15px}.elementor-widget-heading .elementor-heading-title.elementor-size-medium{font-size:19px}.elementor-widget-heading .elementor-heading-title.elementor-size-large{font-size:29px}.elementor-widget-heading .elementor-heading-title.elementor-size-xl{font-size:39px}.elementor-widget-heading .elementor-heading-title.elementor-size-xxl{font-size:59px}<\/style><h1 class=\"elementor-heading-title elementor-size-default\">INSTALACIONES PILOTO <\/h1>\t\t<\/div>\n\t\t\t\t<\/div>\n\t\t\t\t\t<\/div>\n\t\t<\/div>\n\t\t\t\t\t\t\t<\/div>\n\t\t<\/section>\n\t\t\t\t<section class=\"elementor-section elementor-top-section elementor-element elementor-element-1f90ae5 elementor-section-full_width elementor-section-height-default elementor-section-height-default\" data-id=\"1f90ae5\" data-element_type=\"section\">\n\t\t\t\t\t\t<div class=\"elementor-container elementor-column-gap-default\">\n\t\t\t\t\t<div class=\"elementor-column elementor-col-50 elementor-top-column elementor-element elementor-element-a4e22de\" data-id=\"a4e22de\" data-element_type=\"column\">\n\t\t\t<div class=\"elementor-widget-wrap elementor-element-populated\">\n\t\t\t\t\t\t\t\t<div class=\"elementor-element elementor-element-1e782a3 elementor-widget elementor-widget-image\" data-id=\"1e782a3\" data-element_type=\"widget\" data-widget_type=\"image.default\">\n\t\t\t\t<div class=\"elementor-widget-container\">\n\t\t\t<style>\/*! elementor - v3.11.5 - 14-03-2023 *\/\n.elementor-widget-image{text-align:center}.elementor-widget-image a{display:inline-block}.elementor-widget-image a img[src$=\".svg\"]{width:48px}.elementor-widget-image img{vertical-align:middle;display:inline-block}<\/style>\t\t\t\t\t\t\t\t\t\t\t\t<img decoding=\"async\" width=\"512\" height=\"512\" src=\"https:\/\/www.tecniplant.it\/wp-content\/uploads\/2022\/08\/system2.png\" class=\"attachment-large size-large wp-image-467\" alt=\"Impianti pilota di Tecniplant replicano in piccola scala il comportamento di grandi impianti\" loading=\"lazy\" srcset=\"https:\/\/www.tecniplant.it\/wp-content\/uploads\/2022\/08\/system2.png 512w, https:\/\/www.tecniplant.it\/wp-content\/uploads\/2022\/08\/system2-300x300.png 300w, https:\/\/www.tecniplant.it\/wp-content\/uploads\/2022\/08\/system2-150x150.png 150w\" sizes=\"(max-width: 512px) 100vw, 512px\" \/>\t\t\t\t\t\t\t\t\t\t\t\t\t\t\t<\/div>\n\t\t\t\t<\/div>\n\t\t\t\t\t<\/div>\n\t\t<\/div>\n\t\t\t\t<div class=\"elementor-column elementor-col-50 elementor-top-column elementor-element elementor-element-859ca34\" data-id=\"859ca34\" data-element_type=\"column\">\n\t\t\t<div class=\"elementor-widget-wrap elementor-element-populated\">\n\t\t\t\t\t\t\t\t<div class=\"elementor-element elementor-element-9154c06 elementor-widget elementor-widget-text-editor\" data-id=\"9154c06\" data-element_type=\"widget\" data-widget_type=\"text-editor.default\">\n\t\t\t\t<div class=\"elementor-widget-container\">\n\t\t\t<style>\/*! elementor - v3.11.5 - 14-03-2023 *\/\n.elementor-widget-text-editor.elementor-drop-cap-view-stacked .elementor-drop-cap{background-color:#818a91;color:#fff}.elementor-widget-text-editor.elementor-drop-cap-view-framed .elementor-drop-cap{color:#818a91;border:3px solid;background-color:transparent}.elementor-widget-text-editor:not(.elementor-drop-cap-view-default) .elementor-drop-cap{margin-top:8px}.elementor-widget-text-editor:not(.elementor-drop-cap-view-default) .elementor-drop-cap-letter{width:1em;height:1em}.elementor-widget-text-editor .elementor-drop-cap{float:left;text-align:center;line-height:1;font-size:50px}.elementor-widget-text-editor .elementor-drop-cap-letter{display:inline-block}<\/style>\t\t\t\t<p>Antes de la realizaci\u00f3n de sistemas a gran escala, ofrecemos a nuestros clientes la posibilidad de probar <strong>Pilot Units<\/strong>, es decir, <strong>sistemas piloto<\/strong>, a peque\u00f1a escala, para la verificaci\u00f3n experimental del proceso.<\/p><p>Los sistemas piloto consisten en <strong>unidades a peque\u00f1a escala<\/strong>, capaces de replicar en peque\u00f1a escala el comportamiento de grandes plantas industriales, <strong>directamente en la sede del cliente<\/strong>.<\/p><p>Por lo tanto, se puede decir que las plantas piloto son un paso intermedio entre el modelo de laboratorio y la planta que se construir\u00e1. Por esta raz\u00f3n, el <strong>desarrollo de sistemas<\/strong> <strong>piloto<\/strong> permite <strong>probar mejor el producto del cliente<\/strong> para poder proyectar el <strong>paso<\/strong> de la escala laboratorio-realidad, <strong>antes de la puesta en el mercado de la maquinaria<\/strong>.<\/p>\t\t\t\t\t\t<\/div>\n\t\t\t\t<\/div>\n\t\t\t\t\t<\/div>\n\t\t<\/div>\n\t\t\t\t\t\t\t<\/div>\n\t\t<\/section>\n\t\t\t\t<section class=\"elementor-section elementor-top-section elementor-element elementor-element-fa24ddc elementor-section-full_width elementor-section-height-default elementor-section-height-default\" data-id=\"fa24ddc\" data-element_type=\"section\" data-settings=\"{&quot;background_background&quot;:&quot;classic&quot;}\">\n\t\t\t\t\t\t<div class=\"elementor-container elementor-column-gap-default\">\n\t\t\t\t\t<div class=\"elementor-column elementor-col-100 elementor-top-column elementor-element elementor-element-7f9a20e\" data-id=\"7f9a20e\" data-element_type=\"column\">\n\t\t\t<div class=\"elementor-widget-wrap elementor-element-populated\">\n\t\t\t\t\t\t\t\t<div class=\"elementor-element elementor-element-b9ef411 elementor-widget elementor-widget-heading\" data-id=\"b9ef411\" data-element_type=\"widget\" data-widget_type=\"heading.default\">\n\t\t\t\t<div class=\"elementor-widget-container\">\n\t\t\t<h2 class=\"elementor-heading-title elementor-size-default\">PILOT UNITS PARA LAS PRUEBAS DE FILTRACI\u00d3N, SEPARACI\u00d3N AGUA-ACEITE Y TRATAMIENTO DE AGUAS DIRECTAMENTE EN EL CONTEXTO INDUSTRIAL <\/h2>\t\t<\/div>\n\t\t\t\t<\/div>\n\t\t\t\t<div class=\"elementor-element elementor-element-1be059f elementor-widget elementor-widget-spacer\" data-id=\"1be059f\" data-element_type=\"widget\" data-widget_type=\"spacer.default\">\n\t\t\t\t<div class=\"elementor-widget-container\">\n\t\t\t<style>\/*! elementor - v3.11.5 - 14-03-2023 *\/\n.elementor-column .elementor-spacer-inner{height:var(--spacer-size)}.e-con{--container-widget-width:100%}.e-con-inner>.elementor-widget-spacer,.e-con>.elementor-widget-spacer{width:var(--container-widget-width,var(--spacer-size));--align-self:var(--container-widget-align-self,initial);--flex-shrink:0}.e-con-inner>.elementor-widget-spacer>.elementor-widget-container,.e-con-inner>.elementor-widget-spacer>.elementor-widget-container>.elementor-spacer,.e-con>.elementor-widget-spacer>.elementor-widget-container,.e-con>.elementor-widget-spacer>.elementor-widget-container>.elementor-spacer{height:100%}.e-con-inner>.elementor-widget-spacer>.elementor-widget-container>.elementor-spacer>.elementor-spacer-inner,.e-con>.elementor-widget-spacer>.elementor-widget-container>.elementor-spacer>.elementor-spacer-inner{height:var(--container-widget-height,var(--spacer-size))}<\/style>\t\t<div class=\"elementor-spacer\">\n\t\t\t<div class=\"elementor-spacer-inner\"><\/div>\n\t\t<\/div>\n\t\t\t\t<\/div>\n\t\t\t\t<\/div>\n\t\t\t\t<div class=\"elementor-element elementor-element-c547b62 elementor-widget elementor-widget-text-editor\" data-id=\"c547b62\" data-element_type=\"widget\" data-widget_type=\"text-editor.default\">\n\t\t\t\t<div class=\"elementor-widget-container\">\n\t\t\t\t\t\t\t<p>Gracias al uso de <strong>sistemas piloto<\/strong> podemos realizar <strong>pruebas de filtraci\u00f3n<\/strong> y <strong>tratamiento de aguas<\/strong> y separaci\u00f3n aceite-agua directamente en el contexto industrial, en la sede del cliente.<\/p><p>Adem\u00e1s, estos sistemas nos permiten estudiar, dise\u00f1ar y realizar la mejor soluci\u00f3n para las necesidades del cliente.<\/p><p>\u00a0<\/p><p>La <strong>investigaci\u00f3n y el desarrollo<\/strong> es el coraz\u00f3n de nuestro trabajo. Tener a disposici\u00f3n sistemas piloto en las cuales probar las innumerables aguas residuales y fluidos de proceso que la industria produce es fundamental para la elecci\u00f3n del mejor proceso a adoptar (Bat_Best Available Technology) y para el <strong>correcto dimensionamiento<\/strong> de nuestros sistemas y m\u00e1quinas, as\u00ed como para la <strong>verificaci\u00f3n de las prestaciones<\/strong> de proceso requeridas por el Cliente.<\/p><p>\u00a0<\/p><p>En otras palabras, trabajar en una primera fase realizando pruebas en sistemas piloto, nos permite crear sistemas y m\u00e1quinas <strong>dedicadas a la aplicaci\u00f3n de referencia<\/strong>.<\/p>\t\t\t\t\t\t<\/div>\n\t\t\t\t<\/div>\n\t\t\t\t\t<\/div>\n\t\t<\/div>\n\t\t\t\t\t\t\t<\/div>\n\t\t<\/section>\n\t\t\t\t<section class=\"elementor-section elementor-top-section elementor-element elementor-element-786bd4e elementor-section-boxed elementor-section-height-default elementor-section-height-default\" data-id=\"786bd4e\" data-element_type=\"section\">\n\t\t\t\t\t\t<div class=\"elementor-container elementor-column-gap-default\">\n\t\t\t\t\t<div class=\"elementor-column elementor-col-50 elementor-top-column elementor-element elementor-element-80ba3fa\" data-id=\"80ba3fa\" data-element_type=\"column\">\n\t\t\t<div class=\"elementor-widget-wrap elementor-element-populated\">\n\t\t\t\t\t\t\t\t<div class=\"elementor-element elementor-element-7411233 elementor-align-center elementor-widget elementor-widget-button\" data-id=\"7411233\" data-element_type=\"widget\" data-widget_type=\"button.default\">\n\t\t\t\t<div class=\"elementor-widget-container\">\n\t\t\t\t\t<div class=\"elementor-button-wrapper\">\n\t\t\t<a href=\"https:\/\/www.tecniplant.it\/es\/servicios-de-tecniplant\/\" class=\"elementor-button-link elementor-button elementor-size-sm\" role=\"button\">\n\t\t\t\t\t\t<span class=\"elementor-button-content-wrapper\">\n\t\t\t\t\t\t<span class=\"elementor-button-text\">VOLVER A TODOS LOS SERVICIOS<\/span>\n\t\t<\/span>\n\t\t\t\t\t<\/a>\n\t\t<\/div>\n\t\t\t\t<\/div>\n\t\t\t\t<\/div>\n\t\t\t\t\t<\/div>\n\t\t<\/div>\n\t\t\t\t<div class=\"elementor-column elementor-col-50 elementor-top-column elementor-element elementor-element-ee13d87\" data-id=\"ee13d87\" data-element_type=\"column\">\n\t\t\t<div class=\"elementor-widget-wrap elementor-element-populated\">\n\t\t\t\t\t\t\t\t<div class=\"elementor-element elementor-element-96fc520 elementor-align-center elementor-widget elementor-widget-button\" data-id=\"96fc520\" data-element_type=\"widget\" data-widget_type=\"button.default\">\n\t\t\t\t<div class=\"elementor-widget-container\">\n\t\t\t\t\t<div class=\"elementor-button-wrapper\">\n\t\t\t<a href=\"https:\/\/www.tecniplant.it\/es\/contactos-tecniplant-damos-forma-a-tus-ideas\/\" class=\"elementor-button-link elementor-button elementor-size-sm\" role=\"button\">\n\t\t\t\t\t\t<span class=\"elementor-button-content-wrapper\">\n\t\t\t\t\t\t<span class=\"elementor-button-text\">P\u00f3ngase en contacto con nosotros para obtener m\u00e1s informaci\u00f3n sobre nuestras unidades piloto y obtener un presupuesto<\/span>\n\t\t<\/span>\n\t\t\t\t\t<\/a>\n\t\t<\/div>\n\t\t\t\t<\/div>\n\t\t\t\t<\/div>\n\t\t\t\t\t<\/div>\n\t\t<\/div>\n\t\t\t\t\t\t\t<\/div>\n\t\t<\/section>\n\t\t\t\t\t\t\t<\/div>\n\t\t","protected":false},"excerpt":{"rendered":"<p>INSTALACIONES PILOTO Antes de la realizaci\u00f3n de sistemas a gran escala, ofrecemos a nuestros clientes la posibilidad de probar Pilot Units, es decir, sistemas piloto, a peque\u00f1a escala, para la verificaci\u00f3n experimental del proceso. Los sistemas piloto consisten en unidades a peque\u00f1a escala, capaces de replicar en peque\u00f1a escala el comportamiento de grandes plantas industriales, [&hellip;]<\/p>\n","protected":false},"author":1,"featured_media":0,"parent":0,"menu_order":0,"comment_status":"closed","ping_status":"closed","template":"elementor_header_footer","meta":[],"yoast_head":"<!-- This site is optimized with the Yoast SEO plugin v19.13 - https:\/\/yoast.com\/wordpress\/plugins\/seo\/ -->\n<title>Instalaciones Piloto Pruebas de Filtraci\u00f3n - Tecniplant<\/title>\n<meta name=\"description\" content=\"Instalaciones Piloto para Pruebas de Filtraci\u00f3n: Proponemos Unidades para Probar Soluciones en un Contexto Industrial. \u00a1Descubra Ahora!\" \/>\n<meta name=\"robots\" content=\"index, follow, max-snippet:-1, max-image-preview:large, max-video-preview:-1\" \/>\n<link rel=\"canonical\" href=\"https:\/\/www.tecniplant.it\/es\/pilot-units\/\" \/>\n<meta property=\"og:locale\" content=\"es_ES\" \/>\n<meta property=\"og:type\" content=\"article\" \/>\n<meta property=\"og:title\" content=\"Instalaciones Piloto Pruebas de Filtraci\u00f3n - Tecniplant\" \/>\n<meta property=\"og:description\" content=\"Instalaciones Piloto para Pruebas de Filtraci\u00f3n: Proponemos Unidades para Probar Soluciones en un Contexto Industrial. \u00a1Descubra Ahora!\" \/>\n<meta property=\"og:url\" content=\"https:\/\/www.tecniplant.it\/es\/pilot-units\/\" \/>\n<meta property=\"og:site_name\" content=\"Tecniplant\" \/>\n<meta property=\"article:modified_time\" content=\"2023-04-19T14:07:25+00:00\" \/>\n<meta property=\"og:image\" content=\"https:\/\/www.tecniplant.it\/wp-content\/uploads\/2022\/08\/system2.png\" \/>\n<meta name=\"twitter:card\" content=\"summary_large_image\" \/>\n<meta name=\"twitter:label1\" content=\"Tiempo de lectura\" \/>\n\t<meta name=\"twitter:data1\" content=\"2 minutos\" \/>\n<script type=\"application\/ld+json\" class=\"yoast-schema-graph\">{\"@context\":\"https:\/\/schema.org\",\"@graph\":[{\"@type\":\"WebPage\",\"@id\":\"https:\/\/www.tecniplant.it\/es\/pilot-units\/\",\"url\":\"https:\/\/www.tecniplant.it\/es\/pilot-units\/\",\"name\":\"Instalaciones Piloto Pruebas de Filtraci\u00f3n - Tecniplant\",\"isPartOf\":{\"@id\":\"https:\/\/www.tecniplant.it\/#website\"},\"datePublished\":\"2022-08-02T10:25:26+00:00\",\"dateModified\":\"2023-04-19T14:07:25+00:00\",\"description\":\"Instalaciones Piloto para Pruebas de Filtraci\u00f3n: Proponemos Unidades para Probar Soluciones en un Contexto Industrial. \u00a1Descubra Ahora!\",\"breadcrumb\":{\"@id\":\"https:\/\/www.tecniplant.it\/es\/pilot-units\/#breadcrumb\"},\"inLanguage\":\"es\",\"potentialAction\":[{\"@type\":\"ReadAction\",\"target\":[\"https:\/\/www.tecniplant.it\/es\/pilot-units\/\"]}]},{\"@type\":\"BreadcrumbList\",\"@id\":\"https:\/\/www.tecniplant.it\/es\/pilot-units\/#breadcrumb\",\"itemListElement\":[{\"@type\":\"ListItem\",\"position\":1,\"name\":\"Home\",\"item\":\"https:\/\/www.tecniplant.it\/es\/\"},{\"@type\":\"ListItem\",\"position\":2,\"name\":\"INSTALACIONES PILOTO\"}]},{\"@type\":\"WebSite\",\"@id\":\"https:\/\/www.tecniplant.it\/#website\",\"url\":\"https:\/\/www.tecniplant.it\/\",\"name\":\"Tecniplant\",\"description\":\"Il futuro inizia adesso\",\"publisher\":{\"@id\":\"https:\/\/www.tecniplant.it\/#organization\"},\"potentialAction\":[{\"@type\":\"SearchAction\",\"target\":{\"@type\":\"EntryPoint\",\"urlTemplate\":\"https:\/\/www.tecniplant.it\/?s={search_term_string}\"},\"query-input\":\"required name=search_term_string\"}],\"inLanguage\":\"es\"},{\"@type\":\"Organization\",\"@id\":\"https:\/\/www.tecniplant.it\/#organization\",\"name\":\"Tecniplant\",\"url\":\"https:\/\/www.tecniplant.it\/\",\"logo\":{\"@type\":\"ImageObject\",\"inLanguage\":\"es\",\"@id\":\"https:\/\/www.tecniplant.it\/#\/schema\/logo\/image\/\",\"url\":\"https:\/\/www.tecniplant.it\/wp-content\/uploads\/2022\/07\/Tecniplant_logo.png\",\"contentUrl\":\"https:\/\/www.tecniplant.it\/wp-content\/uploads\/2022\/07\/Tecniplant_logo.png\",\"width\":1601,\"height\":350,\"caption\":\"Tecniplant\"},\"image\":{\"@id\":\"https:\/\/www.tecniplant.it\/#\/schema\/logo\/image\/\"}}]}<\/script>\n<!-- \/ Yoast SEO plugin. -->","yoast_head_json":{"title":"Instalaciones Piloto Pruebas de Filtraci\u00f3n - Tecniplant","description":"Instalaciones Piloto para Pruebas de Filtraci\u00f3n: Proponemos Unidades para Probar Soluciones en un Contexto Industrial. \u00a1Descubra Ahora!","robots":{"index":"index","follow":"follow","max-snippet":"max-snippet:-1","max-image-preview":"max-image-preview:large","max-video-preview":"max-video-preview:-1"},"canonical":"https:\/\/www.tecniplant.it\/es\/pilot-units\/","og_locale":"es_ES","og_type":"article","og_title":"Instalaciones Piloto Pruebas de Filtraci\u00f3n - Tecniplant","og_description":"Instalaciones Piloto para Pruebas de Filtraci\u00f3n: Proponemos Unidades para Probar Soluciones en un Contexto Industrial. \u00a1Descubra Ahora!","og_url":"https:\/\/www.tecniplant.it\/es\/pilot-units\/","og_site_name":"Tecniplant","article_modified_time":"2023-04-19T14:07:25+00:00","og_image":[{"url":"https:\/\/www.tecniplant.it\/wp-content\/uploads\/2022\/08\/system2.png"}],"twitter_card":"summary_large_image","twitter_misc":{"Tiempo de lectura":"2 minutos"},"schema":{"@context":"https:\/\/schema.org","@graph":[{"@type":"WebPage","@id":"https:\/\/www.tecniplant.it\/es\/pilot-units\/","url":"https:\/\/www.tecniplant.it\/es\/pilot-units\/","name":"Instalaciones Piloto Pruebas de Filtraci\u00f3n - Tecniplant","isPartOf":{"@id":"https:\/\/www.tecniplant.it\/#website"},"datePublished":"2022-08-02T10:25:26+00:00","dateModified":"2023-04-19T14:07:25+00:00","description":"Instalaciones Piloto para Pruebas de Filtraci\u00f3n: Proponemos Unidades para Probar Soluciones en un Contexto Industrial. \u00a1Descubra Ahora!","breadcrumb":{"@id":"https:\/\/www.tecniplant.it\/es\/pilot-units\/#breadcrumb"},"inLanguage":"es","potentialAction":[{"@type":"ReadAction","target":["https:\/\/www.tecniplant.it\/es\/pilot-units\/"]}]},{"@type":"BreadcrumbList","@id":"https:\/\/www.tecniplant.it\/es\/pilot-units\/#breadcrumb","itemListElement":[{"@type":"ListItem","position":1,"name":"Home","item":"https:\/\/www.tecniplant.it\/es\/"},{"@type":"ListItem","position":2,"name":"INSTALACIONES PILOTO"}]},{"@type":"WebSite","@id":"https:\/\/www.tecniplant.it\/#website","url":"https:\/\/www.tecniplant.it\/","name":"Tecniplant","description":"Il futuro inizia adesso","publisher":{"@id":"https:\/\/www.tecniplant.it\/#organization"},"potentialAction":[{"@type":"SearchAction","target":{"@type":"EntryPoint","urlTemplate":"https:\/\/www.tecniplant.it\/?s={search_term_string}"},"query-input":"required name=search_term_string"}],"inLanguage":"es"},{"@type":"Organization","@id":"https:\/\/www.tecniplant.it\/#organization","name":"Tecniplant","url":"https:\/\/www.tecniplant.it\/","logo":{"@type":"ImageObject","inLanguage":"es","@id":"https:\/\/www.tecniplant.it\/#\/schema\/logo\/image\/","url":"https:\/\/www.tecniplant.it\/wp-content\/uploads\/2022\/07\/Tecniplant_logo.png","contentUrl":"https:\/\/www.tecniplant.it\/wp-content\/uploads\/2022\/07\/Tecniplant_logo.png","width":1601,"height":350,"caption":"Tecniplant"},"image":{"@id":"https:\/\/www.tecniplant.it\/#\/schema\/logo\/image\/"}}]}},"_links":{"self":[{"href":"https:\/\/www.tecniplant.it\/es\/wp-json\/wp\/v2\/pages\/5314"}],"collection":[{"href":"https:\/\/www.tecniplant.it\/es\/wp-json\/wp\/v2\/pages"}],"about":[{"href":"https:\/\/www.tecniplant.it\/es\/wp-json\/wp\/v2\/types\/page"}],"author":[{"embeddable":true,"href":"https:\/\/www.tecniplant.it\/es\/wp-json\/wp\/v2\/users\/1"}],"replies":[{"embeddable":true,"href":"https:\/\/www.tecniplant.it\/es\/wp-json\/wp\/v2\/comments?post=5314"}],"version-history":[{"count":11,"href":"https:\/\/www.tecniplant.it\/es\/wp-json\/wp\/v2\/pages\/5314\/revisions"}],"predecessor-version":[{"id":6180,"href":"https:\/\/www.tecniplant.it\/es\/wp-json\/wp\/v2\/pages\/5314\/revisions\/6180"}],"wp:attachment":[{"href":"https:\/\/www.tecniplant.it\/es\/wp-json\/wp\/v2\/media?parent=5314"}],"curies":[{"name":"wp","href":"https:\/\/api.w.org\/{rel}","templated":true}]}}