{"id":5303,"date":"2022-08-02T10:31:04","date_gmt":"2022-08-02T10:31:04","guid":{"rendered":"https:\/\/www.tecniplant.it\/progettazione-e-costruzione\/"},"modified":"2023-04-19T14:07:44","modified_gmt":"2023-04-19T14:07:44","slug":"diseno-y-construccion-de-maquinaria-de-filtracion-separacion-aceite-agua-y-tratamiento-de-aguas","status":"publish","type":"page","link":"https:\/\/www.tecniplant.it\/es\/diseno-y-construccion-de-maquinaria-de-filtracion-separacion-aceite-agua-y-tratamiento-de-aguas\/","title":{"rendered":"DISE\u00d1O Y CONSTRUCCI\u00d3N"},"content":{"rendered":"\t\t<div data-elementor-type=\"wp-page\" data-elementor-id=\"5303\" class=\"elementor elementor-5303 elementor-970\">\n\t\t\t\t\t\t\t\t\t<section class=\"elementor-section elementor-top-section elementor-element elementor-element-6838597 elementor-section-height-min-height elementor-section-items-bottom elementor-section-boxed elementor-section-height-default\" data-id=\"6838597\" data-element_type=\"section\" data-settings=\"{&quot;background_background&quot;:&quot;classic&quot;}\">\n\t\t\t\t\t\t\t<div class=\"elementor-background-overlay\"><\/div>\n\t\t\t\t\t\t\t<div class=\"elementor-container elementor-column-gap-no\">\n\t\t\t\t\t<div class=\"elementor-column elementor-col-100 elementor-top-column elementor-element elementor-element-046dbab\" data-id=\"046dbab\" data-element_type=\"column\">\n\t\t\t<div class=\"elementor-widget-wrap elementor-element-populated\">\n\t\t\t\t\t\t\t\t<div class=\"elementor-element elementor-element-4052892 elementor-widget elementor-widget-heading\" data-id=\"4052892\" data-element_type=\"widget\" data-widget_type=\"heading.default\">\n\t\t\t\t<div class=\"elementor-widget-container\">\n\t\t\t<style>\/*! elementor - v3.11.5 - 14-03-2023 *\/\n.elementor-heading-title{padding:0;margin:0;line-height:1}.elementor-widget-heading .elementor-heading-title[class*=elementor-size-]>a{color:inherit;font-size:inherit;line-height:inherit}.elementor-widget-heading .elementor-heading-title.elementor-size-small{font-size:15px}.elementor-widget-heading .elementor-heading-title.elementor-size-medium{font-size:19px}.elementor-widget-heading .elementor-heading-title.elementor-size-large{font-size:29px}.elementor-widget-heading .elementor-heading-title.elementor-size-xl{font-size:39px}.elementor-widget-heading .elementor-heading-title.elementor-size-xxl{font-size:59px}<\/style><h1 class=\"elementor-heading-title elementor-size-default\">DISE\u00d1O Y CONSTRUCCI\u00d3N DE MAQUINARIA DE FILTRACI\u00d3N, SEPARACI\u00d3N ACEITE-AGUA Y TRATAMIENTO DE AGUAS <\/h1>\t\t<\/div>\n\t\t\t\t<\/div>\n\t\t\t\t\t<\/div>\n\t\t<\/div>\n\t\t\t\t\t\t\t<\/div>\n\t\t<\/section>\n\t\t\t\t<section class=\"elementor-section elementor-top-section elementor-element elementor-element-1f90ae5 elementor-section-full_width elementor-section-height-default elementor-section-height-default\" data-id=\"1f90ae5\" data-element_type=\"section\">\n\t\t\t\t\t\t<div class=\"elementor-container elementor-column-gap-default\">\n\t\t\t\t\t<div class=\"elementor-column elementor-col-50 elementor-top-column elementor-element elementor-element-a4e22de\" data-id=\"a4e22de\" data-element_type=\"column\">\n\t\t\t<div class=\"elementor-widget-wrap elementor-element-populated\">\n\t\t\t\t\t\t\t\t<div class=\"elementor-element elementor-element-1e782a3 elementor-widget elementor-widget-image\" data-id=\"1e782a3\" data-element_type=\"widget\" data-widget_type=\"image.default\">\n\t\t\t\t<div class=\"elementor-widget-container\">\n\t\t\t<style>\/*! elementor - v3.11.5 - 14-03-2023 *\/\n.elementor-widget-image{text-align:center}.elementor-widget-image a{display:inline-block}.elementor-widget-image a img[src$=\".svg\"]{width:48px}.elementor-widget-image img{vertical-align:middle;display:inline-block}<\/style>\t\t\t\t\t\t\t\t\t\t\t\t<img decoding=\"async\" width=\"512\" height=\"512\" src=\"https:\/\/www.tecniplant.it\/wp-content\/uploads\/2022\/08\/blueprint.png\" class=\"attachment-large size-large wp-image-468\" alt=\"Progettazione e costruzione di macchinari e sistemi per filtrazione, trattamento acque e separazione di liquidi\" loading=\"lazy\" srcset=\"https:\/\/www.tecniplant.it\/wp-content\/uploads\/2022\/08\/blueprint.png 512w, https:\/\/www.tecniplant.it\/wp-content\/uploads\/2022\/08\/blueprint-300x300.png 300w, https:\/\/www.tecniplant.it\/wp-content\/uploads\/2022\/08\/blueprint-150x150.png 150w\" sizes=\"(max-width: 512px) 100vw, 512px\" \/>\t\t\t\t\t\t\t\t\t\t\t\t\t\t\t<\/div>\n\t\t\t\t<\/div>\n\t\t\t\t\t<\/div>\n\t\t<\/div>\n\t\t\t\t<div class=\"elementor-column elementor-col-50 elementor-top-column elementor-element elementor-element-859ca34\" data-id=\"859ca34\" data-element_type=\"column\">\n\t\t\t<div class=\"elementor-widget-wrap elementor-element-populated\">\n\t\t\t\t\t\t\t\t<div class=\"elementor-element elementor-element-9154c06 elementor-widget elementor-widget-text-editor\" data-id=\"9154c06\" data-element_type=\"widget\" data-widget_type=\"text-editor.default\">\n\t\t\t\t<div class=\"elementor-widget-container\">\n\t\t\t<style>\/*! elementor - v3.11.5 - 14-03-2023 *\/\n.elementor-widget-text-editor.elementor-drop-cap-view-stacked .elementor-drop-cap{background-color:#818a91;color:#fff}.elementor-widget-text-editor.elementor-drop-cap-view-framed .elementor-drop-cap{color:#818a91;border:3px solid;background-color:transparent}.elementor-widget-text-editor:not(.elementor-drop-cap-view-default) .elementor-drop-cap{margin-top:8px}.elementor-widget-text-editor:not(.elementor-drop-cap-view-default) .elementor-drop-cap-letter{width:1em;height:1em}.elementor-widget-text-editor .elementor-drop-cap{float:left;text-align:center;line-height:1;font-size:50px}.elementor-widget-text-editor .elementor-drop-cap-letter{display:inline-block}<\/style>\t\t\t\t<p>En TECNIPLANT nos ocupamos del <strong>dise\u00f1o<\/strong> y <strong>construcci\u00f3n de m\u00e1quinas y sistemas completos<\/strong> para la <strong>filtraci\u00f3n<\/strong>, la separaci\u00f3n aceite-agua y el <strong>tratamiento de aguas<\/strong>.<\/p><p>Espec\u00edficamente, contamos con cincuenta a\u00f1os de experiencia en el dise\u00f1o y fabricaci\u00f3n de <strong>maquinaria para la filtraci\u00f3n<\/strong> como:<\/p><ul><li>filtros rotativos al vac\u00edo de cuchilla, de rodillo, de cuerda, de tela saliente con prerecubrimiento<\/li><li>filtros de correa al vac\u00edo.<\/li><li>filtros de hoja\/discos a presi\u00f3n horizontales y verticales<\/li><li>filtros de vela a presi\u00f3n verticales<\/li><\/ul><p><br \/>Adem\u00e1s, tenemos una amplia experiencia en el <strong>tratamiento de aguas oleosas<\/strong>, en el dise\u00f1o y construcci\u00f3n de las siguientes soluciones:<\/p><ul><li>flotadores de aire y gas inducido, tanto atmosf\u00e9ricos como presurizados con turbinas e inyectores<\/li><li>flotadores de aire y gas disuelto<\/li><li>clarificadores y separadores API<\/li><li>separadores CPI de placas corrugadas tanto atmosf\u00e9ricas como presurizadas<\/li><li>filtros a presi\u00f3n de c\u00e1scara de nuez (nutshell filters)<\/li><li>filtros a presi\u00f3n de carb\u00f3n<\/li><\/ul>\t\t\t\t\t\t<\/div>\n\t\t\t\t<\/div>\n\t\t\t\t\t<\/div>\n\t\t<\/div>\n\t\t\t\t\t\t\t<\/div>\n\t\t<\/section>\n\t\t\t\t<section class=\"elementor-section elementor-top-section elementor-element elementor-element-fa24ddc elementor-section-full_width elementor-section-height-default elementor-section-height-default\" data-id=\"fa24ddc\" data-element_type=\"section\" data-settings=\"{&quot;background_background&quot;:&quot;classic&quot;}\">\n\t\t\t\t\t\t<div class=\"elementor-container elementor-column-gap-default\">\n\t\t\t\t\t<div class=\"elementor-column elementor-col-50 elementor-top-column elementor-element elementor-element-7f9a20e\" data-id=\"7f9a20e\" data-element_type=\"column\">\n\t\t\t<div class=\"elementor-widget-wrap elementor-element-populated\">\n\t\t\t\t\t\t\t\t<div class=\"elementor-element elementor-element-c544345 elementor-widget elementor-widget-image\" data-id=\"c544345\" data-element_type=\"widget\" data-widget_type=\"image.default\">\n\t\t\t\t<div class=\"elementor-widget-container\">\n\t\t\t\t\t\t\t\t\t\t\t\t\t\t\t<img decoding=\"async\" width=\"800\" height=\"450\" src=\"https:\/\/www.tecniplant.it\/wp-content\/uploads\/2022\/10\/Progetto-senza-titolo-2-1024x576.jpg\" class=\"attachment-large size-large wp-image-3615\" alt=\"\" loading=\"lazy\" srcset=\"https:\/\/www.tecniplant.it\/wp-content\/uploads\/2022\/10\/Progetto-senza-titolo-2-1024x576.jpg 1024w, https:\/\/www.tecniplant.it\/wp-content\/uploads\/2022\/10\/Progetto-senza-titolo-2-300x169.jpg 300w, https:\/\/www.tecniplant.it\/wp-content\/uploads\/2022\/10\/Progetto-senza-titolo-2-768x432.jpg 768w, https:\/\/www.tecniplant.it\/wp-content\/uploads\/2022\/10\/Progetto-senza-titolo-2-1536x864.jpg 1536w, https:\/\/www.tecniplant.it\/wp-content\/uploads\/2022\/10\/Progetto-senza-titolo-2.jpg 1920w\" sizes=\"(max-width: 800px) 100vw, 800px\" \/>\t\t\t\t\t\t\t\t\t\t\t\t\t\t\t<\/div>\n\t\t\t\t<\/div>\n\t\t\t\t<div class=\"elementor-element elementor-element-b9ef411 elementor-widget elementor-widget-heading\" data-id=\"b9ef411\" data-element_type=\"widget\" data-widget_type=\"heading.default\">\n\t\t\t\t<div class=\"elementor-widget-container\">\n\t\t\t<h2 class=\"elementor-heading-title elementor-size-default\">DISE\u00d1O DE SOLUCIONES PARA LA FILTRACI\u00d3N, EL TRATAMIENTO DE AGUAS OLEOSAS Y EL TRATAMIENTO DE AGUAS  <\/h2>\t\t<\/div>\n\t\t\t\t<\/div>\n\t\t\t\t<div class=\"elementor-element elementor-element-1be059f elementor-widget elementor-widget-spacer\" data-id=\"1be059f\" data-element_type=\"widget\" data-widget_type=\"spacer.default\">\n\t\t\t\t<div class=\"elementor-widget-container\">\n\t\t\t<style>\/*! elementor - v3.11.5 - 14-03-2023 *\/\n.elementor-column .elementor-spacer-inner{height:var(--spacer-size)}.e-con{--container-widget-width:100%}.e-con-inner>.elementor-widget-spacer,.e-con>.elementor-widget-spacer{width:var(--container-widget-width,var(--spacer-size));--align-self:var(--container-widget-align-self,initial);--flex-shrink:0}.e-con-inner>.elementor-widget-spacer>.elementor-widget-container,.e-con-inner>.elementor-widget-spacer>.elementor-widget-container>.elementor-spacer,.e-con>.elementor-widget-spacer>.elementor-widget-container,.e-con>.elementor-widget-spacer>.elementor-widget-container>.elementor-spacer{height:100%}.e-con-inner>.elementor-widget-spacer>.elementor-widget-container>.elementor-spacer>.elementor-spacer-inner,.e-con>.elementor-widget-spacer>.elementor-widget-container>.elementor-spacer>.elementor-spacer-inner{height:var(--container-widget-height,var(--spacer-size))}<\/style>\t\t<div class=\"elementor-spacer\">\n\t\t\t<div class=\"elementor-spacer-inner\"><\/div>\n\t\t<\/div>\n\t\t\t\t<\/div>\n\t\t\t\t<\/div>\n\t\t\t\t<div class=\"elementor-element elementor-element-c547b62 elementor-widget elementor-widget-text-editor\" data-id=\"c547b62\" data-element_type=\"widget\" data-widget_type=\"text-editor.default\">\n\t\t\t\t<div class=\"elementor-widget-container\">\n\t\t\t\t\t\t\t<p>La parte de <strong>dise\u00f1o de los filtros<\/strong> nos permite realizar los <strong>an\u00e1lisis de las especificaciones de dise\u00f1o<\/strong> y elegir el mejor proceso aplicable (Bat \u2013 Best Available Technologies)<\/p><p>Adem\u00e1s, el dise\u00f1o nos permite centrarnos en el <strong>desarrollo de la ingenier\u00eda<\/strong> e incluir:<\/p><ul><li>estudios de viabilidad<\/li><li>ingenier\u00eda de proceso<\/li><li>ingenier\u00eda ejecutiva y constructiva<\/li><\/ul>\t\t\t\t\t\t<\/div>\n\t\t\t\t<\/div>\n\t\t\t\t\t<\/div>\n\t\t<\/div>\n\t\t\t\t<div class=\"elementor-column elementor-col-50 elementor-top-column elementor-element elementor-element-ca27295\" data-id=\"ca27295\" data-element_type=\"column\">\n\t\t\t<div class=\"elementor-widget-wrap elementor-element-populated\">\n\t\t\t\t\t\t\t\t<div class=\"elementor-element elementor-element-0af4812 elementor-widget elementor-widget-image\" data-id=\"0af4812\" data-element_type=\"widget\" data-widget_type=\"image.default\">\n\t\t\t\t<div class=\"elementor-widget-container\">\n\t\t\t\t\t\t\t\t\t\t\t\t\t\t\t<img decoding=\"async\" width=\"800\" height=\"450\" src=\"https:\/\/www.tecniplant.it\/wp-content\/uploads\/2022\/10\/Progetto-senza-titolo-1-1024x576.jpg\" class=\"attachment-large size-large wp-image-3609\" alt=\"\" loading=\"lazy\" srcset=\"https:\/\/www.tecniplant.it\/wp-content\/uploads\/2022\/10\/Progetto-senza-titolo-1-1024x576.jpg 1024w, https:\/\/www.tecniplant.it\/wp-content\/uploads\/2022\/10\/Progetto-senza-titolo-1-300x169.jpg 300w, https:\/\/www.tecniplant.it\/wp-content\/uploads\/2022\/10\/Progetto-senza-titolo-1-768x432.jpg 768w, https:\/\/www.tecniplant.it\/wp-content\/uploads\/2022\/10\/Progetto-senza-titolo-1-1536x864.jpg 1536w, https:\/\/www.tecniplant.it\/wp-content\/uploads\/2022\/10\/Progetto-senza-titolo-1.jpg 1920w\" sizes=\"(max-width: 800px) 100vw, 800px\" \/>\t\t\t\t\t\t\t\t\t\t\t\t\t\t\t<\/div>\n\t\t\t\t<\/div>\n\t\t\t\t<div class=\"elementor-element elementor-element-bf3f05f elementor-widget elementor-widget-heading\" data-id=\"bf3f05f\" data-element_type=\"widget\" data-widget_type=\"heading.default\">\n\t\t\t\t<div class=\"elementor-widget-container\">\n\t\t\t<h2 class=\"elementor-heading-title elementor-size-default\">CONSTRUCCI\u00d3N DE MAQUINARIAS PARA LA FILTRACI\u00d3N, EL TRATAMIENTO DE AGUAS OLEOSAS Y EL TRATAMIENTO DE AGUAS <\/h2>\t\t<\/div>\n\t\t\t\t<\/div>\n\t\t\t\t<div class=\"elementor-element elementor-element-f229610 elementor-widget elementor-widget-spacer\" data-id=\"f229610\" data-element_type=\"widget\" data-widget_type=\"spacer.default\">\n\t\t\t\t<div class=\"elementor-widget-container\">\n\t\t\t\t\t<div class=\"elementor-spacer\">\n\t\t\t<div class=\"elementor-spacer-inner\"><\/div>\n\t\t<\/div>\n\t\t\t\t<\/div>\n\t\t\t\t<\/div>\n\t\t\t\t<div class=\"elementor-element elementor-element-8f325f8 elementor-widget elementor-widget-text-editor\" data-id=\"8f325f8\" data-element_type=\"widget\" data-widget_type=\"text-editor.default\">\n\t\t\t\t<div class=\"elementor-widget-container\">\n\t\t\t\t\t\t\t<p>Cuando llega el momento de <strong>construir maquinaria para la filtraci\u00f3n<\/strong>, confiamos en nuestro <strong>profundo conocimiento<\/strong> de los productos y las aplicaciones.<\/p><p>La extrema <strong>flexibilidad operativa<\/strong> que nos distingue garantiza la evoluci\u00f3n y la realizaci\u00f3n de <strong>soluciones de calidad<\/strong>.<\/p><p>En particular, nuestro servicio nos permite centrarnos en elementos como:<\/p><ul><li>construcci\u00f3n de sistemas llave en mano<\/li><li>supervisi\u00f3n de los montajes en campo de nuestros sistemas y Equipment<\/li><li>Puesta en marcha y regulaci\u00f3n de los sistemas y de los equipos individuales<\/li><\/ul>\t\t\t\t\t\t<\/div>\n\t\t\t\t<\/div>\n\t\t\t\t\t<\/div>\n\t\t<\/div>\n\t\t\t\t\t\t\t<\/div>\n\t\t<\/section>\n\t\t\t\t<section class=\"elementor-section elementor-top-section elementor-element elementor-element-786bd4e elementor-section-boxed elementor-section-height-default elementor-section-height-default\" data-id=\"786bd4e\" data-element_type=\"section\">\n\t\t\t\t\t\t<div class=\"elementor-container elementor-column-gap-default\">\n\t\t\t\t\t<div class=\"elementor-column elementor-col-50 elementor-top-column elementor-element elementor-element-80ba3fa\" data-id=\"80ba3fa\" data-element_type=\"column\">\n\t\t\t<div class=\"elementor-widget-wrap elementor-element-populated\">\n\t\t\t\t\t\t\t\t<div class=\"elementor-element elementor-element-7411233 elementor-align-center elementor-widget elementor-widget-button\" data-id=\"7411233\" data-element_type=\"widget\" data-widget_type=\"button.default\">\n\t\t\t\t<div class=\"elementor-widget-container\">\n\t\t\t\t\t<div class=\"elementor-button-wrapper\">\n\t\t\t<a href=\"https:\/\/www.tecniplant.it\/es\/servicios-de-tecniplant\/\" class=\"elementor-button-link elementor-button elementor-size-sm\" role=\"button\">\n\t\t\t\t\t\t<span class=\"elementor-button-content-wrapper\">\n\t\t\t\t\t\t<span class=\"elementor-button-text\">VOLVER A TODOS LOS SERVICIOS<\/span>\n\t\t<\/span>\n\t\t\t\t\t<\/a>\n\t\t<\/div>\n\t\t\t\t<\/div>\n\t\t\t\t<\/div>\n\t\t\t\t\t<\/div>\n\t\t<\/div>\n\t\t\t\t<div class=\"elementor-column elementor-col-50 elementor-top-column elementor-element elementor-element-ee13d87\" data-id=\"ee13d87\" data-element_type=\"column\">\n\t\t\t<div class=\"elementor-widget-wrap elementor-element-populated\">\n\t\t\t\t\t\t\t\t<div class=\"elementor-element elementor-element-96fc520 elementor-align-center elementor-widget elementor-widget-button\" data-id=\"96fc520\" data-element_type=\"widget\" data-widget_type=\"button.default\">\n\t\t\t\t<div class=\"elementor-widget-container\">\n\t\t\t\t\t<div class=\"elementor-button-wrapper\">\n\t\t\t<a href=\"https:\/\/www.tecniplant.it\/es\/contactos-tecniplant-damos-forma-a-tus-ideas\/\" class=\"elementor-button-link elementor-button elementor-size-sm\" role=\"button\">\n\t\t\t\t\t\t<span class=\"elementor-button-content-wrapper\">\n\t\t\t\t\t\t<span class=\"elementor-button-text\">P\u00f3ngase en contacto con nosotros para obtener m\u00e1s informaci\u00f3n sobre nuestros servicios<\/span>\n\t\t<\/span>\n\t\t\t\t\t<\/a>\n\t\t<\/div>\n\t\t\t\t<\/div>\n\t\t\t\t<\/div>\n\t\t\t\t\t<\/div>\n\t\t<\/div>\n\t\t\t\t\t\t\t<\/div>\n\t\t<\/section>\n\t\t\t\t\t\t\t<\/div>\n\t\t","protected":false},"excerpt":{"rendered":"<p>DISE\u00d1O Y CONSTRUCCI\u00d3N DE MAQUINARIA DE FILTRACI\u00d3N, SEPARACI\u00d3N ACEITE-AGUA Y TRATAMIENTO DE AGUAS En TECNIPLANT nos ocupamos del dise\u00f1o y construcci\u00f3n de m\u00e1quinas y sistemas completos para la filtraci\u00f3n, la separaci\u00f3n aceite-agua y el tratamiento de aguas. Espec\u00edficamente, contamos con cincuenta a\u00f1os de experiencia en el dise\u00f1o y fabricaci\u00f3n de maquinaria para la filtraci\u00f3n como: [&hellip;]<\/p>\n","protected":false},"author":1,"featured_media":0,"parent":0,"menu_order":0,"comment_status":"closed","ping_status":"closed","template":"elementor_header_footer","meta":[],"yoast_head":"<!-- This site is optimized with the Yoast SEO plugin v19.13 - https:\/\/yoast.com\/wordpress\/plugins\/seo\/ -->\n<title>Dise\u00f1o y Construcci\u00f3n Maquinaria de Filtraci\u00f3n - Tecniplant<\/title>\n<meta name=\"description\" content=\"Dise\u00f1o de Maquinaria de Filtraci\u00f3n: Garantizamos la Construcci\u00f3n de Sistemas Industriales de Agua Completos y Eficientes. \u00a1Desc\u00fabralo Ahora!\" \/>\n<meta name=\"robots\" content=\"index, follow, max-snippet:-1, max-image-preview:large, max-video-preview:-1\" \/>\n<link rel=\"canonical\" href=\"https:\/\/www.tecniplant.it\/es\/diseno-y-construccion-de-maquinaria-de-filtracion-separacion-aceite-agua-y-tratamiento-de-aguas\/\" \/>\n<meta property=\"og:locale\" content=\"es_ES\" \/>\n<meta property=\"og:type\" content=\"article\" \/>\n<meta property=\"og:title\" content=\"Dise\u00f1o y Construcci\u00f3n Maquinaria de Filtraci\u00f3n - Tecniplant\" \/>\n<meta property=\"og:description\" content=\"Dise\u00f1o de Maquinaria de Filtraci\u00f3n: Garantizamos la Construcci\u00f3n de Sistemas Industriales de Agua Completos y Eficientes. \u00a1Desc\u00fabralo Ahora!\" \/>\n<meta property=\"og:url\" content=\"https:\/\/www.tecniplant.it\/es\/diseno-y-construccion-de-maquinaria-de-filtracion-separacion-aceite-agua-y-tratamiento-de-aguas\/\" \/>\n<meta property=\"og:site_name\" content=\"Tecniplant\" \/>\n<meta property=\"article:modified_time\" content=\"2023-04-19T14:07:44+00:00\" \/>\n<meta property=\"og:image\" content=\"https:\/\/www.tecniplant.it\/wp-content\/uploads\/2022\/08\/blueprint.png\" \/>\n<meta name=\"twitter:card\" content=\"summary_large_image\" \/>\n<meta name=\"twitter:label1\" content=\"Tiempo de lectura\" \/>\n\t<meta name=\"twitter:data1\" content=\"3 minutos\" \/>\n<script type=\"application\/ld+json\" class=\"yoast-schema-graph\">{\"@context\":\"https:\/\/schema.org\",\"@graph\":[{\"@type\":\"WebPage\",\"@id\":\"https:\/\/www.tecniplant.it\/es\/diseno-y-construccion-de-maquinaria-de-filtracion-separacion-aceite-agua-y-tratamiento-de-aguas\/\",\"url\":\"https:\/\/www.tecniplant.it\/es\/diseno-y-construccion-de-maquinaria-de-filtracion-separacion-aceite-agua-y-tratamiento-de-aguas\/\",\"name\":\"Dise\u00f1o y Construcci\u00f3n Maquinaria de Filtraci\u00f3n - Tecniplant\",\"isPartOf\":{\"@id\":\"https:\/\/www.tecniplant.it\/#website\"},\"datePublished\":\"2022-08-02T10:31:04+00:00\",\"dateModified\":\"2023-04-19T14:07:44+00:00\",\"description\":\"Dise\u00f1o de Maquinaria de Filtraci\u00f3n: Garantizamos la Construcci\u00f3n de Sistemas Industriales de Agua Completos y Eficientes. \u00a1Desc\u00fabralo Ahora!\",\"breadcrumb\":{\"@id\":\"https:\/\/www.tecniplant.it\/es\/diseno-y-construccion-de-maquinaria-de-filtracion-separacion-aceite-agua-y-tratamiento-de-aguas\/#breadcrumb\"},\"inLanguage\":\"es\",\"potentialAction\":[{\"@type\":\"ReadAction\",\"target\":[\"https:\/\/www.tecniplant.it\/es\/diseno-y-construccion-de-maquinaria-de-filtracion-separacion-aceite-agua-y-tratamiento-de-aguas\/\"]}]},{\"@type\":\"BreadcrumbList\",\"@id\":\"https:\/\/www.tecniplant.it\/es\/diseno-y-construccion-de-maquinaria-de-filtracion-separacion-aceite-agua-y-tratamiento-de-aguas\/#breadcrumb\",\"itemListElement\":[{\"@type\":\"ListItem\",\"position\":1,\"name\":\"Home\",\"item\":\"https:\/\/www.tecniplant.it\/es\/\"},{\"@type\":\"ListItem\",\"position\":2,\"name\":\"DISE\u00d1O Y CONSTRUCCI\u00d3N\"}]},{\"@type\":\"WebSite\",\"@id\":\"https:\/\/www.tecniplant.it\/#website\",\"url\":\"https:\/\/www.tecniplant.it\/\",\"name\":\"Tecniplant\",\"description\":\"Il futuro inizia adesso\",\"publisher\":{\"@id\":\"https:\/\/www.tecniplant.it\/#organization\"},\"potentialAction\":[{\"@type\":\"SearchAction\",\"target\":{\"@type\":\"EntryPoint\",\"urlTemplate\":\"https:\/\/www.tecniplant.it\/?s={search_term_string}\"},\"query-input\":\"required name=search_term_string\"}],\"inLanguage\":\"es\"},{\"@type\":\"Organization\",\"@id\":\"https:\/\/www.tecniplant.it\/#organization\",\"name\":\"Tecniplant\",\"url\":\"https:\/\/www.tecniplant.it\/\",\"logo\":{\"@type\":\"ImageObject\",\"inLanguage\":\"es\",\"@id\":\"https:\/\/www.tecniplant.it\/#\/schema\/logo\/image\/\",\"url\":\"https:\/\/www.tecniplant.it\/wp-content\/uploads\/2022\/07\/Tecniplant_logo.png\",\"contentUrl\":\"https:\/\/www.tecniplant.it\/wp-content\/uploads\/2022\/07\/Tecniplant_logo.png\",\"width\":1601,\"height\":350,\"caption\":\"Tecniplant\"},\"image\":{\"@id\":\"https:\/\/www.tecniplant.it\/#\/schema\/logo\/image\/\"}}]}<\/script>\n<!-- \/ Yoast SEO plugin. -->","yoast_head_json":{"title":"Dise\u00f1o y Construcci\u00f3n Maquinaria de Filtraci\u00f3n - Tecniplant","description":"Dise\u00f1o de Maquinaria de Filtraci\u00f3n: Garantizamos la Construcci\u00f3n de Sistemas Industriales de Agua Completos y Eficientes. \u00a1Desc\u00fabralo Ahora!","robots":{"index":"index","follow":"follow","max-snippet":"max-snippet:-1","max-image-preview":"max-image-preview:large","max-video-preview":"max-video-preview:-1"},"canonical":"https:\/\/www.tecniplant.it\/es\/diseno-y-construccion-de-maquinaria-de-filtracion-separacion-aceite-agua-y-tratamiento-de-aguas\/","og_locale":"es_ES","og_type":"article","og_title":"Dise\u00f1o y Construcci\u00f3n Maquinaria de Filtraci\u00f3n - Tecniplant","og_description":"Dise\u00f1o de Maquinaria de Filtraci\u00f3n: Garantizamos la Construcci\u00f3n de Sistemas Industriales de Agua Completos y Eficientes. \u00a1Desc\u00fabralo Ahora!","og_url":"https:\/\/www.tecniplant.it\/es\/diseno-y-construccion-de-maquinaria-de-filtracion-separacion-aceite-agua-y-tratamiento-de-aguas\/","og_site_name":"Tecniplant","article_modified_time":"2023-04-19T14:07:44+00:00","og_image":[{"url":"https:\/\/www.tecniplant.it\/wp-content\/uploads\/2022\/08\/blueprint.png"}],"twitter_card":"summary_large_image","twitter_misc":{"Tiempo de lectura":"3 minutos"},"schema":{"@context":"https:\/\/schema.org","@graph":[{"@type":"WebPage","@id":"https:\/\/www.tecniplant.it\/es\/diseno-y-construccion-de-maquinaria-de-filtracion-separacion-aceite-agua-y-tratamiento-de-aguas\/","url":"https:\/\/www.tecniplant.it\/es\/diseno-y-construccion-de-maquinaria-de-filtracion-separacion-aceite-agua-y-tratamiento-de-aguas\/","name":"Dise\u00f1o y Construcci\u00f3n Maquinaria de Filtraci\u00f3n - Tecniplant","isPartOf":{"@id":"https:\/\/www.tecniplant.it\/#website"},"datePublished":"2022-08-02T10:31:04+00:00","dateModified":"2023-04-19T14:07:44+00:00","description":"Dise\u00f1o de Maquinaria de Filtraci\u00f3n: Garantizamos la Construcci\u00f3n de Sistemas Industriales de Agua Completos y Eficientes. \u00a1Desc\u00fabralo Ahora!","breadcrumb":{"@id":"https:\/\/www.tecniplant.it\/es\/diseno-y-construccion-de-maquinaria-de-filtracion-separacion-aceite-agua-y-tratamiento-de-aguas\/#breadcrumb"},"inLanguage":"es","potentialAction":[{"@type":"ReadAction","target":["https:\/\/www.tecniplant.it\/es\/diseno-y-construccion-de-maquinaria-de-filtracion-separacion-aceite-agua-y-tratamiento-de-aguas\/"]}]},{"@type":"BreadcrumbList","@id":"https:\/\/www.tecniplant.it\/es\/diseno-y-construccion-de-maquinaria-de-filtracion-separacion-aceite-agua-y-tratamiento-de-aguas\/#breadcrumb","itemListElement":[{"@type":"ListItem","position":1,"name":"Home","item":"https:\/\/www.tecniplant.it\/es\/"},{"@type":"ListItem","position":2,"name":"DISE\u00d1O Y CONSTRUCCI\u00d3N"}]},{"@type":"WebSite","@id":"https:\/\/www.tecniplant.it\/#website","url":"https:\/\/www.tecniplant.it\/","name":"Tecniplant","description":"Il futuro inizia adesso","publisher":{"@id":"https:\/\/www.tecniplant.it\/#organization"},"potentialAction":[{"@type":"SearchAction","target":{"@type":"EntryPoint","urlTemplate":"https:\/\/www.tecniplant.it\/?s={search_term_string}"},"query-input":"required name=search_term_string"}],"inLanguage":"es"},{"@type":"Organization","@id":"https:\/\/www.tecniplant.it\/#organization","name":"Tecniplant","url":"https:\/\/www.tecniplant.it\/","logo":{"@type":"ImageObject","inLanguage":"es","@id":"https:\/\/www.tecniplant.it\/#\/schema\/logo\/image\/","url":"https:\/\/www.tecniplant.it\/wp-content\/uploads\/2022\/07\/Tecniplant_logo.png","contentUrl":"https:\/\/www.tecniplant.it\/wp-content\/uploads\/2022\/07\/Tecniplant_logo.png","width":1601,"height":350,"caption":"Tecniplant"},"image":{"@id":"https:\/\/www.tecniplant.it\/#\/schema\/logo\/image\/"}}]}},"_links":{"self":[{"href":"https:\/\/www.tecniplant.it\/es\/wp-json\/wp\/v2\/pages\/5303"}],"collection":[{"href":"https:\/\/www.tecniplant.it\/es\/wp-json\/wp\/v2\/pages"}],"about":[{"href":"https:\/\/www.tecniplant.it\/es\/wp-json\/wp\/v2\/types\/page"}],"author":[{"embeddable":true,"href":"https:\/\/www.tecniplant.it\/es\/wp-json\/wp\/v2\/users\/1"}],"replies":[{"embeddable":true,"href":"https:\/\/www.tecniplant.it\/es\/wp-json\/wp\/v2\/comments?post=5303"}],"version-history":[{"count":9,"href":"https:\/\/www.tecniplant.it\/es\/wp-json\/wp\/v2\/pages\/5303\/revisions"}],"predecessor-version":[{"id":6181,"href":"https:\/\/www.tecniplant.it\/es\/wp-json\/wp\/v2\/pages\/5303\/revisions\/6181"}],"wp:attachment":[{"href":"https:\/\/www.tecniplant.it\/es\/wp-json\/wp\/v2\/media?parent=5303"}],"curies":[{"name":"wp","href":"https:\/\/api.w.org\/{rel}","templated":true}]}}