{"id":5256,"date":"2022-07-19T14:36:48","date_gmt":"2022-07-19T14:36:48","guid":{"rendered":"https:\/\/www.tecniplant.it\/trattamento-acque\/"},"modified":"2023-04-19T14:04:40","modified_gmt":"2023-04-19T14:04:40","slug":"soluciones-para-el-tratamiento-de-aguas","status":"publish","type":"page","link":"https:\/\/www.tecniplant.it\/es\/soluciones-para-el-tratamiento-de-aguas\/","title":{"rendered":"TRATAMIENTO DE AGUAS"},"content":{"rendered":"\t\t<div data-elementor-type=\"wp-page\" data-elementor-id=\"5256\" class=\"elementor elementor-5256 elementor-227\">\n\t\t\t\t\t\t\t\t\t<section class=\"elementor-section elementor-top-section elementor-element elementor-element-b1645a0 elementor-section-full_width elementor-section-height-default elementor-section-height-default\" data-id=\"b1645a0\" data-element_type=\"section\" data-settings=\"{&quot;background_background&quot;:&quot;classic&quot;}\">\n\t\t\t\t\t\t\t<div class=\"elementor-background-overlay\"><\/div>\n\t\t\t\t\t\t\t<div class=\"elementor-container elementor-column-gap-no\">\n\t\t\t\t\t<div class=\"elementor-column elementor-col-50 elementor-top-column elementor-element elementor-element-db4e591 elementor-invisible\" data-id=\"db4e591\" data-element_type=\"column\" data-settings=\"{&quot;background_background&quot;:&quot;classic&quot;,&quot;animation&quot;:&quot;fadeIn&quot;,&quot;animation_delay&quot;:300}\">\n\t\t\t<div class=\"elementor-widget-wrap\">\n\t\t\t\t\t<div class=\"elementor-background-overlay\"><\/div>\n\t\t\t\t\t\t\t\t\t<\/div>\n\t\t<\/div>\n\t\t\t\t<div class=\"elementor-column elementor-col-50 elementor-top-column elementor-element elementor-element-28c0d08\" data-id=\"28c0d08\" data-element_type=\"column\">\n\t\t\t<div class=\"elementor-widget-wrap elementor-element-populated\">\n\t\t\t\t\t\t\t\t<div class=\"elementor-element elementor-element-2772eba elementor-widget elementor-widget-heading\" data-id=\"2772eba\" data-element_type=\"widget\" data-widget_type=\"heading.default\">\n\t\t\t\t<div class=\"elementor-widget-container\">\n\t\t\t<style>\/*! elementor - v3.11.5 - 14-03-2023 *\/\n.elementor-heading-title{padding:0;margin:0;line-height:1}.elementor-widget-heading .elementor-heading-title[class*=elementor-size-]>a{color:inherit;font-size:inherit;line-height:inherit}.elementor-widget-heading .elementor-heading-title.elementor-size-small{font-size:15px}.elementor-widget-heading .elementor-heading-title.elementor-size-medium{font-size:19px}.elementor-widget-heading .elementor-heading-title.elementor-size-large{font-size:29px}.elementor-widget-heading .elementor-heading-title.elementor-size-xl{font-size:39px}.elementor-widget-heading .elementor-heading-title.elementor-size-xxl{font-size:59px}<\/style><h1 class=\"elementor-heading-title elementor-size-default\">SOLUCIONES PARA EL TRATAMIENTO DE AGUAS <\/h1>\t\t<\/div>\n\t\t\t\t<\/div>\n\t\t\t\t\t<\/div>\n\t\t<\/div>\n\t\t\t\t\t\t\t<\/div>\n\t\t<\/section>\n\t\t\t\t<section class=\"elementor-section elementor-top-section elementor-element elementor-element-cd9ec43 elementor-section-full_width elementor-section-height-default elementor-section-height-default\" data-id=\"cd9ec43\" data-element_type=\"section\">\n\t\t\t\t\t\t<div class=\"elementor-container elementor-column-gap-default\">\n\t\t\t\t\t<div class=\"elementor-column elementor-col-50 elementor-top-column elementor-element elementor-element-b398e71 elementor-invisible\" data-id=\"b398e71\" data-element_type=\"column\" data-settings=\"{&quot;background_background&quot;:&quot;classic&quot;,&quot;animation&quot;:&quot;fadeIn&quot;,&quot;animation_delay&quot;:300}\">\n\t\t\t<div class=\"elementor-widget-wrap elementor-element-populated\">\n\t\t\t\t\t<div class=\"elementor-background-overlay\"><\/div>\n\t\t\t\t\t\t\t\t<div class=\"elementor-element elementor-element-2a81f8a e-transform e-transform elementor-widget elementor-widget-image\" data-id=\"2a81f8a\" data-element_type=\"widget\" data-settings=\"{&quot;_transform_translateX_effect&quot;:{&quot;unit&quot;:&quot;px&quot;,&quot;size&quot;:0,&quot;sizes&quot;:[]},&quot;_transform_translateY_effect&quot;:{&quot;unit&quot;:&quot;%&quot;,&quot;size&quot;:-50,&quot;sizes&quot;:[]},&quot;_transform_translateY_effect_tablet&quot;:{&quot;unit&quot;:&quot;%&quot;,&quot;size&quot;:&quot;&quot;,&quot;sizes&quot;:[]},&quot;_transform_translateY_effect_mobile&quot;:{&quot;unit&quot;:&quot;%&quot;,&quot;size&quot;:-10,&quot;sizes&quot;:[]},&quot;_transform_scale_effect_hover&quot;:{&quot;unit&quot;:&quot;px&quot;,&quot;size&quot;:1.05,&quot;sizes&quot;:[]},&quot;_transform_translateX_effect_tablet&quot;:{&quot;unit&quot;:&quot;px&quot;,&quot;size&quot;:&quot;&quot;,&quot;sizes&quot;:[]},&quot;_transform_translateX_effect_mobile&quot;:{&quot;unit&quot;:&quot;px&quot;,&quot;size&quot;:&quot;&quot;,&quot;sizes&quot;:[]},&quot;_transform_scale_effect_hover_tablet&quot;:{&quot;unit&quot;:&quot;px&quot;,&quot;size&quot;:&quot;&quot;,&quot;sizes&quot;:[]},&quot;_transform_scale_effect_hover_mobile&quot;:{&quot;unit&quot;:&quot;px&quot;,&quot;size&quot;:&quot;&quot;,&quot;sizes&quot;:[]}}\" data-widget_type=\"image.default\">\n\t\t\t\t<div class=\"elementor-widget-container\">\n\t\t\t<style>\/*! elementor - v3.11.5 - 14-03-2023 *\/\n.elementor-widget-image{text-align:center}.elementor-widget-image a{display:inline-block}.elementor-widget-image a img[src$=\".svg\"]{width:48px}.elementor-widget-image img{vertical-align:middle;display:inline-block}<\/style>\t\t\t\t\t\t\t\t\t\t\t\t\t<a href=\"#soluzioni\">\n\t\t\t\t\t\t\t<img decoding=\"async\" width=\"600\" height=\"600\" src=\"https:\/\/www.tecniplant.it\/wp-content\/uploads\/2022\/07\/TP_Pittogramma_WaterTreatment.png\" class=\"attachment-large size-large wp-image-376\" alt=\"\" loading=\"lazy\" srcset=\"https:\/\/www.tecniplant.it\/wp-content\/uploads\/2022\/07\/TP_Pittogramma_WaterTreatment.png 600w, https:\/\/www.tecniplant.it\/wp-content\/uploads\/2022\/07\/TP_Pittogramma_WaterTreatment-300x300.png 300w, https:\/\/www.tecniplant.it\/wp-content\/uploads\/2022\/07\/TP_Pittogramma_WaterTreatment-150x150.png 150w\" sizes=\"(max-width: 600px) 100vw, 600px\" \/>\t\t\t\t\t\t\t\t<\/a>\n\t\t\t\t\t\t\t\t\t\t\t\t\t\t\t<\/div>\n\t\t\t\t<\/div>\n\t\t\t\t\t<\/div>\n\t\t<\/div>\n\t\t\t\t<div class=\"elementor-column elementor-col-50 elementor-top-column elementor-element elementor-element-a9825a6\" data-id=\"a9825a6\" data-element_type=\"column\">\n\t\t\t<div class=\"elementor-widget-wrap elementor-element-populated\">\n\t\t\t\t\t\t\t\t<div class=\"elementor-element elementor-element-18c3dd3 elementor-widget elementor-widget-text-editor\" data-id=\"18c3dd3\" data-element_type=\"widget\" data-widget_type=\"text-editor.default\">\n\t\t\t\t<div class=\"elementor-widget-container\">\n\t\t\t<style>\/*! elementor - v3.11.5 - 14-03-2023 *\/\n.elementor-widget-text-editor.elementor-drop-cap-view-stacked .elementor-drop-cap{background-color:#818a91;color:#fff}.elementor-widget-text-editor.elementor-drop-cap-view-framed .elementor-drop-cap{color:#818a91;border:3px solid;background-color:transparent}.elementor-widget-text-editor:not(.elementor-drop-cap-view-default) .elementor-drop-cap{margin-top:8px}.elementor-widget-text-editor:not(.elementor-drop-cap-view-default) .elementor-drop-cap-letter{width:1em;height:1em}.elementor-widget-text-editor .elementor-drop-cap{float:left;text-align:center;line-height:1;font-size:50px}.elementor-widget-text-editor .elementor-drop-cap-letter{display:inline-block}<\/style>\t\t\t\t<p>En TECNIPLANT dise\u00f1amos y fabricamos m\u00e1quinas y <strong>soluciones para el tratamiento de aguas<\/strong>.<\/p><p>Espec\u00edficamente, la empresa ofrece <strong>soluciones completas<\/strong>, en cumplimiento de todos los requisitos ambientales, para el <strong>tratamiento de aguas industriales y civiles<\/strong>.<\/p><p>Este proceso permite ofrecer un servicio llave en mano y a la medida en el tratamiento de las<br \/>aguas residuales, con el fin de reducir la carga contaminante y reducir el impacto<br \/>ambiental provocado por vertidos nocivos.<\/p><p>Los procesos de filtraci\u00f3n de las aguas industriales prev\u00e9n diferentes fases de tratamiento, en funci\u00f3n de los contaminantes que se desea eliminar para obtener el objetivo del cliente.<\/p>\t\t\t\t\t\t<\/div>\n\t\t\t\t<\/div>\n\t\t\t\t\t<\/div>\n\t\t<\/div>\n\t\t\t\t\t\t\t<\/div>\n\t\t<\/section>\n\t\t\t\t<section class=\"elementor-section elementor-top-section elementor-element elementor-element-494d35f elementor-section-full_width elementor-section-height-default elementor-section-height-default\" data-id=\"494d35f\" data-element_type=\"section\" id=\"soluzioni\">\n\t\t\t\t\t\t<div class=\"elementor-container elementor-column-gap-default\">\n\t\t\t\t\t<div class=\"elementor-column elementor-col-100 elementor-top-column elementor-element elementor-element-724d765\" data-id=\"724d765\" data-element_type=\"column\" data-settings=\"{&quot;background_background&quot;:&quot;classic&quot;}\">\n\t\t\t<div class=\"elementor-widget-wrap elementor-element-populated\">\n\t\t\t\t\t\t\t\t<section class=\"elementor-section elementor-inner-section elementor-element elementor-element-c350c5f elementor-section-full_width elementor-section-height-default elementor-section-height-default\" data-id=\"c350c5f\" data-element_type=\"section\">\n\t\t\t\t\t\t<div class=\"elementor-container elementor-column-gap-custom\">\n\t\t\t\t\t<div class=\"elementor-column elementor-col-50 elementor-inner-column elementor-element elementor-element-04ddcb6\" data-id=\"04ddcb6\" data-element_type=\"column\">\n\t\t\t<div class=\"elementor-widget-wrap elementor-element-populated\">\n\t\t\t\t\t\t\t\t<div class=\"elementor-element elementor-element-911c38a elementor-widget elementor-widget-image\" data-id=\"911c38a\" data-element_type=\"widget\" data-widget_type=\"image.default\">\n\t\t\t\t<div class=\"elementor-widget-container\">\n\t\t\t\t\t\t\t\t\t\t\t\t\t\t\t<img decoding=\"async\" width=\"800\" height=\"450\" src=\"https:\/\/www.tecniplant.it\/wp-content\/uploads\/2022\/09\/Progetto-senza-titolo-44-1024x576.png\" class=\"attachment-large size-large wp-image-3442\" alt=\"\" loading=\"lazy\" srcset=\"https:\/\/www.tecniplant.it\/wp-content\/uploads\/2022\/09\/Progetto-senza-titolo-44-1024x576.png 1024w, https:\/\/www.tecniplant.it\/wp-content\/uploads\/2022\/09\/Progetto-senza-titolo-44-300x169.png 300w, https:\/\/www.tecniplant.it\/wp-content\/uploads\/2022\/09\/Progetto-senza-titolo-44-768x432.png 768w, https:\/\/www.tecniplant.it\/wp-content\/uploads\/2022\/09\/Progetto-senza-titolo-44-1536x864.png 1536w, https:\/\/www.tecniplant.it\/wp-content\/uploads\/2022\/09\/Progetto-senza-titolo-44.png 1920w\" sizes=\"(max-width: 800px) 100vw, 800px\" \/>\t\t\t\t\t\t\t\t\t\t\t\t\t\t\t<\/div>\n\t\t\t\t<\/div>\n\t\t\t\t\t<\/div>\n\t\t<\/div>\n\t\t\t\t<div class=\"elementor-column elementor-col-50 elementor-inner-column elementor-element elementor-element-c1d25a4\" data-id=\"c1d25a4\" data-element_type=\"column\">\n\t\t\t<div class=\"elementor-widget-wrap elementor-element-populated\">\n\t\t\t\t\t\t\t\t<div class=\"elementor-element elementor-element-bcfd2c6 elementor-widget elementor-widget-heading\" data-id=\"bcfd2c6\" data-element_type=\"widget\" data-widget_type=\"heading.default\">\n\t\t\t\t<div class=\"elementor-widget-container\">\n\t\t\t<h2 class=\"elementor-heading-title elementor-size-default\">FILTROS PARA EL TRATAMIENTO DE AGUAS RESIDUALES <\/h2>\t\t<\/div>\n\t\t\t\t<\/div>\n\t\t\t\t<div class=\"elementor-element elementor-element-c2b1ec6 elementor-widget elementor-widget-text-editor\" data-id=\"c2b1ec6\" data-element_type=\"widget\" data-widget_type=\"text-editor.default\">\n\t\t\t\t<div class=\"elementor-widget-container\">\n\t\t\t\t\t\t\t<p>El <strong>tratamiento de aguas residuales industriales<\/strong> es un proceso que transforma el agua que ya no es adecuada, en agua privada de los contaminantes que desea eliminar, para poder reutilizarla para diversos fines.<\/p><p>Los procesos involucrados en la separaci\u00f3n de contaminantes durante el tratamiento de aguas residuales incluyen m\u00faltiples pasos que van desde:<\/p><ul><li><strong>Pretratamiento<\/strong> consiste en una operaci\u00f3n de tipo mec\u00e1nico. <\/li><li><strong>Tratamiento primario<\/strong> consiste en intervenciones de naturaleza qu\u00edmica o f\u00edsica que tienen como objetivo eliminar materiales que podr\u00edan crear problemas en etapas posteriores.<\/li><li><strong>Tratamiento secundario<\/strong> consiste en la eliminaci\u00f3n de sustancias org\u00e1nicas biodegradables.<\/li><li><strong>Tratamiento terciario<\/strong> consiste en la eliminaci\u00f3n de sustancias org\u00e1nicas no biodegradables. <\/li><li><strong>Desinfecci\u00f3n<\/strong> consiste en la eliminaci\u00f3n de microorganismos y bacterias.<\/li><li><strong>Tratamiento de fangos<\/strong> consiste en la eliminaci\u00f3n de los residuos.<\/li><\/ul>\t\t\t\t\t\t<\/div>\n\t\t\t\t<\/div>\n\t\t\t\t<div class=\"elementor-element elementor-element-776c4e1 elementor-widget elementor-widget-button\" data-id=\"776c4e1\" data-element_type=\"widget\" data-widget_type=\"button.default\">\n\t\t\t\t<div class=\"elementor-widget-container\">\n\t\t\t\t\t<div class=\"elementor-button-wrapper\">\n\t\t\t<a href=\"https:\/\/www.tecniplant.it\/es\/tratamiento-de-aguas-residuales\/\" class=\"elementor-button-link elementor-button elementor-size-sm\" role=\"button\">\n\t\t\t\t\t\t<span class=\"elementor-button-content-wrapper\">\n\t\t\t\t\t\t<span class=\"elementor-button-text\">Descubre<\/span>\n\t\t<\/span>\n\t\t\t\t\t<\/a>\n\t\t<\/div>\n\t\t\t\t<\/div>\n\t\t\t\t<\/div>\n\t\t\t\t\t<\/div>\n\t\t<\/div>\n\t\t\t\t\t\t\t<\/div>\n\t\t<\/section>\n\t\t\t\t\t<\/div>\n\t\t<\/div>\n\t\t\t\t\t\t\t<\/div>\n\t\t<\/section>\n\t\t\t\t<section class=\"elementor-section elementor-top-section elementor-element elementor-element-d57f7a1 elementor-section-full_width elementor-section-height-default elementor-section-height-default\" data-id=\"d57f7a1\" data-element_type=\"section\" data-settings=\"{&quot;background_background&quot;:&quot;classic&quot;}\">\n\t\t\t\t\t\t<div class=\"elementor-container elementor-column-gap-default\">\n\t\t\t\t\t<div class=\"elementor-column elementor-col-100 elementor-top-column elementor-element elementor-element-0730e04\" data-id=\"0730e04\" data-element_type=\"column\">\n\t\t\t<div class=\"elementor-widget-wrap elementor-element-populated\">\n\t\t\t\t\t\t\t\t<div class=\"elementor-element elementor-element-497b0b3 elementor-widget elementor-widget-heading\" data-id=\"497b0b3\" data-element_type=\"widget\" data-widget_type=\"heading.default\">\n\t\t\t\t<div class=\"elementor-widget-container\">\n\t\t\t<h2 class=\"elementor-heading-title elementor-size-default\">EL PROCESO DE TRATAMIENTO DE AGUAS EN EL \u00c1MBITO INDUSTRIAL <\/h2>\t\t<\/div>\n\t\t\t\t<\/div>\n\t\t\t\t<div class=\"elementor-element elementor-element-1304b2b elementor-widget elementor-widget-text-editor\" data-id=\"1304b2b\" data-element_type=\"widget\" data-widget_type=\"text-editor.default\">\n\t\t\t\t<div class=\"elementor-widget-container\">\n\t\t\t\t\t\t\t<p>El <strong>proceso de tratamiento del agua industrial<\/strong> se lleva a cabo dentro de una planta especial y permite transformar el agua contaminada en un l\u00edquido limpio, reutilizable en diversas \u00e1reas.<\/p><p>En otras palabras, nuestras soluciones convierten aguas de desecho y de descarte en aguas depuradas, gracias a la eliminaci\u00f3n de los contaminantes presentes.<\/p><p>De esta manera, el ciclo de tratamiento permite la reutilizaci\u00f3n de las aguas residuales tratadas en los procesos de producci\u00f3n.<br \/>De este modo, se reduce el uso de aguas de buena calidad y se asegura un uso m\u00e1s racional del recurso h\u00eddrico en procesos industriales espec\u00edficos, en el riego, en la lucha contra incendios, etc.<\/p><p>En general, TECNIPLANT puede suministrar sistemas completos, desde el pretratamiento hasta el acabado, dise\u00f1ados seg\u00fan el destino final o el uso de las aguas tratadas.<\/p>\t\t\t\t\t\t<\/div>\n\t\t\t\t<\/div>\n\t\t\t\t\t<\/div>\n\t\t<\/div>\n\t\t\t\t\t\t\t<\/div>\n\t\t<\/section>\n\t\t\t\t<section class=\"elementor-section elementor-top-section elementor-element elementor-element-5eca7f8 elementor-section-full_width elementor-section-height-default elementor-section-height-default\" data-id=\"5eca7f8\" data-element_type=\"section\" data-settings=\"{&quot;background_background&quot;:&quot;classic&quot;}\">\n\t\t\t\t\t\t<div class=\"elementor-container elementor-column-gap-default\">\n\t\t\t\t\t<div class=\"elementor-column elementor-col-100 elementor-top-column elementor-element elementor-element-2e2f79f\" data-id=\"2e2f79f\" data-element_type=\"column\">\n\t\t\t<div class=\"elementor-widget-wrap elementor-element-populated\">\n\t\t\t\t\t\t\t\t<div class=\"elementor-element elementor-element-4cb17c7 elementor-align-center elementor-widget elementor-widget-button\" data-id=\"4cb17c7\" data-element_type=\"widget\" data-widget_type=\"button.default\">\n\t\t\t\t<div class=\"elementor-widget-container\">\n\t\t\t\t\t<div class=\"elementor-button-wrapper\">\n\t\t\t<a href=\"https:\/\/www.tecniplant.it\/es\/contactos-tecniplant-damos-forma-a-tus-ideas\/\" class=\"elementor-button-link elementor-button elementor-size-sm\" role=\"button\">\n\t\t\t\t\t\t<span class=\"elementor-button-content-wrapper\">\n\t\t\t\t\t\t<span class=\"elementor-button-text\">P\u00f3ngase en contacto con nosotros para obtener asesoramiento<\/span>\n\t\t<\/span>\n\t\t\t\t\t<\/a>\n\t\t<\/div>\n\t\t\t\t<\/div>\n\t\t\t\t<\/div>\n\t\t\t\t\t<\/div>\n\t\t<\/div>\n\t\t\t\t\t\t\t<\/div>\n\t\t<\/section>\n\t\t\t\t\t\t\t<\/div>\n\t\t","protected":false},"excerpt":{"rendered":"<p>SOLUCIONES PARA EL TRATAMIENTO DE AGUAS En TECNIPLANT dise\u00f1amos y fabricamos m\u00e1quinas y soluciones para el tratamiento de aguas. Espec\u00edficamente, la empresa ofrece soluciones completas, en cumplimiento de todos los requisitos ambientales, para el tratamiento de aguas industriales y civiles. Este proceso permite ofrecer un servicio llave en mano y a la medida en el [&hellip;]<\/p>\n","protected":false},"author":1,"featured_media":0,"parent":0,"menu_order":0,"comment_status":"closed","ping_status":"closed","template":"elementor_header_footer","meta":[],"yoast_head":"<!-- This site is optimized with the Yoast SEO plugin v19.13 - https:\/\/yoast.com\/wordpress\/plugins\/seo\/ -->\n<title>Soluciones para el Tratamiento de Aguas - Tecniplant<\/title>\n<meta name=\"description\" content=\"Soluciones para el Tratamiento de Aguas: Soluciones Completas y Respetuosas con el Medio Ambiente. \u00a1Desc\u00fabralo Ahora!\" \/>\n<meta name=\"robots\" content=\"index, follow, max-snippet:-1, max-image-preview:large, max-video-preview:-1\" \/>\n<link rel=\"canonical\" href=\"https:\/\/www.tecniplant.it\/es\/soluciones-para-el-tratamiento-de-aguas\/\" \/>\n<meta property=\"og:locale\" content=\"es_ES\" \/>\n<meta property=\"og:type\" content=\"article\" \/>\n<meta property=\"og:title\" content=\"Soluciones para el Tratamiento de Aguas - Tecniplant\" \/>\n<meta property=\"og:description\" content=\"Soluciones para el Tratamiento de Aguas: Soluciones Completas y Respetuosas con el Medio Ambiente. \u00a1Desc\u00fabralo Ahora!\" \/>\n<meta property=\"og:url\" content=\"https:\/\/www.tecniplant.it\/es\/soluciones-para-el-tratamiento-de-aguas\/\" \/>\n<meta property=\"og:site_name\" content=\"Tecniplant\" \/>\n<meta property=\"article:modified_time\" content=\"2023-04-19T14:04:40+00:00\" \/>\n<meta property=\"og:image\" content=\"https:\/\/www.tecniplant.it\/wp-content\/uploads\/2022\/07\/TP_Pittogramma_WaterTreatment.png\" \/>\n<meta name=\"twitter:card\" content=\"summary_large_image\" \/>\n<meta name=\"twitter:label1\" content=\"Tiempo de lectura\" \/>\n\t<meta name=\"twitter:data1\" content=\"3 minutos\" \/>\n<script type=\"application\/ld+json\" class=\"yoast-schema-graph\">{\"@context\":\"https:\/\/schema.org\",\"@graph\":[{\"@type\":\"WebPage\",\"@id\":\"https:\/\/www.tecniplant.it\/es\/soluciones-para-el-tratamiento-de-aguas\/\",\"url\":\"https:\/\/www.tecniplant.it\/es\/soluciones-para-el-tratamiento-de-aguas\/\",\"name\":\"Soluciones para el Tratamiento de Aguas - Tecniplant\",\"isPartOf\":{\"@id\":\"https:\/\/www.tecniplant.it\/#website\"},\"datePublished\":\"2022-07-19T14:36:48+00:00\",\"dateModified\":\"2023-04-19T14:04:40+00:00\",\"description\":\"Soluciones para el Tratamiento de Aguas: Soluciones Completas y Respetuosas con el Medio Ambiente. \u00a1Desc\u00fabralo Ahora!\",\"breadcrumb\":{\"@id\":\"https:\/\/www.tecniplant.it\/es\/soluciones-para-el-tratamiento-de-aguas\/#breadcrumb\"},\"inLanguage\":\"es\",\"potentialAction\":[{\"@type\":\"ReadAction\",\"target\":[\"https:\/\/www.tecniplant.it\/es\/soluciones-para-el-tratamiento-de-aguas\/\"]}]},{\"@type\":\"BreadcrumbList\",\"@id\":\"https:\/\/www.tecniplant.it\/es\/soluciones-para-el-tratamiento-de-aguas\/#breadcrumb\",\"itemListElement\":[{\"@type\":\"ListItem\",\"position\":1,\"name\":\"Home\",\"item\":\"https:\/\/www.tecniplant.it\/es\/\"},{\"@type\":\"ListItem\",\"position\":2,\"name\":\"TRATAMIENTO DE AGUAS\"}]},{\"@type\":\"WebSite\",\"@id\":\"https:\/\/www.tecniplant.it\/#website\",\"url\":\"https:\/\/www.tecniplant.it\/\",\"name\":\"Tecniplant\",\"description\":\"Il futuro inizia adesso\",\"publisher\":{\"@id\":\"https:\/\/www.tecniplant.it\/#organization\"},\"potentialAction\":[{\"@type\":\"SearchAction\",\"target\":{\"@type\":\"EntryPoint\",\"urlTemplate\":\"https:\/\/www.tecniplant.it\/?s={search_term_string}\"},\"query-input\":\"required name=search_term_string\"}],\"inLanguage\":\"es\"},{\"@type\":\"Organization\",\"@id\":\"https:\/\/www.tecniplant.it\/#organization\",\"name\":\"Tecniplant\",\"url\":\"https:\/\/www.tecniplant.it\/\",\"logo\":{\"@type\":\"ImageObject\",\"inLanguage\":\"es\",\"@id\":\"https:\/\/www.tecniplant.it\/#\/schema\/logo\/image\/\",\"url\":\"https:\/\/www.tecniplant.it\/wp-content\/uploads\/2022\/07\/Tecniplant_logo.png\",\"contentUrl\":\"https:\/\/www.tecniplant.it\/wp-content\/uploads\/2022\/07\/Tecniplant_logo.png\",\"width\":1601,\"height\":350,\"caption\":\"Tecniplant\"},\"image\":{\"@id\":\"https:\/\/www.tecniplant.it\/#\/schema\/logo\/image\/\"}}]}<\/script>\n<!-- \/ Yoast SEO plugin. -->","yoast_head_json":{"title":"Soluciones para el Tratamiento de Aguas - Tecniplant","description":"Soluciones para el Tratamiento de Aguas: Soluciones Completas y Respetuosas con el Medio Ambiente. \u00a1Desc\u00fabralo Ahora!","robots":{"index":"index","follow":"follow","max-snippet":"max-snippet:-1","max-image-preview":"max-image-preview:large","max-video-preview":"max-video-preview:-1"},"canonical":"https:\/\/www.tecniplant.it\/es\/soluciones-para-el-tratamiento-de-aguas\/","og_locale":"es_ES","og_type":"article","og_title":"Soluciones para el Tratamiento de Aguas - Tecniplant","og_description":"Soluciones para el Tratamiento de Aguas: Soluciones Completas y Respetuosas con el Medio Ambiente. \u00a1Desc\u00fabralo Ahora!","og_url":"https:\/\/www.tecniplant.it\/es\/soluciones-para-el-tratamiento-de-aguas\/","og_site_name":"Tecniplant","article_modified_time":"2023-04-19T14:04:40+00:00","og_image":[{"url":"https:\/\/www.tecniplant.it\/wp-content\/uploads\/2022\/07\/TP_Pittogramma_WaterTreatment.png"}],"twitter_card":"summary_large_image","twitter_misc":{"Tiempo de lectura":"3 minutos"},"schema":{"@context":"https:\/\/schema.org","@graph":[{"@type":"WebPage","@id":"https:\/\/www.tecniplant.it\/es\/soluciones-para-el-tratamiento-de-aguas\/","url":"https:\/\/www.tecniplant.it\/es\/soluciones-para-el-tratamiento-de-aguas\/","name":"Soluciones para el Tratamiento de Aguas - Tecniplant","isPartOf":{"@id":"https:\/\/www.tecniplant.it\/#website"},"datePublished":"2022-07-19T14:36:48+00:00","dateModified":"2023-04-19T14:04:40+00:00","description":"Soluciones para el Tratamiento de Aguas: Soluciones Completas y Respetuosas con el Medio Ambiente. \u00a1Desc\u00fabralo Ahora!","breadcrumb":{"@id":"https:\/\/www.tecniplant.it\/es\/soluciones-para-el-tratamiento-de-aguas\/#breadcrumb"},"inLanguage":"es","potentialAction":[{"@type":"ReadAction","target":["https:\/\/www.tecniplant.it\/es\/soluciones-para-el-tratamiento-de-aguas\/"]}]},{"@type":"BreadcrumbList","@id":"https:\/\/www.tecniplant.it\/es\/soluciones-para-el-tratamiento-de-aguas\/#breadcrumb","itemListElement":[{"@type":"ListItem","position":1,"name":"Home","item":"https:\/\/www.tecniplant.it\/es\/"},{"@type":"ListItem","position":2,"name":"TRATAMIENTO DE AGUAS"}]},{"@type":"WebSite","@id":"https:\/\/www.tecniplant.it\/#website","url":"https:\/\/www.tecniplant.it\/","name":"Tecniplant","description":"Il futuro inizia adesso","publisher":{"@id":"https:\/\/www.tecniplant.it\/#organization"},"potentialAction":[{"@type":"SearchAction","target":{"@type":"EntryPoint","urlTemplate":"https:\/\/www.tecniplant.it\/?s={search_term_string}"},"query-input":"required name=search_term_string"}],"inLanguage":"es"},{"@type":"Organization","@id":"https:\/\/www.tecniplant.it\/#organization","name":"Tecniplant","url":"https:\/\/www.tecniplant.it\/","logo":{"@type":"ImageObject","inLanguage":"es","@id":"https:\/\/www.tecniplant.it\/#\/schema\/logo\/image\/","url":"https:\/\/www.tecniplant.it\/wp-content\/uploads\/2022\/07\/Tecniplant_logo.png","contentUrl":"https:\/\/www.tecniplant.it\/wp-content\/uploads\/2022\/07\/Tecniplant_logo.png","width":1601,"height":350,"caption":"Tecniplant"},"image":{"@id":"https:\/\/www.tecniplant.it\/#\/schema\/logo\/image\/"}}]}},"_links":{"self":[{"href":"https:\/\/www.tecniplant.it\/es\/wp-json\/wp\/v2\/pages\/5256"}],"collection":[{"href":"https:\/\/www.tecniplant.it\/es\/wp-json\/wp\/v2\/pages"}],"about":[{"href":"https:\/\/www.tecniplant.it\/es\/wp-json\/wp\/v2\/types\/page"}],"author":[{"embeddable":true,"href":"https:\/\/www.tecniplant.it\/es\/wp-json\/wp\/v2\/users\/1"}],"replies":[{"embeddable":true,"href":"https:\/\/www.tecniplant.it\/es\/wp-json\/wp\/v2\/comments?post=5256"}],"version-history":[{"count":13,"href":"https:\/\/www.tecniplant.it\/es\/wp-json\/wp\/v2\/pages\/5256\/revisions"}],"predecessor-version":[{"id":6176,"href":"https:\/\/www.tecniplant.it\/es\/wp-json\/wp\/v2\/pages\/5256\/revisions\/6176"}],"wp:attachment":[{"href":"https:\/\/www.tecniplant.it\/es\/wp-json\/wp\/v2\/media?parent=5256"}],"curies":[{"name":"wp","href":"https:\/\/api.w.org\/{rel}","templated":true}]}}