{"id":3166,"date":"2022-08-02T08:19:31","date_gmt":"2022-08-02T08:19:31","guid":{"rendered":"https:\/\/www.tecniplant.it\/documenti\/"},"modified":"2023-04-18T14:54:44","modified_gmt":"2023-04-18T14:54:44","slug":"dokumente","status":"publish","type":"page","link":"https:\/\/www.tecniplant.it\/de\/dokumente\/","title":{"rendered":"DOKUMENTE"},"content":{"rendered":"\t\t<div data-elementor-type=\"wp-page\" data-elementor-id=\"3166\" class=\"elementor elementor-3166 elementor-916\">\n\t\t\t\t\t\t\t\t\t<section class=\"elementor-section elementor-top-section elementor-element elementor-element-2c66605 elementor-section-height-min-height elementor-section-items-bottom elementor-section-boxed elementor-section-height-default\" data-id=\"2c66605\" data-element_type=\"section\" data-settings=\"{&quot;background_background&quot;:&quot;classic&quot;}\">\n\t\t\t\t\t\t\t<div class=\"elementor-background-overlay\"><\/div>\n\t\t\t\t\t\t\t<div class=\"elementor-container elementor-column-gap-no\">\n\t\t\t\t\t<div class=\"elementor-column elementor-col-100 elementor-top-column elementor-element elementor-element-2b372ad\" data-id=\"2b372ad\" data-element_type=\"column\">\n\t\t\t<div class=\"elementor-widget-wrap elementor-element-populated\">\n\t\t\t\t\t\t\t\t<div class=\"elementor-element elementor-element-b6179b6 elementor-widget elementor-widget-heading\" data-id=\"b6179b6\" data-element_type=\"widget\" data-widget_type=\"heading.default\">\n\t\t\t\t<div class=\"elementor-widget-container\">\n\t\t\t<style>\/*! elementor - v3.11.5 - 14-03-2023 *\/\n.elementor-heading-title{padding:0;margin:0;line-height:1}.elementor-widget-heading .elementor-heading-title[class*=elementor-size-]>a{color:inherit;font-size:inherit;line-height:inherit}.elementor-widget-heading .elementor-heading-title.elementor-size-small{font-size:15px}.elementor-widget-heading .elementor-heading-title.elementor-size-medium{font-size:19px}.elementor-widget-heading .elementor-heading-title.elementor-size-large{font-size:29px}.elementor-widget-heading .elementor-heading-title.elementor-size-xl{font-size:39px}.elementor-widget-heading .elementor-heading-title.elementor-size-xxl{font-size:59px}<\/style><h1 class=\"elementor-heading-title elementor-size-default\">TECNIPLANT DOKUMENTE <\/h1>\t\t<\/div>\n\t\t\t\t<\/div>\n\t\t\t\t\t<\/div>\n\t\t<\/div>\n\t\t\t\t\t\t\t<\/div>\n\t\t<\/section>\n\t\t\t\t<section class=\"elementor-section elementor-top-section elementor-element elementor-element-dbab8f1 elementor-section-boxed elementor-section-height-default elementor-section-height-default\" data-id=\"dbab8f1\" data-element_type=\"section\">\n\t\t\t\t\t\t<div class=\"elementor-container elementor-column-gap-default\">\n\t\t\t\t\t<div class=\"elementor-column elementor-col-100 elementor-top-column elementor-element elementor-element-771caa9\" data-id=\"771caa9\" data-element_type=\"column\">\n\t\t\t<div class=\"elementor-widget-wrap elementor-element-populated\">\n\t\t\t\t\t\t\t\t<div class=\"elementor-element elementor-element-f98cd0a elementor-widget elementor-widget-text-editor\" data-id=\"f98cd0a\" data-element_type=\"widget\" data-widget_type=\"text-editor.default\">\n\t\t\t\t<div class=\"elementor-widget-container\">\n\t\t\t<style>\/*! elementor - v3.11.5 - 14-03-2023 *\/\n.elementor-widget-text-editor.elementor-drop-cap-view-stacked .elementor-drop-cap{background-color:#818a91;color:#fff}.elementor-widget-text-editor.elementor-drop-cap-view-framed .elementor-drop-cap{color:#818a91;border:3px solid;background-color:transparent}.elementor-widget-text-editor:not(.elementor-drop-cap-view-default) .elementor-drop-cap{margin-top:8px}.elementor-widget-text-editor:not(.elementor-drop-cap-view-default) .elementor-drop-cap-letter{width:1em;height:1em}.elementor-widget-text-editor .elementor-drop-cap{float:left;text-align:center;line-height:1;font-size:50px}.elementor-widget-text-editor .elementor-drop-cap-letter{display:inline-block}<\/style>\t\t\t\t<p>Seit 1974 ist TECNIPLANT Synonym f\u00fcr <strong>Innovation und Spitzentechnologie.<\/strong> In diesem Abschnitt haben wir die <strong>TECNIPLANT Dokumente<\/strong> zusammengestellt, die unsere Geschichte erz\u00e4hlen, unsere Erfolge beschreiben und \u00fcber unsere zuk\u00fcnftigen Ziele sprechen.<\/p>\t\t\t\t\t\t<\/div>\n\t\t\t\t<\/div>\n\t\t\t\t\t<\/div>\n\t\t<\/div>\n\t\t\t\t\t\t\t<\/div>\n\t\t<\/section>\n\t\t\t\t<section class=\"elementor-section elementor-top-section elementor-element elementor-element-532c783 elementor-section-full_width elementor-section-height-default elementor-section-height-default\" data-id=\"532c783\" data-element_type=\"section\">\n\t\t\t\t\t\t<div class=\"elementor-container elementor-column-gap-default\">\n\t\t\t\t\t<div class=\"elementor-column elementor-col-100 elementor-top-column elementor-element elementor-element-6373043\" data-id=\"6373043\" data-element_type=\"column\" data-settings=\"{&quot;background_background&quot;:&quot;classic&quot;}\">\n\t\t\t<div class=\"elementor-widget-wrap elementor-element-populated\">\n\t\t\t\t\t\t\t\t<div class=\"elementor-element elementor-element-110fe65 elementor-widget elementor-widget-heading\" data-id=\"110fe65\" data-element_type=\"widget\" data-widget_type=\"heading.default\">\n\t\t\t\t<div class=\"elementor-widget-container\">\n\t\t\t<h2 class=\"elementor-heading-title elementor-size-default\">DER ETHIKKODEX VON TECNIPLANT <\/h2>\t\t<\/div>\n\t\t\t\t<\/div>\n\t\t\t\t<div class=\"elementor-element elementor-element-d96c49d elementor-widget elementor-widget-text-editor\" data-id=\"d96c49d\" data-element_type=\"widget\" data-widget_type=\"text-editor.default\">\n\t\t\t\t<div class=\"elementor-widget-container\">\n\t\t\t\t\t\t\t<p>Der <strong>Ethikkodex <\/strong>ist eines der TECNIPLANT Dokumente, das klar und transparent die <strong>Werte <\/strong>definiert, von denen sich unser Unternehmen leiten l\u00e4sst.<\/p><p>\u00a0<\/p><p>Die im Ethikkodex enthaltenen Regeln beruhen auf der <strong>Einhaltung aller geltenden Gesetze <\/strong>und der Annahme eines ethisch korrekten und fairen Verhaltens.<\/p><p>\u00a0<\/p><p>Unser Ethikkodex gilt f\u00fcr alle <strong>Mitarbeiter des Unternehmens<\/strong> und f\u00fcr alle, die &#8211; in welcher Eigenschaft auch immer &#8211; <strong>mit dem Unternehmen zusammenarbeiten und f\u00fcr es t\u00e4tig sind<\/strong>, auch wenn dies nur gelegentlich der Fall ist.<\/p><p>\u00a0<\/p><p>Weitere Informationen zu diesem Thema finden Sie in unserem Ethikkodex.<\/p>\t\t\t\t\t\t<\/div>\n\t\t\t\t<\/div>\n\t\t\t\t<div class=\"elementor-element elementor-element-f586063 elementor-widget elementor-widget-button\" data-id=\"f586063\" data-element_type=\"widget\" data-widget_type=\"button.default\">\n\t\t\t\t<div class=\"elementor-widget-container\">\n\t\t\t\t\t<div class=\"elementor-button-wrapper\">\n\t\t\t<a href=\"https:\/\/www.tecniplant.it\/wp-content\/uploads\/2022\/10\/CodiceEtico_ENG.pdf\" target=\"_blank\" class=\"elementor-button-link elementor-button elementor-size-sm\" role=\"button\">\n\t\t\t\t\t\t<span class=\"elementor-button-content-wrapper\">\n\t\t\t\t\t\t<span class=\"elementor-button-text\">Zum Download der pdf-Datei<\/span>\n\t\t<\/span>\n\t\t\t\t\t<\/a>\n\t\t<\/div>\n\t\t\t\t<\/div>\n\t\t\t\t<\/div>\n\t\t\t\t\t<\/div>\n\t\t<\/div>\n\t\t\t\t\t\t\t<\/div>\n\t\t<\/section>\n\t\t\t\t<section class=\"elementor-section elementor-top-section elementor-element elementor-element-60e883a elementor-section-full_width elementor-section-height-default elementor-section-height-default\" data-id=\"60e883a\" data-element_type=\"section\">\n\t\t\t\t\t\t<div class=\"elementor-container elementor-column-gap-default\">\n\t\t\t\t\t<div class=\"elementor-column elementor-col-100 elementor-top-column elementor-element elementor-element-04a8a0e\" data-id=\"04a8a0e\" data-element_type=\"column\" data-settings=\"{&quot;background_background&quot;:&quot;classic&quot;}\">\n\t\t\t<div class=\"elementor-widget-wrap elementor-element-populated\">\n\t\t\t\t\t\t\t\t<div class=\"elementor-element elementor-element-2549aa8 elementor-widget elementor-widget-heading\" data-id=\"2549aa8\" data-element_type=\"widget\" data-widget_type=\"heading.default\">\n\t\t\t\t<div class=\"elementor-widget-container\">\n\t\t\t<h2 class=\"elementor-heading-title elementor-size-default\">QUALIT\u00c4T UND TECNIPLANT UMWELT- UND SICHERHEITSPOLITIK<\/h2>\t\t<\/div>\n\t\t\t\t<\/div>\n\t\t\t\t<div class=\"elementor-element elementor-element-4994e0d elementor-widget elementor-widget-text-editor\" data-id=\"4994e0d\" data-element_type=\"widget\" data-widget_type=\"text-editor.default\">\n\t\t\t\t<div class=\"elementor-widget-container\">\n\t\t\t\t\t\t\t<p>Die <strong>Produktqualit\u00e4t <\/strong>sowie die <strong>Umwelt- und Sicherheitspolitik<\/strong> sind wichtige Elemente unserer Unternehmensvision.<\/p><p>\u00a0<\/p><p>Deshalb wollen wir die <strong>Bed\u00fcrfnisse <\/strong>und <strong>Erwartungen <\/strong>der Kunden und aller anderen Beteiligten ermitteln, damit wir sie bestm\u00f6glich erf\u00fcllen k\u00f6nnen.<\/p><p>\u00a0<\/p><p><strong>Qualit\u00e4ts-, Sicherheits- und Umweltpolitik des Unternehmens<\/strong> werden j\u00e4hrlich \u00fcberarbeitet. Die regelm\u00e4\u00dfige \u00dcberpr\u00fcfung dieser Art von Politik erm\u00f6glicht es uns, ihre <strong>fortdauernde Angemessenheit <\/strong>festzustellen und sie im Einklang mit den Unternehmenszielen und -strategien zu <strong>aktualisieren<\/strong>.<\/p><p>\u00a0<\/p><p>Au\u00dferdem \u00fcberpr\u00fcfen wir in regelm\u00e4\u00dfigen Abst\u00e4nden die <strong>Wirksamkeit des integrierten Managementsystems <\/strong>f\u00fcr Qualit\u00e4t, Umwelt und Arbeitssicherheit. Wir f\u00f6rdern Verbesserungsma\u00dfnahmen zur Steigerung der <strong>Kundenzufriedenheit<\/strong>, der <strong>Umweltleistung <\/strong>sowie der <strong>Gesundheit und Sicherheit <\/strong>am Arbeitsplatz.<\/p><p>\u00a0<\/p><p>Und schlie\u00dflich hat TECNIPLANT im Laufe der Jahre die <strong>drei Zertifizierungen UNI EN ISO 9001-2015, 45001-2018 und 14001-2015 erhalten und integriert. <\/strong>Dies ist eine wichtige Anerkennung, die ein wirksames<\/p><p>\u00a0Managementsystem und eine kontinuierliche Verbesserung des Ansehens unseres Unternehmens bescheinigt.<\/p><p>\u00a0<\/p><p>Weitere Informationen finden Sie in den nachstehenden zusammenfassenden Dokumenten.<\/p>\t\t\t\t\t\t<\/div>\n\t\t\t\t<\/div>\n\t\t\t\t<div class=\"elementor-element elementor-element-65712a1 elementor-widget elementor-widget-button\" data-id=\"65712a1\" data-element_type=\"widget\" data-widget_type=\"button.default\">\n\t\t\t\t<div class=\"elementor-widget-container\">\n\t\t\t\t\t<div class=\"elementor-button-wrapper\">\n\t\t\t<a href=\"https:\/\/www.tecniplant.it\/wp-content\/uploads\/2022\/10\/mod.-5.2-1-Policy-for-quality-environment-and-safety-at-work.pdf\" target=\"_blank\" class=\"elementor-button-link elementor-button elementor-size-sm\" role=\"button\">\n\t\t\t\t\t\t<span class=\"elementor-button-content-wrapper\">\n\t\t\t\t\t\t<span class=\"elementor-button-text\">Zum Download der pdf-Datei  QSE Policy<\/span>\n\t\t<\/span>\n\t\t\t\t\t<\/a>\n\t\t<\/div>\n\t\t\t\t<\/div>\n\t\t\t\t<\/div>\n\t\t\t\t<div class=\"elementor-element elementor-element-de04b62 elementor-widget elementor-widget-button\" data-id=\"de04b62\" data-element_type=\"widget\" data-widget_type=\"button.default\">\n\t\t\t\t<div class=\"elementor-widget-container\">\n\t\t\t\t\t<div class=\"elementor-button-wrapper\">\n\t\t\t<a href=\"https:\/\/www.tecniplant.it\/wp-content\/uploads\/2022\/10\/UNI-EN-ISO-9001-201550-100-11698-Rev.005.pdf\" target=\"_blank\" class=\"elementor-button-link elementor-button elementor-size-sm\" role=\"button\">\n\t\t\t\t\t\t<span class=\"elementor-button-content-wrapper\">\n\t\t\t\t\t\t<span class=\"elementor-button-text\">Zum Download der pdf-Datei UNI EN ISO 9001-2015<\/span>\n\t\t<\/span>\n\t\t\t\t\t<\/a>\n\t\t<\/div>\n\t\t\t\t<\/div>\n\t\t\t\t<\/div>\n\t\t\t\t<div class=\"elementor-element elementor-element-5d5edde elementor-widget elementor-widget-button\" data-id=\"5d5edde\" data-element_type=\"widget\" data-widget_type=\"button.default\">\n\t\t\t\t<div class=\"elementor-widget-container\">\n\t\t\t\t\t<div class=\"elementor-button-wrapper\">\n\t\t\t<a href=\"https:\/\/www.tecniplant.it\/wp-content\/uploads\/2022\/10\/UNI-ISO-45001-2018-50-100-13111-Rev.003.pdf\" target=\"_blank\" class=\"elementor-button-link elementor-button elementor-size-sm\" role=\"button\">\n\t\t\t\t\t\t<span class=\"elementor-button-content-wrapper\">\n\t\t\t\t\t\t<span class=\"elementor-button-text\">Zum Download der pdf-Datei UNI EN ISO 45001-2018<\/span>\n\t\t<\/span>\n\t\t\t\t\t<\/a>\n\t\t<\/div>\n\t\t\t\t<\/div>\n\t\t\t\t<\/div>\n\t\t\t\t<div class=\"elementor-element elementor-element-37a4384 elementor-widget elementor-widget-button\" data-id=\"37a4384\" data-element_type=\"widget\" data-widget_type=\"button.default\">\n\t\t\t\t<div class=\"elementor-widget-container\">\n\t\t\t\t\t<div class=\"elementor-button-wrapper\">\n\t\t\t<a href=\"https:\/\/www.tecniplant.it\/wp-content\/uploads\/2022\/10\/UNI-EN-ISO-14001-2015-50-100-13110-Rev.002.pdf\" target=\"_blank\" class=\"elementor-button-link elementor-button elementor-size-sm\" role=\"button\">\n\t\t\t\t\t\t<span class=\"elementor-button-content-wrapper\">\n\t\t\t\t\t\t<span class=\"elementor-button-text\">Zum Download der pdf-Datei UNI EN ISO 14001-2015<\/span>\n\t\t<\/span>\n\t\t\t\t\t<\/a>\n\t\t<\/div>\n\t\t\t\t<\/div>\n\t\t\t\t<\/div>\n\t\t\t\t\t<\/div>\n\t\t<\/div>\n\t\t\t\t\t\t\t<\/div>\n\t\t<\/section>\n\t\t\t\t<section class=\"elementor-section elementor-top-section elementor-element elementor-element-1172372 elementor-section-full_width elementor-section-height-default elementor-section-height-default\" data-id=\"1172372\" data-element_type=\"section\">\n\t\t\t\t\t\t<div class=\"elementor-container elementor-column-gap-default\">\n\t\t\t\t\t<div class=\"elementor-column elementor-col-100 elementor-top-column elementor-element elementor-element-ad734eb\" data-id=\"ad734eb\" data-element_type=\"column\" data-settings=\"{&quot;background_background&quot;:&quot;classic&quot;}\">\n\t\t\t<div class=\"elementor-widget-wrap elementor-element-populated\">\n\t\t\t\t\t\t\t\t<div class=\"elementor-element elementor-element-bb9b3e0 elementor-widget elementor-widget-heading\" data-id=\"bb9b3e0\" data-element_type=\"widget\" data-widget_type=\"heading.default\">\n\t\t\t\t<div class=\"elementor-widget-container\">\n\t\t\t<h2 class=\"elementor-heading-title elementor-size-default\">ALLGEMEINE EINKAUFSBEDINGUNGEN VON TECNIPLANT <\/h2>\t\t<\/div>\n\t\t\t\t<\/div>\n\t\t\t\t<div class=\"elementor-element elementor-element-3d69005 elementor-widget elementor-widget-text-editor\" data-id=\"3d69005\" data-element_type=\"widget\" data-widget_type=\"text-editor.default\">\n\t\t\t\t<div class=\"elementor-widget-container\">\n\t\t\t\t\t\t\t<p>Um unsere Beziehungen zu den Lieferanten so <strong>transparent <\/strong>wie m\u00f6glich zu gestalten, haben wir beschlossen, unsere <strong>Allgemeinen Einkaufsbedingungen<\/strong> in den TECNIPLANT-Dokumenten ausdr\u00fccklich zu erw\u00e4hnen.<\/p><p>\u00a0<\/p><p>Die Allgemeinen Einkaufsbedingungen sind ein <strong>integraler und wesentlicher Bestandteil <\/strong>jeder Bestellung.<\/p><p>\u00a0<\/p><p>Diese Bedingungen <strong>regeln alle vertraglichen Beziehungen<\/strong> zwischen TECNIPLANT und dem Lieferanten und haben Vorrang vor etwaigen abweichenden Bestimmungen, die in allgemeinen oder besonderen Verkaufsbedingungen oder Auftragsbest\u00e4tigungen des Lieferanten enthalten sind.<\/p><p>\u00a0<\/p><p>In diesem Bereich finden Sie das gesamte Dokument der Allgemeinen Einkaufsbedingungen.<\/p>\t\t\t\t\t\t<\/div>\n\t\t\t\t<\/div>\n\t\t\t\t<div class=\"elementor-element elementor-element-da2274b elementor-widget elementor-widget-button\" data-id=\"da2274b\" data-element_type=\"widget\" data-widget_type=\"button.default\">\n\t\t\t\t<div class=\"elementor-widget-container\">\n\t\t\t\t\t<div class=\"elementor-button-wrapper\">\n\t\t\t<a href=\"https:\/\/www.tecniplant.it\/wp-content\/uploads\/2022\/10\/Allegato-5-Condizioni-Gen-Acquisto-ING.pdf\" target=\"_blank\" class=\"elementor-button-link elementor-button elementor-size-sm\" role=\"button\">\n\t\t\t\t\t\t<span class=\"elementor-button-content-wrapper\">\n\t\t\t\t\t\t<span class=\"elementor-button-text\">Zum Download der pdf-Datei<\/span>\n\t\t<\/span>\n\t\t\t\t\t<\/a>\n\t\t<\/div>\n\t\t\t\t<\/div>\n\t\t\t\t<\/div>\n\t\t\t\t\t<\/div>\n\t\t<\/div>\n\t\t\t\t\t\t\t<\/div>\n\t\t<\/section>\n\t\t\t\t<section class=\"elementor-section elementor-top-section elementor-element elementor-element-8b62c96 elementor-section-boxed elementor-section-height-default elementor-section-height-default\" data-id=\"8b62c96\" data-element_type=\"section\">\n\t\t\t\t\t\t<div class=\"elementor-container elementor-column-gap-default\">\n\t\t\t\t\t<div class=\"elementor-column elementor-col-100 elementor-top-column elementor-element elementor-element-b2623e3\" data-id=\"b2623e3\" data-element_type=\"column\">\n\t\t\t<div class=\"elementor-widget-wrap elementor-element-populated\">\n\t\t\t\t\t\t\t\t<div class=\"elementor-element elementor-element-65b61cb elementor-align-center elementor-widget elementor-widget-button\" data-id=\"65b61cb\" data-element_type=\"widget\" data-widget_type=\"button.default\">\n\t\t\t\t<div class=\"elementor-widget-container\">\n\t\t\t\t\t<div class=\"elementor-button-wrapper\">\n\t\t\t<a href=\"https:\/\/www.tecniplant.it\/de\/contatti\/\" class=\"elementor-button-link elementor-button elementor-size-sm\" role=\"button\">\n\t\t\t\t\t\t<span class=\"elementor-button-content-wrapper\">\n\t\t\t\t\t\t<span class=\"elementor-button-text\">Kontaktieren Sie uns f\u00fcr weitere Informationen <\/span>\n\t\t<\/span>\n\t\t\t\t\t<\/a>\n\t\t<\/div>\n\t\t\t\t<\/div>\n\t\t\t\t<\/div>\n\t\t\t\t\t<\/div>\n\t\t<\/div>\n\t\t\t\t\t\t\t<\/div>\n\t\t<\/section>\n\t\t\t\t\t\t\t<\/div>\n\t\t","protected":false},"excerpt":{"rendered":"<p>TECNIPLANT DOKUMENTE Seit 1974 ist TECNIPLANT Synonym f\u00fcr Innovation und Spitzentechnologie. In diesem Abschnitt haben wir die TECNIPLANT Dokumente zusammengestellt, die unsere Geschichte erz\u00e4hlen, unsere Erfolge beschreiben und \u00fcber unsere zuk\u00fcnftigen Ziele sprechen. DER ETHIKKODEX VON TECNIPLANT Der Ethikkodex ist eines der TECNIPLANT Dokumente, das klar und transparent die Werte definiert, von denen sich unser [&hellip;]<\/p>\n","protected":false},"author":1,"featured_media":0,"parent":0,"menu_order":0,"comment_status":"closed","ping_status":"closed","template":"elementor_header_footer","meta":[],"yoast_head":"<!-- This site is optimized with the Yoast SEO plugin v19.13 - https:\/\/yoast.com\/wordpress\/plugins\/seo\/ -->\n<title>Tecniplant Dokumente - L\u00f6sungen Fest-Fl\u00fcssig-Trennung<\/title>\n<meta name=\"description\" content=\"Tecniplant-Dokumente: Zertifizierungen, Umwelt- und Sicherheitspolitik und Allgemeine Einkaufsbedingungen. Erfahren Sie mehr!\" \/>\n<meta name=\"robots\" content=\"index, follow, max-snippet:-1, max-image-preview:large, max-video-preview:-1\" \/>\n<link rel=\"canonical\" href=\"https:\/\/www.tecniplant.it\/de\/dokumente\/\" \/>\n<meta property=\"og:locale\" content=\"de_DE\" \/>\n<meta property=\"og:type\" content=\"article\" \/>\n<meta property=\"og:title\" content=\"Tecniplant Dokumente - L\u00f6sungen Fest-Fl\u00fcssig-Trennung\" \/>\n<meta property=\"og:description\" content=\"Tecniplant-Dokumente: Zertifizierungen, Umwelt- und Sicherheitspolitik und Allgemeine Einkaufsbedingungen. Erfahren Sie mehr!\" \/>\n<meta property=\"og:url\" content=\"https:\/\/www.tecniplant.it\/de\/dokumente\/\" \/>\n<meta property=\"og:site_name\" content=\"Tecniplant\" \/>\n<meta property=\"article:modified_time\" content=\"2023-04-18T14:54:44+00:00\" \/>\n<meta name=\"twitter:card\" content=\"summary_large_image\" \/>\n<meta name=\"twitter:label1\" content=\"Gesch\u00e4tzte Lesezeit\" \/>\n\t<meta name=\"twitter:data1\" content=\"3 Minuten\" \/>\n<script type=\"application\/ld+json\" class=\"yoast-schema-graph\">{\"@context\":\"https:\/\/schema.org\",\"@graph\":[{\"@type\":\"WebPage\",\"@id\":\"https:\/\/www.tecniplant.it\/de\/dokumente\/\",\"url\":\"https:\/\/www.tecniplant.it\/de\/dokumente\/\",\"name\":\"Tecniplant Dokumente - L\u00f6sungen Fest-Fl\u00fcssig-Trennung\",\"isPartOf\":{\"@id\":\"https:\/\/www.tecniplant.it\/#website\"},\"datePublished\":\"2022-08-02T08:19:31+00:00\",\"dateModified\":\"2023-04-18T14:54:44+00:00\",\"description\":\"Tecniplant-Dokumente: Zertifizierungen, Umwelt- und Sicherheitspolitik und Allgemeine Einkaufsbedingungen. Erfahren Sie mehr!\",\"breadcrumb\":{\"@id\":\"https:\/\/www.tecniplant.it\/de\/dokumente\/#breadcrumb\"},\"inLanguage\":\"de-DE\",\"potentialAction\":[{\"@type\":\"ReadAction\",\"target\":[\"https:\/\/www.tecniplant.it\/de\/dokumente\/\"]}]},{\"@type\":\"BreadcrumbList\",\"@id\":\"https:\/\/www.tecniplant.it\/de\/dokumente\/#breadcrumb\",\"itemListElement\":[{\"@type\":\"ListItem\",\"position\":1,\"name\":\"Home\",\"item\":\"https:\/\/www.tecniplant.it\/de\/\"},{\"@type\":\"ListItem\",\"position\":2,\"name\":\"DOKUMENTE\"}]},{\"@type\":\"WebSite\",\"@id\":\"https:\/\/www.tecniplant.it\/#website\",\"url\":\"https:\/\/www.tecniplant.it\/\",\"name\":\"Tecniplant\",\"description\":\"Il futuro inizia adesso\",\"publisher\":{\"@id\":\"https:\/\/www.tecniplant.it\/#organization\"},\"potentialAction\":[{\"@type\":\"SearchAction\",\"target\":{\"@type\":\"EntryPoint\",\"urlTemplate\":\"https:\/\/www.tecniplant.it\/?s={search_term_string}\"},\"query-input\":\"required name=search_term_string\"}],\"inLanguage\":\"de-DE\"},{\"@type\":\"Organization\",\"@id\":\"https:\/\/www.tecniplant.it\/#organization\",\"name\":\"Tecniplant\",\"url\":\"https:\/\/www.tecniplant.it\/\",\"logo\":{\"@type\":\"ImageObject\",\"inLanguage\":\"de-DE\",\"@id\":\"https:\/\/www.tecniplant.it\/#\/schema\/logo\/image\/\",\"url\":\"https:\/\/www.tecniplant.it\/wp-content\/uploads\/2022\/07\/Tecniplant_logo.png\",\"contentUrl\":\"https:\/\/www.tecniplant.it\/wp-content\/uploads\/2022\/07\/Tecniplant_logo.png\",\"width\":1601,\"height\":350,\"caption\":\"Tecniplant\"},\"image\":{\"@id\":\"https:\/\/www.tecniplant.it\/#\/schema\/logo\/image\/\"}}]}<\/script>\n<!-- \/ Yoast SEO plugin. -->","yoast_head_json":{"title":"Tecniplant Dokumente - L\u00f6sungen Fest-Fl\u00fcssig-Trennung","description":"Tecniplant-Dokumente: Zertifizierungen, Umwelt- und Sicherheitspolitik und Allgemeine Einkaufsbedingungen. Erfahren Sie mehr!","robots":{"index":"index","follow":"follow","max-snippet":"max-snippet:-1","max-image-preview":"max-image-preview:large","max-video-preview":"max-video-preview:-1"},"canonical":"https:\/\/www.tecniplant.it\/de\/dokumente\/","og_locale":"de_DE","og_type":"article","og_title":"Tecniplant Dokumente - L\u00f6sungen Fest-Fl\u00fcssig-Trennung","og_description":"Tecniplant-Dokumente: Zertifizierungen, Umwelt- und Sicherheitspolitik und Allgemeine Einkaufsbedingungen. Erfahren Sie mehr!","og_url":"https:\/\/www.tecniplant.it\/de\/dokumente\/","og_site_name":"Tecniplant","article_modified_time":"2023-04-18T14:54:44+00:00","twitter_card":"summary_large_image","twitter_misc":{"Gesch\u00e4tzte Lesezeit":"3 Minuten"},"schema":{"@context":"https:\/\/schema.org","@graph":[{"@type":"WebPage","@id":"https:\/\/www.tecniplant.it\/de\/dokumente\/","url":"https:\/\/www.tecniplant.it\/de\/dokumente\/","name":"Tecniplant Dokumente - L\u00f6sungen Fest-Fl\u00fcssig-Trennung","isPartOf":{"@id":"https:\/\/www.tecniplant.it\/#website"},"datePublished":"2022-08-02T08:19:31+00:00","dateModified":"2023-04-18T14:54:44+00:00","description":"Tecniplant-Dokumente: Zertifizierungen, Umwelt- und Sicherheitspolitik und Allgemeine Einkaufsbedingungen. Erfahren Sie mehr!","breadcrumb":{"@id":"https:\/\/www.tecniplant.it\/de\/dokumente\/#breadcrumb"},"inLanguage":"de-DE","potentialAction":[{"@type":"ReadAction","target":["https:\/\/www.tecniplant.it\/de\/dokumente\/"]}]},{"@type":"BreadcrumbList","@id":"https:\/\/www.tecniplant.it\/de\/dokumente\/#breadcrumb","itemListElement":[{"@type":"ListItem","position":1,"name":"Home","item":"https:\/\/www.tecniplant.it\/de\/"},{"@type":"ListItem","position":2,"name":"DOKUMENTE"}]},{"@type":"WebSite","@id":"https:\/\/www.tecniplant.it\/#website","url":"https:\/\/www.tecniplant.it\/","name":"Tecniplant","description":"Il futuro inizia adesso","publisher":{"@id":"https:\/\/www.tecniplant.it\/#organization"},"potentialAction":[{"@type":"SearchAction","target":{"@type":"EntryPoint","urlTemplate":"https:\/\/www.tecniplant.it\/?s={search_term_string}"},"query-input":"required name=search_term_string"}],"inLanguage":"de-DE"},{"@type":"Organization","@id":"https:\/\/www.tecniplant.it\/#organization","name":"Tecniplant","url":"https:\/\/www.tecniplant.it\/","logo":{"@type":"ImageObject","inLanguage":"de-DE","@id":"https:\/\/www.tecniplant.it\/#\/schema\/logo\/image\/","url":"https:\/\/www.tecniplant.it\/wp-content\/uploads\/2022\/07\/Tecniplant_logo.png","contentUrl":"https:\/\/www.tecniplant.it\/wp-content\/uploads\/2022\/07\/Tecniplant_logo.png","width":1601,"height":350,"caption":"Tecniplant"},"image":{"@id":"https:\/\/www.tecniplant.it\/#\/schema\/logo\/image\/"}}]}},"_links":{"self":[{"href":"https:\/\/www.tecniplant.it\/de\/wp-json\/wp\/v2\/pages\/3166"}],"collection":[{"href":"https:\/\/www.tecniplant.it\/de\/wp-json\/wp\/v2\/pages"}],"about":[{"href":"https:\/\/www.tecniplant.it\/de\/wp-json\/wp\/v2\/types\/page"}],"author":[{"embeddable":true,"href":"https:\/\/www.tecniplant.it\/de\/wp-json\/wp\/v2\/users\/1"}],"replies":[{"embeddable":true,"href":"https:\/\/www.tecniplant.it\/de\/wp-json\/wp\/v2\/comments?post=3166"}],"version-history":[{"count":21,"href":"https:\/\/www.tecniplant.it\/de\/wp-json\/wp\/v2\/pages\/3166\/revisions"}],"predecessor-version":[{"id":5797,"href":"https:\/\/www.tecniplant.it\/de\/wp-json\/wp\/v2\/pages\/3166\/revisions\/5797"}],"wp:attachment":[{"href":"https:\/\/www.tecniplant.it\/de\/wp-json\/wp\/v2\/media?parent=3166"}],"curies":[{"name":"wp","href":"https:\/\/api.w.org\/{rel}","templated":true}]}}