{"id":3161,"date":"2022-08-02T10:36:50","date_gmt":"2022-08-02T10:36:50","guid":{"rendered":"https:\/\/www.tecniplant.it\/revamping\/"},"modified":"2023-04-19T12:45:31","modified_gmt":"2023-04-19T12:45:31","slug":"modernisierungsservice","status":"publish","type":"page","link":"https:\/\/www.tecniplant.it\/de\/modernisierungsservice\/","title":{"rendered":"Modernisierungsservice"},"content":{"rendered":"\t\t<div data-elementor-type=\"wp-page\" data-elementor-id=\"3161\" class=\"elementor elementor-3161 elementor-968\">\n\t\t\t\t\t\t\t\t\t<section class=\"elementor-section elementor-top-section elementor-element elementor-element-6838597 elementor-section-height-min-height elementor-section-items-bottom elementor-section-boxed elementor-section-height-default\" data-id=\"6838597\" data-element_type=\"section\" data-settings=\"{&quot;background_background&quot;:&quot;classic&quot;}\">\n\t\t\t\t\t\t\t<div class=\"elementor-background-overlay\"><\/div>\n\t\t\t\t\t\t\t<div class=\"elementor-container elementor-column-gap-no\">\n\t\t\t\t\t<div class=\"elementor-column elementor-col-100 elementor-top-column elementor-element elementor-element-046dbab\" data-id=\"046dbab\" data-element_type=\"column\">\n\t\t\t<div class=\"elementor-widget-wrap elementor-element-populated\">\n\t\t\t\t\t\t\t\t<div class=\"elementor-element elementor-element-4052892 elementor-widget elementor-widget-heading\" data-id=\"4052892\" data-element_type=\"widget\" data-widget_type=\"heading.default\">\n\t\t\t\t<div class=\"elementor-widget-container\">\n\t\t\t<style>\/*! elementor - v3.11.5 - 14-03-2023 *\/\n.elementor-heading-title{padding:0;margin:0;line-height:1}.elementor-widget-heading .elementor-heading-title[class*=elementor-size-]>a{color:inherit;font-size:inherit;line-height:inherit}.elementor-widget-heading .elementor-heading-title.elementor-size-small{font-size:15px}.elementor-widget-heading .elementor-heading-title.elementor-size-medium{font-size:19px}.elementor-widget-heading .elementor-heading-title.elementor-size-large{font-size:29px}.elementor-widget-heading .elementor-heading-title.elementor-size-xl{font-size:39px}.elementor-widget-heading .elementor-heading-title.elementor-size-xxl{font-size:59px}<\/style><h1 class=\"elementor-heading-title elementor-size-default\">MODERNISIERUNGSSERVICE<\/h1>\t\t<\/div>\n\t\t\t\t<\/div>\n\t\t\t\t\t<\/div>\n\t\t<\/div>\n\t\t\t\t\t\t\t<\/div>\n\t\t<\/section>\n\t\t\t\t<section class=\"elementor-section elementor-top-section elementor-element elementor-element-1f90ae5 elementor-section-full_width elementor-section-height-default elementor-section-height-default\" data-id=\"1f90ae5\" data-element_type=\"section\">\n\t\t\t\t\t\t<div class=\"elementor-container elementor-column-gap-default\">\n\t\t\t\t\t<div class=\"elementor-column elementor-col-50 elementor-top-column elementor-element elementor-element-a4e22de\" data-id=\"a4e22de\" data-element_type=\"column\">\n\t\t\t<div class=\"elementor-widget-wrap elementor-element-populated\">\n\t\t\t\t\t\t\t\t<div class=\"elementor-element elementor-element-1e782a3 elementor-widget elementor-widget-image\" data-id=\"1e782a3\" data-element_type=\"widget\" data-widget_type=\"image.default\">\n\t\t\t\t<div class=\"elementor-widget-container\">\n\t\t\t<style>\/*! elementor - v3.11.5 - 14-03-2023 *\/\n.elementor-widget-image{text-align:center}.elementor-widget-image a{display:inline-block}.elementor-widget-image a img[src$=\".svg\"]{width:48px}.elementor-widget-image img{vertical-align:middle;display:inline-block}<\/style>\t\t\t\t\t\t\t\t\t\t\t\t<img decoding=\"async\" width=\"512\" height=\"512\" src=\"https:\/\/www.tecniplant.it\/wp-content\/uploads\/2022\/08\/system.png\" class=\"attachment-large size-large wp-image-466\" alt=\"Con il servizio di Revamping Tecniplant riammoderna e ripristina le tue macchine\" loading=\"lazy\" srcset=\"https:\/\/www.tecniplant.it\/wp-content\/uploads\/2022\/08\/system.png 512w, https:\/\/www.tecniplant.it\/wp-content\/uploads\/2022\/08\/system-300x300.png 300w, https:\/\/www.tecniplant.it\/wp-content\/uploads\/2022\/08\/system-150x150.png 150w\" sizes=\"(max-width: 512px) 100vw, 512px\" \/>\t\t\t\t\t\t\t\t\t\t\t\t\t\t\t<\/div>\n\t\t\t\t<\/div>\n\t\t\t\t\t<\/div>\n\t\t<\/div>\n\t\t\t\t<div class=\"elementor-column elementor-col-50 elementor-top-column elementor-element elementor-element-859ca34\" data-id=\"859ca34\" data-element_type=\"column\">\n\t\t\t<div class=\"elementor-widget-wrap elementor-element-populated\">\n\t\t\t\t\t\t\t\t<div class=\"elementor-element elementor-element-9154c06 elementor-widget elementor-widget-text-editor\" data-id=\"9154c06\" data-element_type=\"widget\" data-widget_type=\"text-editor.default\">\n\t\t\t\t<div class=\"elementor-widget-container\">\n\t\t\t<style>\/*! elementor - v3.11.5 - 14-03-2023 *\/\n.elementor-widget-text-editor.elementor-drop-cap-view-stacked .elementor-drop-cap{background-color:#818a91;color:#fff}.elementor-widget-text-editor.elementor-drop-cap-view-framed .elementor-drop-cap{color:#818a91;border:3px solid;background-color:transparent}.elementor-widget-text-editor:not(.elementor-drop-cap-view-default) .elementor-drop-cap{margin-top:8px}.elementor-widget-text-editor:not(.elementor-drop-cap-view-default) .elementor-drop-cap-letter{width:1em;height:1em}.elementor-widget-text-editor .elementor-drop-cap{float:left;text-align:center;line-height:1;font-size:50px}.elementor-widget-text-editor .elementor-drop-cap-letter{display:inline-block}<\/style>\t\t\t\t<p>Der <strong>Modernisierungsservice <\/strong>erm\u00f6glicht es, die beim Kunden installierten <strong>Maschinen nachzur\u00fcsten <\/strong>und zu <strong>\u00fcberholen<\/strong>.<\/p><p>Die Modernisierung bestehender Anlagen schont die Umwelt durch die R\u00fcckgewinnung von Komponenten, bietet die gleichen <strong>Vorteile wie die Anschaffung<\/strong> einer neuen Anlage und senkt die <strong>Kosten<\/strong>.<\/p><p>Durch die <strong>Modernisierung <\/strong>k\u00f6nnen sowohl die <strong>Produktionsleistung verbessert <\/strong>als auch die <strong>Kosten des Unternehmens einged\u00e4mmt <\/strong>werden, da man an bereits vorhandenen Maschinen arbeitet.<\/p><p>Im Allgemeinen bietet die <strong>Modernisierung <\/strong>diverse <strong>Vorteile<\/strong>, unter anderem:<\/p><ul><li>gesteigerte Produktivit\u00e4t<\/li><li>erh\u00f6hte Sicherheit f\u00fcr die Betreiber<\/li><li>Verbesserung der Qualit\u00e4t und Flexibilit\u00e4t der Produktionslinie<\/li><li>Umweltvertr\u00e4glichkeit<\/li><\/ul><p>Zu diesen Vorteilen kommt die <strong>Verl\u00e4ngerung <\/strong>der <strong>Lebensdauer der Anlage<\/strong> hinzu, die durch die Integration modernster Technologie in die urspr\u00fcngliche Konstruktion erreicht wird.<\/p>\t\t\t\t\t\t<\/div>\n\t\t\t\t<\/div>\n\t\t\t\t\t<\/div>\n\t\t<\/div>\n\t\t\t\t\t\t\t<\/div>\n\t\t<\/section>\n\t\t\t\t<section class=\"elementor-section elementor-top-section elementor-element elementor-element-fa24ddc elementor-section-full_width elementor-section-height-default elementor-section-height-default\" data-id=\"fa24ddc\" data-element_type=\"section\" data-settings=\"{&quot;background_background&quot;:&quot;classic&quot;}\">\n\t\t\t\t\t\t<div class=\"elementor-container elementor-column-gap-default\">\n\t\t\t\t\t<div class=\"elementor-column elementor-col-100 elementor-top-column elementor-element elementor-element-7f9a20e\" data-id=\"7f9a20e\" data-element_type=\"column\">\n\t\t\t<div class=\"elementor-widget-wrap elementor-element-populated\">\n\t\t\t\t\t\t\t\t<div class=\"elementor-element elementor-element-b9ef411 elementor-widget elementor-widget-heading\" data-id=\"b9ef411\" data-element_type=\"widget\" data-widget_type=\"heading.default\">\n\t\t\t\t<div class=\"elementor-widget-container\">\n\t\t\t<h2 class=\"elementor-heading-title elementor-size-default\">MODERNISIERUNGSMASSNAHMEN F\u00dcR INDUSTRIEANLAGEN <\/h2>\t\t<\/div>\n\t\t\t\t<\/div>\n\t\t\t\t<div class=\"elementor-element elementor-element-1be059f elementor-widget elementor-widget-spacer\" data-id=\"1be059f\" data-element_type=\"widget\" data-widget_type=\"spacer.default\">\n\t\t\t\t<div class=\"elementor-widget-container\">\n\t\t\t<style>\/*! elementor - v3.11.5 - 14-03-2023 *\/\n.elementor-column .elementor-spacer-inner{height:var(--spacer-size)}.e-con{--container-widget-width:100%}.e-con-inner>.elementor-widget-spacer,.e-con>.elementor-widget-spacer{width:var(--container-widget-width,var(--spacer-size));--align-self:var(--container-widget-align-self,initial);--flex-shrink:0}.e-con-inner>.elementor-widget-spacer>.elementor-widget-container,.e-con-inner>.elementor-widget-spacer>.elementor-widget-container>.elementor-spacer,.e-con>.elementor-widget-spacer>.elementor-widget-container,.e-con>.elementor-widget-spacer>.elementor-widget-container>.elementor-spacer{height:100%}.e-con-inner>.elementor-widget-spacer>.elementor-widget-container>.elementor-spacer>.elementor-spacer-inner,.e-con>.elementor-widget-spacer>.elementor-widget-container>.elementor-spacer>.elementor-spacer-inner{height:var(--container-widget-height,var(--spacer-size))}<\/style>\t\t<div class=\"elementor-spacer\">\n\t\t\t<div class=\"elementor-spacer-inner\"><\/div>\n\t\t<\/div>\n\t\t\t\t<\/div>\n\t\t\t\t<\/div>\n\t\t\t\t<div class=\"elementor-element elementor-element-c547b62 elementor-widget elementor-widget-text-editor\" data-id=\"c547b62\" data-element_type=\"widget\" data-widget_type=\"text-editor.default\">\n\t\t\t\t<div class=\"elementor-widget-container\">\n\t\t\t\t\t\t\t<p>Dank der <strong>industriellen Modernisierung der Anlagen<\/strong> sind wir in der Lage, <strong>veraltete technologische Prozesse <\/strong>durch den Einsatz <strong>modernster<\/strong> <strong>Technologie zu ersetzen<\/strong>.<\/p><p>\u00a0<\/p><p>Auf diese Weise erm\u00f6glichen wir der Anlage den<strong> Beginn eines neuen produktives Lebens<\/strong> und erreichen damit eine <strong>Steigerung der Produktivit\u00e4t, Energieeinsparungen <\/strong>und eine <strong>verbesserte Sicherheit <\/strong>f\u00fcr die Betreiber.<\/p><p>\u00a0<\/p><p>Die 50-j\u00e4hrige Erfahrung von TECNIPLANT in den Bereichen <strong>Filtration<\/strong>, <strong>\u00d6l-Wasser-Trennung<\/strong> und <strong>Wasseraufbereitung <\/strong>erm\u00f6glicht es uns, unter anderem in folgenden Bereichen t\u00e4tig zu sein:<\/p><p>\u00a0<\/p><ul><li>Umgestaltung von Maschinen<\/li><li>Lieferung von Ersatzteilen<\/li><li>Reverse Engineering<\/li><\/ul><p>\u00a0<\/p><p>Die Erfahrung hat uns gezeigt, dass unser Service bei der Instandsetzung und Modernisierung von beim Kunden installierten Maschinen und Anlagen von gro\u00dfer Bedeutung ist.<\/p><p>\u00a0<\/p><p>Im Rahmen des <strong>Modernisierungsservices<\/strong> f\u00fchren wir <strong>detaillierte Untersuchungen<\/strong> der Betriebsbedingungen der beim Kunden installierten Ger\u00e4te und Systeme durch.<\/p><p>\u00a0<\/p><p>Auf diese Weise sind wir in der Lage, alle <strong>anwendbaren technischen Verbesserungen<\/strong> vorzuschlagen und <strong>die am besten geeignete und kosteng\u00fcnstigste L\u00f6sung <\/strong>anzubieten.<\/p><p>\u00a0<\/p><p>Au\u00dferdem k\u00f6nnen wir industrielle Modernisierungsma\u00dfnahmen an Maschinen und Anlagen durchf\u00fchren, die nicht von uns geliefert wurden.<\/p>\t\t\t\t\t\t<\/div>\n\t\t\t\t<\/div>\n\t\t\t\t\t<\/div>\n\t\t<\/div>\n\t\t\t\t\t\t\t<\/div>\n\t\t<\/section>\n\t\t\t\t<section class=\"elementor-section elementor-top-section elementor-element elementor-element-786bd4e elementor-section-boxed elementor-section-height-default elementor-section-height-default\" data-id=\"786bd4e\" data-element_type=\"section\">\n\t\t\t\t\t\t<div class=\"elementor-container elementor-column-gap-default\">\n\t\t\t\t\t<div class=\"elementor-column elementor-col-50 elementor-top-column elementor-element elementor-element-80ba3fa\" data-id=\"80ba3fa\" data-element_type=\"column\">\n\t\t\t<div class=\"elementor-widget-wrap elementor-element-populated\">\n\t\t\t\t\t\t\t\t<div class=\"elementor-element elementor-element-7411233 elementor-align-center elementor-widget elementor-widget-button\" data-id=\"7411233\" data-element_type=\"widget\" data-widget_type=\"button.default\">\n\t\t\t\t<div class=\"elementor-widget-container\">\n\t\t\t\t\t<div class=\"elementor-button-wrapper\">\n\t\t\t<a href=\"https:\/\/www.tecniplant.it\/de\/service\/\" class=\"elementor-button-link elementor-button elementor-size-sm\" role=\"button\">\n\t\t\t\t\t\t<span class=\"elementor-button-content-wrapper\">\n\t\t\t\t\t\t<span class=\"elementor-button-text\">ZUR\u00dcCK ZU ALLE DIENSTLEISTUNGEN<\/span>\n\t\t<\/span>\n\t\t\t\t\t<\/a>\n\t\t<\/div>\n\t\t\t\t<\/div>\n\t\t\t\t<\/div>\n\t\t\t\t\t<\/div>\n\t\t<\/div>\n\t\t\t\t<div class=\"elementor-column elementor-col-50 elementor-top-column elementor-element elementor-element-ee13d87\" data-id=\"ee13d87\" data-element_type=\"column\">\n\t\t\t<div class=\"elementor-widget-wrap elementor-element-populated\">\n\t\t\t\t\t\t\t\t<div class=\"elementor-element elementor-element-96fc520 elementor-align-center elementor-widget elementor-widget-button\" data-id=\"96fc520\" data-element_type=\"widget\" data-widget_type=\"button.default\">\n\t\t\t\t<div class=\"elementor-widget-container\">\n\t\t\t\t\t<div class=\"elementor-button-wrapper\">\n\t\t\t<a href=\"https:\/\/www.tecniplant.it\/de\/kontakte\/\" class=\"elementor-button-link elementor-button elementor-size-sm\" role=\"button\">\n\t\t\t\t\t\t<span class=\"elementor-button-content-wrapper\">\n\t\t\t\t\t\t<span class=\"elementor-button-text\">Kontaktieren Sie uns, um alle Informationen zu unserem Modernisierungsservice zu erhalten<\/span>\n\t\t<\/span>\n\t\t\t\t\t<\/a>\n\t\t<\/div>\n\t\t\t\t<\/div>\n\t\t\t\t<\/div>\n\t\t\t\t\t<\/div>\n\t\t<\/div>\n\t\t\t\t\t\t\t<\/div>\n\t\t<\/section>\n\t\t\t\t\t\t\t<\/div>\n\t\t","protected":false},"excerpt":{"rendered":"<p>MODERNISIERUNGSSERVICE Der Modernisierungsservice erm\u00f6glicht es, die beim Kunden installierten Maschinen nachzur\u00fcsten und zu \u00fcberholen. Die Modernisierung bestehender Anlagen schont die Umwelt durch die R\u00fcckgewinnung von Komponenten, bietet die gleichen Vorteile wie die Anschaffung einer neuen Anlage und senkt die Kosten. Durch die Modernisierung k\u00f6nnen sowohl die Produktionsleistung verbessert als auch die Kosten des Unternehmens einged\u00e4mmt [&hellip;]<\/p>\n","protected":false},"author":1,"featured_media":0,"parent":0,"menu_order":0,"comment_status":"closed","ping_status":"closed","template":"elementor_header_footer","meta":[],"yoast_head":"<!-- This site is optimized with the Yoast SEO plugin v19.13 - https:\/\/yoast.com\/wordpress\/plugins\/seo\/ -->\n<title>Modernisierungsservice - Tecniplant<\/title>\n<meta name=\"description\" content=\"Modernisierungsservice: Wir k\u00fcmmern uns um die Restaurierung und Modernisierung Ihrer industriellen Technologien. Erfahren Sie mehr!\" \/>\n<meta name=\"robots\" content=\"index, follow, max-snippet:-1, max-image-preview:large, max-video-preview:-1\" \/>\n<link rel=\"canonical\" href=\"https:\/\/www.tecniplant.it\/de\/modernisierungsservice\/\" \/>\n<meta property=\"og:locale\" content=\"de_DE\" \/>\n<meta property=\"og:type\" content=\"article\" \/>\n<meta property=\"og:title\" content=\"Modernisierungsservice - Tecniplant\" \/>\n<meta property=\"og:description\" content=\"Modernisierungsservice: Wir k\u00fcmmern uns um die Restaurierung und Modernisierung Ihrer industriellen Technologien. Erfahren Sie mehr!\" \/>\n<meta property=\"og:url\" content=\"https:\/\/www.tecniplant.it\/de\/modernisierungsservice\/\" \/>\n<meta property=\"og:site_name\" content=\"Tecniplant\" \/>\n<meta property=\"article:modified_time\" content=\"2023-04-19T12:45:31+00:00\" \/>\n<meta property=\"og:image\" content=\"https:\/\/www.tecniplant.it\/wp-content\/uploads\/2022\/08\/system.png\" \/>\n<meta name=\"twitter:card\" content=\"summary_large_image\" \/>\n<meta name=\"twitter:label1\" content=\"Gesch\u00e4tzte Lesezeit\" \/>\n\t<meta name=\"twitter:data1\" content=\"2 Minuten\" \/>\n<script type=\"application\/ld+json\" class=\"yoast-schema-graph\">{\"@context\":\"https:\/\/schema.org\",\"@graph\":[{\"@type\":\"WebPage\",\"@id\":\"https:\/\/www.tecniplant.it\/de\/modernisierungsservice\/\",\"url\":\"https:\/\/www.tecniplant.it\/de\/modernisierungsservice\/\",\"name\":\"Modernisierungsservice - Tecniplant\",\"isPartOf\":{\"@id\":\"https:\/\/www.tecniplant.it\/#website\"},\"datePublished\":\"2022-08-02T10:36:50+00:00\",\"dateModified\":\"2023-04-19T12:45:31+00:00\",\"description\":\"Modernisierungsservice: Wir k\u00fcmmern uns um die Restaurierung und Modernisierung Ihrer industriellen Technologien. Erfahren Sie mehr!\",\"breadcrumb\":{\"@id\":\"https:\/\/www.tecniplant.it\/de\/modernisierungsservice\/#breadcrumb\"},\"inLanguage\":\"de-DE\",\"potentialAction\":[{\"@type\":\"ReadAction\",\"target\":[\"https:\/\/www.tecniplant.it\/de\/modernisierungsservice\/\"]}]},{\"@type\":\"BreadcrumbList\",\"@id\":\"https:\/\/www.tecniplant.it\/de\/modernisierungsservice\/#breadcrumb\",\"itemListElement\":[{\"@type\":\"ListItem\",\"position\":1,\"name\":\"Home\",\"item\":\"https:\/\/www.tecniplant.it\/de\/\"},{\"@type\":\"ListItem\",\"position\":2,\"name\":\"Modernisierungsservice\"}]},{\"@type\":\"WebSite\",\"@id\":\"https:\/\/www.tecniplant.it\/#website\",\"url\":\"https:\/\/www.tecniplant.it\/\",\"name\":\"Tecniplant\",\"description\":\"Il futuro inizia adesso\",\"publisher\":{\"@id\":\"https:\/\/www.tecniplant.it\/#organization\"},\"potentialAction\":[{\"@type\":\"SearchAction\",\"target\":{\"@type\":\"EntryPoint\",\"urlTemplate\":\"https:\/\/www.tecniplant.it\/?s={search_term_string}\"},\"query-input\":\"required name=search_term_string\"}],\"inLanguage\":\"de-DE\"},{\"@type\":\"Organization\",\"@id\":\"https:\/\/www.tecniplant.it\/#organization\",\"name\":\"Tecniplant\",\"url\":\"https:\/\/www.tecniplant.it\/\",\"logo\":{\"@type\":\"ImageObject\",\"inLanguage\":\"de-DE\",\"@id\":\"https:\/\/www.tecniplant.it\/#\/schema\/logo\/image\/\",\"url\":\"https:\/\/www.tecniplant.it\/wp-content\/uploads\/2022\/07\/Tecniplant_logo.png\",\"contentUrl\":\"https:\/\/www.tecniplant.it\/wp-content\/uploads\/2022\/07\/Tecniplant_logo.png\",\"width\":1601,\"height\":350,\"caption\":\"Tecniplant\"},\"image\":{\"@id\":\"https:\/\/www.tecniplant.it\/#\/schema\/logo\/image\/\"}}]}<\/script>\n<!-- \/ Yoast SEO plugin. -->","yoast_head_json":{"title":"Modernisierungsservice - Tecniplant","description":"Modernisierungsservice: Wir k\u00fcmmern uns um die Restaurierung und Modernisierung Ihrer industriellen Technologien. Erfahren Sie mehr!","robots":{"index":"index","follow":"follow","max-snippet":"max-snippet:-1","max-image-preview":"max-image-preview:large","max-video-preview":"max-video-preview:-1"},"canonical":"https:\/\/www.tecniplant.it\/de\/modernisierungsservice\/","og_locale":"de_DE","og_type":"article","og_title":"Modernisierungsservice - Tecniplant","og_description":"Modernisierungsservice: Wir k\u00fcmmern uns um die Restaurierung und Modernisierung Ihrer industriellen Technologien. Erfahren Sie mehr!","og_url":"https:\/\/www.tecniplant.it\/de\/modernisierungsservice\/","og_site_name":"Tecniplant","article_modified_time":"2023-04-19T12:45:31+00:00","og_image":[{"url":"https:\/\/www.tecniplant.it\/wp-content\/uploads\/2022\/08\/system.png"}],"twitter_card":"summary_large_image","twitter_misc":{"Gesch\u00e4tzte Lesezeit":"2 Minuten"},"schema":{"@context":"https:\/\/schema.org","@graph":[{"@type":"WebPage","@id":"https:\/\/www.tecniplant.it\/de\/modernisierungsservice\/","url":"https:\/\/www.tecniplant.it\/de\/modernisierungsservice\/","name":"Modernisierungsservice - Tecniplant","isPartOf":{"@id":"https:\/\/www.tecniplant.it\/#website"},"datePublished":"2022-08-02T10:36:50+00:00","dateModified":"2023-04-19T12:45:31+00:00","description":"Modernisierungsservice: Wir k\u00fcmmern uns um die Restaurierung und Modernisierung Ihrer industriellen Technologien. Erfahren Sie mehr!","breadcrumb":{"@id":"https:\/\/www.tecniplant.it\/de\/modernisierungsservice\/#breadcrumb"},"inLanguage":"de-DE","potentialAction":[{"@type":"ReadAction","target":["https:\/\/www.tecniplant.it\/de\/modernisierungsservice\/"]}]},{"@type":"BreadcrumbList","@id":"https:\/\/www.tecniplant.it\/de\/modernisierungsservice\/#breadcrumb","itemListElement":[{"@type":"ListItem","position":1,"name":"Home","item":"https:\/\/www.tecniplant.it\/de\/"},{"@type":"ListItem","position":2,"name":"Modernisierungsservice"}]},{"@type":"WebSite","@id":"https:\/\/www.tecniplant.it\/#website","url":"https:\/\/www.tecniplant.it\/","name":"Tecniplant","description":"Il futuro inizia adesso","publisher":{"@id":"https:\/\/www.tecniplant.it\/#organization"},"potentialAction":[{"@type":"SearchAction","target":{"@type":"EntryPoint","urlTemplate":"https:\/\/www.tecniplant.it\/?s={search_term_string}"},"query-input":"required name=search_term_string"}],"inLanguage":"de-DE"},{"@type":"Organization","@id":"https:\/\/www.tecniplant.it\/#organization","name":"Tecniplant","url":"https:\/\/www.tecniplant.it\/","logo":{"@type":"ImageObject","inLanguage":"de-DE","@id":"https:\/\/www.tecniplant.it\/#\/schema\/logo\/image\/","url":"https:\/\/www.tecniplant.it\/wp-content\/uploads\/2022\/07\/Tecniplant_logo.png","contentUrl":"https:\/\/www.tecniplant.it\/wp-content\/uploads\/2022\/07\/Tecniplant_logo.png","width":1601,"height":350,"caption":"Tecniplant"},"image":{"@id":"https:\/\/www.tecniplant.it\/#\/schema\/logo\/image\/"}}]}},"_links":{"self":[{"href":"https:\/\/www.tecniplant.it\/de\/wp-json\/wp\/v2\/pages\/3161"}],"collection":[{"href":"https:\/\/www.tecniplant.it\/de\/wp-json\/wp\/v2\/pages"}],"about":[{"href":"https:\/\/www.tecniplant.it\/de\/wp-json\/wp\/v2\/types\/page"}],"author":[{"embeddable":true,"href":"https:\/\/www.tecniplant.it\/de\/wp-json\/wp\/v2\/users\/1"}],"replies":[{"embeddable":true,"href":"https:\/\/www.tecniplant.it\/de\/wp-json\/wp\/v2\/comments?post=3161"}],"version-history":[{"count":8,"href":"https:\/\/www.tecniplant.it\/de\/wp-json\/wp\/v2\/pages\/3161\/revisions"}],"predecessor-version":[{"id":6017,"href":"https:\/\/www.tecniplant.it\/de\/wp-json\/wp\/v2\/pages\/3161\/revisions\/6017"}],"wp:attachment":[{"href":"https:\/\/www.tecniplant.it\/de\/wp-json\/wp\/v2\/media?parent=3161"}],"curies":[{"name":"wp","href":"https:\/\/api.w.org\/{rel}","templated":true}]}}