{"id":3154,"date":"2022-08-02T10:25:26","date_gmt":"2022-08-02T10:25:26","guid":{"rendered":"https:\/\/www.tecniplant.it\/pilotanlagen\/"},"modified":"2023-04-19T12:42:31","modified_gmt":"2023-04-19T12:42:31","slug":"pilotanlagen","status":"publish","type":"page","link":"https:\/\/www.tecniplant.it\/de\/pilotanlagen\/","title":{"rendered":"Pilotanlagen"},"content":{"rendered":"\t\t<div data-elementor-type=\"wp-page\" data-elementor-id=\"3154\" class=\"elementor elementor-3154 elementor-966\">\n\t\t\t\t\t\t\t\t\t<section class=\"elementor-section elementor-top-section elementor-element elementor-element-6838597 elementor-section-height-min-height elementor-section-items-bottom elementor-section-boxed elementor-section-height-default\" data-id=\"6838597\" data-element_type=\"section\" data-settings=\"{&quot;background_background&quot;:&quot;classic&quot;}\">\n\t\t\t\t\t\t\t<div class=\"elementor-background-overlay\"><\/div>\n\t\t\t\t\t\t\t<div class=\"elementor-container elementor-column-gap-no\">\n\t\t\t\t\t<div class=\"elementor-column elementor-col-100 elementor-top-column elementor-element elementor-element-046dbab\" data-id=\"046dbab\" data-element_type=\"column\">\n\t\t\t<div class=\"elementor-widget-wrap elementor-element-populated\">\n\t\t\t\t\t\t\t\t<div class=\"elementor-element elementor-element-4052892 elementor-widget elementor-widget-heading\" data-id=\"4052892\" data-element_type=\"widget\" data-widget_type=\"heading.default\">\n\t\t\t\t<div class=\"elementor-widget-container\">\n\t\t\t<style>\/*! elementor - v3.11.5 - 14-03-2023 *\/\n.elementor-heading-title{padding:0;margin:0;line-height:1}.elementor-widget-heading .elementor-heading-title[class*=elementor-size-]>a{color:inherit;font-size:inherit;line-height:inherit}.elementor-widget-heading .elementor-heading-title.elementor-size-small{font-size:15px}.elementor-widget-heading .elementor-heading-title.elementor-size-medium{font-size:19px}.elementor-widget-heading .elementor-heading-title.elementor-size-large{font-size:29px}.elementor-widget-heading .elementor-heading-title.elementor-size-xl{font-size:39px}.elementor-widget-heading .elementor-heading-title.elementor-size-xxl{font-size:59px}<\/style><h1 class=\"elementor-heading-title elementor-size-default\">PILOTANLAGEN<\/h1>\t\t<\/div>\n\t\t\t\t<\/div>\n\t\t\t\t\t<\/div>\n\t\t<\/div>\n\t\t\t\t\t\t\t<\/div>\n\t\t<\/section>\n\t\t\t\t<section class=\"elementor-section elementor-top-section elementor-element elementor-element-1f90ae5 elementor-section-full_width elementor-section-height-default elementor-section-height-default\" data-id=\"1f90ae5\" data-element_type=\"section\">\n\t\t\t\t\t\t<div class=\"elementor-container elementor-column-gap-default\">\n\t\t\t\t\t<div class=\"elementor-column elementor-col-50 elementor-top-column elementor-element elementor-element-a4e22de\" data-id=\"a4e22de\" data-element_type=\"column\">\n\t\t\t<div class=\"elementor-widget-wrap elementor-element-populated\">\n\t\t\t\t\t\t\t\t<div class=\"elementor-element elementor-element-1e782a3 elementor-widget elementor-widget-image\" data-id=\"1e782a3\" data-element_type=\"widget\" data-widget_type=\"image.default\">\n\t\t\t\t<div class=\"elementor-widget-container\">\n\t\t\t<style>\/*! elementor - v3.11.5 - 14-03-2023 *\/\n.elementor-widget-image{text-align:center}.elementor-widget-image a{display:inline-block}.elementor-widget-image a img[src$=\".svg\"]{width:48px}.elementor-widget-image img{vertical-align:middle;display:inline-block}<\/style>\t\t\t\t\t\t\t\t\t\t\t\t<img decoding=\"async\" width=\"512\" height=\"512\" src=\"https:\/\/www.tecniplant.it\/wp-content\/uploads\/2022\/08\/system2.png\" class=\"attachment-large size-large wp-image-467\" alt=\"Impianti pilota di Tecniplant replicano in piccola scala il comportamento di grandi impianti\" loading=\"lazy\" srcset=\"https:\/\/www.tecniplant.it\/wp-content\/uploads\/2022\/08\/system2.png 512w, https:\/\/www.tecniplant.it\/wp-content\/uploads\/2022\/08\/system2-300x300.png 300w, https:\/\/www.tecniplant.it\/wp-content\/uploads\/2022\/08\/system2-150x150.png 150w\" sizes=\"(max-width: 512px) 100vw, 512px\" \/>\t\t\t\t\t\t\t\t\t\t\t\t\t\t\t<\/div>\n\t\t\t\t<\/div>\n\t\t\t\t\t<\/div>\n\t\t<\/div>\n\t\t\t\t<div class=\"elementor-column elementor-col-50 elementor-top-column elementor-element elementor-element-859ca34\" data-id=\"859ca34\" data-element_type=\"column\">\n\t\t\t<div class=\"elementor-widget-wrap elementor-element-populated\">\n\t\t\t\t\t\t\t\t<div class=\"elementor-element elementor-element-9154c06 elementor-widget elementor-widget-text-editor\" data-id=\"9154c06\" data-element_type=\"widget\" data-widget_type=\"text-editor.default\">\n\t\t\t\t<div class=\"elementor-widget-container\">\n\t\t\t<style>\/*! elementor - v3.11.5 - 14-03-2023 *\/\n.elementor-widget-text-editor.elementor-drop-cap-view-stacked .elementor-drop-cap{background-color:#818a91;color:#fff}.elementor-widget-text-editor.elementor-drop-cap-view-framed .elementor-drop-cap{color:#818a91;border:3px solid;background-color:transparent}.elementor-widget-text-editor:not(.elementor-drop-cap-view-default) .elementor-drop-cap{margin-top:8px}.elementor-widget-text-editor:not(.elementor-drop-cap-view-default) .elementor-drop-cap-letter{width:1em;height:1em}.elementor-widget-text-editor .elementor-drop-cap{float:left;text-align:center;line-height:1;font-size:50px}.elementor-widget-text-editor .elementor-drop-cap-letter{display:inline-block}<\/style>\t\t\t\t<p>Vor dem Bau von Gro\u00dfanlagen bieten wir unseren Kunden die M\u00f6glichkeit, zur experimentellen Verifizierung des Prozesses <strong>Pilot Units<\/strong>, d.h. <strong>Pilotanlagen<\/strong> im kleinen Ma\u00dfstab, zu testen.<\/p><p>\u00a0<\/p><p>Pilotanlagen bestehen aus <strong>kleinen Einheiten,<\/strong> die das Verhalten gro\u00dfer Industrieanlagen im kleinen Ma\u00dfstab <strong>direkt beim Kunden <\/strong>nachbilden k\u00f6nnen.<\/p><p>\u00a0<\/p><p>Man kann also sagen, dass Pilotanlagen einen Zwischenschritt zwischen dem Labormodell und der zu bauenden Anlage darstellen. Aus diesem Grund erm\u00f6glicht die<strong> Entwicklung von Pilotanlagen<\/strong>, <strong>das Produkt des Kunden optimal zu testen<\/strong>, um den <strong>\u00dcbergang <\/strong>vom Labor- zum Realit\u00e4tsma\u00dfstab zu projizieren, <strong>bevor die Maschine auf den Markt kommt.<\/strong><\/p>\t\t\t\t\t\t<\/div>\n\t\t\t\t<\/div>\n\t\t\t\t\t<\/div>\n\t\t<\/div>\n\t\t\t\t\t\t\t<\/div>\n\t\t<\/section>\n\t\t\t\t<section class=\"elementor-section elementor-top-section elementor-element elementor-element-fa24ddc elementor-section-full_width elementor-section-height-default elementor-section-height-default\" data-id=\"fa24ddc\" data-element_type=\"section\" data-settings=\"{&quot;background_background&quot;:&quot;classic&quot;}\">\n\t\t\t\t\t\t<div class=\"elementor-container elementor-column-gap-default\">\n\t\t\t\t\t<div class=\"elementor-column elementor-col-100 elementor-top-column elementor-element elementor-element-7f9a20e\" data-id=\"7f9a20e\" data-element_type=\"column\">\n\t\t\t<div class=\"elementor-widget-wrap elementor-element-populated\">\n\t\t\t\t\t\t\t\t<div class=\"elementor-element elementor-element-b9ef411 elementor-widget elementor-widget-heading\" data-id=\"b9ef411\" data-element_type=\"widget\" data-widget_type=\"heading.default\">\n\t\t\t\t<div class=\"elementor-widget-container\">\n\t\t\t<h2 class=\"elementor-heading-title elementor-size-default\">PILOTANLAGEN F\u00dcR FILTRATIONS-, WASSER-\u00d6L-TRENNUNGS- UND WASSERAUFBEREITUNGSTESTS DIREKT IN DER INDUSTRIELLEN UMGEBUNG <\/h2>\t\t<\/div>\n\t\t\t\t<\/div>\n\t\t\t\t<div class=\"elementor-element elementor-element-1be059f elementor-widget elementor-widget-spacer\" data-id=\"1be059f\" data-element_type=\"widget\" data-widget_type=\"spacer.default\">\n\t\t\t\t<div class=\"elementor-widget-container\">\n\t\t\t<style>\/*! elementor - v3.11.5 - 14-03-2023 *\/\n.elementor-column .elementor-spacer-inner{height:var(--spacer-size)}.e-con{--container-widget-width:100%}.e-con-inner>.elementor-widget-spacer,.e-con>.elementor-widget-spacer{width:var(--container-widget-width,var(--spacer-size));--align-self:var(--container-widget-align-self,initial);--flex-shrink:0}.e-con-inner>.elementor-widget-spacer>.elementor-widget-container,.e-con-inner>.elementor-widget-spacer>.elementor-widget-container>.elementor-spacer,.e-con>.elementor-widget-spacer>.elementor-widget-container,.e-con>.elementor-widget-spacer>.elementor-widget-container>.elementor-spacer{height:100%}.e-con-inner>.elementor-widget-spacer>.elementor-widget-container>.elementor-spacer>.elementor-spacer-inner,.e-con>.elementor-widget-spacer>.elementor-widget-container>.elementor-spacer>.elementor-spacer-inner{height:var(--container-widget-height,var(--spacer-size))}<\/style>\t\t<div class=\"elementor-spacer\">\n\t\t\t<div class=\"elementor-spacer-inner\"><\/div>\n\t\t<\/div>\n\t\t\t\t<\/div>\n\t\t\t\t<\/div>\n\t\t\t\t<div class=\"elementor-element elementor-element-c547b62 elementor-widget elementor-widget-text-editor\" data-id=\"c547b62\" data-element_type=\"widget\" data-widget_type=\"text-editor.default\">\n\t\t\t\t<div class=\"elementor-widget-container\">\n\t\t\t\t\t\t\t<p>Mit Hilfe von <strong>Pilotanlagen <\/strong>k\u00f6nnen wir <strong>Filtrations-, Wasseraufbereitungs- <\/strong>und \u00d6l-Wasser-Trennungstests direkt im industriellen Umfeld beim Kunden durchf\u00fchren.<\/p><p>Dar\u00fcber hinaus erm\u00f6glichen uns diese Systeme, die beste L\u00f6sung f\u00fcr die Bed\u00fcrfnisse des Kunden zu untersuchen, zu entwerfen und umzusetzen.<\/p><p>\u00a0<\/p><p><strong>Forschung und Entwicklung <\/strong>sind das Herzst\u00fcck unserer Arbeit. <strong>Pilotanlagen<\/strong>, in denen die zahllosen in der Industrie anfallenden Abf\u00e4lle und Prozessfl\u00fcssigkeiten <strong>getestet <\/strong>werden k\u00f6nnen, sind entscheidend f\u00fcr die Wahl des <strong>besten Verfahrens <\/strong>(BAT_Best Available Technology) und f\u00fcr die <strong>richtige Dimensionierung<\/strong> unserer Anlagen und Maschinen sowie f\u00fcr die <strong>\u00dcberpr\u00fcfung <\/strong>der vom Kunden geforderten <strong>Prozessleistung<\/strong>.<\/p><p>\u00a0<\/p><p>Mit anderen Worten: Die Arbeit in einer ersten Phase, in der <strong>Tests in Pilotanlagen durchgef\u00fchrt werden<\/strong>, erm\u00f6glicht es uns, Anlagen und Maschinen zu entwickeln, die<strong> auf die Referenzanwendung zugeschnitten<\/strong> sind.<\/p>\t\t\t\t\t\t<\/div>\n\t\t\t\t<\/div>\n\t\t\t\t\t<\/div>\n\t\t<\/div>\n\t\t\t\t\t\t\t<\/div>\n\t\t<\/section>\n\t\t\t\t<section class=\"elementor-section elementor-top-section elementor-element elementor-element-786bd4e elementor-section-boxed elementor-section-height-default elementor-section-height-default\" data-id=\"786bd4e\" data-element_type=\"section\">\n\t\t\t\t\t\t<div class=\"elementor-container elementor-column-gap-default\">\n\t\t\t\t\t<div class=\"elementor-column elementor-col-50 elementor-top-column elementor-element elementor-element-80ba3fa\" data-id=\"80ba3fa\" data-element_type=\"column\">\n\t\t\t<div class=\"elementor-widget-wrap elementor-element-populated\">\n\t\t\t\t\t\t\t\t<div class=\"elementor-element elementor-element-7411233 elementor-align-center elementor-widget elementor-widget-button\" data-id=\"7411233\" data-element_type=\"widget\" data-widget_type=\"button.default\">\n\t\t\t\t<div class=\"elementor-widget-container\">\n\t\t\t\t\t<div class=\"elementor-button-wrapper\">\n\t\t\t<a href=\"https:\/\/www.tecniplant.it\/de\/service\/\" class=\"elementor-button-link elementor-button elementor-size-sm\" role=\"button\">\n\t\t\t\t\t\t<span class=\"elementor-button-content-wrapper\">\n\t\t\t\t\t\t<span class=\"elementor-button-text\"> ZUR\u00dcCK ZU ALLE DIENSTLEISTUNGEN<\/span>\n\t\t<\/span>\n\t\t\t\t\t<\/a>\n\t\t<\/div>\n\t\t\t\t<\/div>\n\t\t\t\t<\/div>\n\t\t\t\t\t<\/div>\n\t\t<\/div>\n\t\t\t\t<div class=\"elementor-column elementor-col-50 elementor-top-column elementor-element elementor-element-ee13d87\" data-id=\"ee13d87\" data-element_type=\"column\">\n\t\t\t<div class=\"elementor-widget-wrap elementor-element-populated\">\n\t\t\t\t\t\t\t\t<div class=\"elementor-element elementor-element-96fc520 elementor-align-center elementor-widget elementor-widget-button\" data-id=\"96fc520\" data-element_type=\"widget\" data-widget_type=\"button.default\">\n\t\t\t\t<div class=\"elementor-widget-container\">\n\t\t\t\t\t<div class=\"elementor-button-wrapper\">\n\t\t\t<a href=\"https:\/\/www.tecniplant.it\/de\/kontakte\/\" class=\"elementor-button-link elementor-button elementor-size-sm\" role=\"button\">\n\t\t\t\t\t\t<span class=\"elementor-button-content-wrapper\">\n\t\t\t\t\t\t<span class=\"elementor-button-text\">Kontaktieren Sie uns, um mehr \u00fcber unsere Pilotanlagen zu erfahren und ein Angebot einzuholen<\/span>\n\t\t<\/span>\n\t\t\t\t\t<\/a>\n\t\t<\/div>\n\t\t\t\t<\/div>\n\t\t\t\t<\/div>\n\t\t\t\t\t<\/div>\n\t\t<\/div>\n\t\t\t\t\t\t\t<\/div>\n\t\t<\/section>\n\t\t\t\t\t\t\t<\/div>\n\t\t","protected":false},"excerpt":{"rendered":"<p>PILOTANLAGEN Vor dem Bau von Gro\u00dfanlagen bieten wir unseren Kunden die M\u00f6glichkeit, zur experimentellen Verifizierung des Prozesses Pilot Units, d.h. Pilotanlagen im kleinen Ma\u00dfstab, zu testen. \u00a0 Pilotanlagen bestehen aus kleinen Einheiten, die das Verhalten gro\u00dfer Industrieanlagen im kleinen Ma\u00dfstab direkt beim Kunden nachbilden k\u00f6nnen. \u00a0 Man kann also sagen, dass Pilotanlagen einen Zwischenschritt zwischen [&hellip;]<\/p>\n","protected":false},"author":1,"featured_media":0,"parent":0,"menu_order":0,"comment_status":"closed","ping_status":"closed","template":"elementor_header_footer","meta":[],"yoast_head":"<!-- This site is optimized with the Yoast SEO plugin v19.13 - https:\/\/yoast.com\/wordpress\/plugins\/seo\/ -->\n<title>Pilotanlagen Filtrationspr\u00fcfung - Tecniplant<\/title>\n<meta name=\"description\" content=\"Pilotanlagen Filtrationspr\u00fcfung: um verschiedene L\u00f6sungen in einem industriellen Kontext zu testen. Jetzt entdecken!\" \/>\n<meta name=\"robots\" content=\"index, follow, max-snippet:-1, max-image-preview:large, max-video-preview:-1\" \/>\n<link rel=\"canonical\" href=\"https:\/\/www.tecniplant.it\/de\/pilotanlagen\/\" \/>\n<meta property=\"og:locale\" content=\"de_DE\" \/>\n<meta property=\"og:type\" content=\"article\" \/>\n<meta property=\"og:title\" content=\"Pilotanlagen Filtrationspr\u00fcfung - Tecniplant\" \/>\n<meta property=\"og:description\" content=\"Pilotanlagen Filtrationspr\u00fcfung: um verschiedene L\u00f6sungen in einem industriellen Kontext zu testen. Jetzt entdecken!\" \/>\n<meta property=\"og:url\" content=\"https:\/\/www.tecniplant.it\/de\/pilotanlagen\/\" \/>\n<meta property=\"og:site_name\" content=\"Tecniplant\" \/>\n<meta property=\"article:modified_time\" content=\"2023-04-19T12:42:31+00:00\" \/>\n<meta property=\"og:image\" content=\"https:\/\/www.tecniplant.it\/wp-content\/uploads\/2022\/08\/system2.png\" \/>\n<meta name=\"twitter:card\" content=\"summary_large_image\" \/>\n<meta name=\"twitter:label1\" content=\"Gesch\u00e4tzte Lesezeit\" \/>\n\t<meta name=\"twitter:data1\" content=\"2 Minuten\" \/>\n<script type=\"application\/ld+json\" class=\"yoast-schema-graph\">{\"@context\":\"https:\/\/schema.org\",\"@graph\":[{\"@type\":\"WebPage\",\"@id\":\"https:\/\/www.tecniplant.it\/de\/pilotanlagen\/\",\"url\":\"https:\/\/www.tecniplant.it\/de\/pilotanlagen\/\",\"name\":\"Pilotanlagen Filtrationspr\u00fcfung - Tecniplant\",\"isPartOf\":{\"@id\":\"https:\/\/www.tecniplant.it\/#website\"},\"datePublished\":\"2022-08-02T10:25:26+00:00\",\"dateModified\":\"2023-04-19T12:42:31+00:00\",\"description\":\"Pilotanlagen Filtrationspr\u00fcfung: um verschiedene L\u00f6sungen in einem industriellen Kontext zu testen. Jetzt entdecken!\",\"breadcrumb\":{\"@id\":\"https:\/\/www.tecniplant.it\/de\/pilotanlagen\/#breadcrumb\"},\"inLanguage\":\"de-DE\",\"potentialAction\":[{\"@type\":\"ReadAction\",\"target\":[\"https:\/\/www.tecniplant.it\/de\/pilotanlagen\/\"]}]},{\"@type\":\"BreadcrumbList\",\"@id\":\"https:\/\/www.tecniplant.it\/de\/pilotanlagen\/#breadcrumb\",\"itemListElement\":[{\"@type\":\"ListItem\",\"position\":1,\"name\":\"Home\",\"item\":\"https:\/\/www.tecniplant.it\/de\/\"},{\"@type\":\"ListItem\",\"position\":2,\"name\":\"Pilotanlagen\"}]},{\"@type\":\"WebSite\",\"@id\":\"https:\/\/www.tecniplant.it\/#website\",\"url\":\"https:\/\/www.tecniplant.it\/\",\"name\":\"Tecniplant\",\"description\":\"Il futuro inizia adesso\",\"publisher\":{\"@id\":\"https:\/\/www.tecniplant.it\/#organization\"},\"potentialAction\":[{\"@type\":\"SearchAction\",\"target\":{\"@type\":\"EntryPoint\",\"urlTemplate\":\"https:\/\/www.tecniplant.it\/?s={search_term_string}\"},\"query-input\":\"required name=search_term_string\"}],\"inLanguage\":\"de-DE\"},{\"@type\":\"Organization\",\"@id\":\"https:\/\/www.tecniplant.it\/#organization\",\"name\":\"Tecniplant\",\"url\":\"https:\/\/www.tecniplant.it\/\",\"logo\":{\"@type\":\"ImageObject\",\"inLanguage\":\"de-DE\",\"@id\":\"https:\/\/www.tecniplant.it\/#\/schema\/logo\/image\/\",\"url\":\"https:\/\/www.tecniplant.it\/wp-content\/uploads\/2022\/07\/Tecniplant_logo.png\",\"contentUrl\":\"https:\/\/www.tecniplant.it\/wp-content\/uploads\/2022\/07\/Tecniplant_logo.png\",\"width\":1601,\"height\":350,\"caption\":\"Tecniplant\"},\"image\":{\"@id\":\"https:\/\/www.tecniplant.it\/#\/schema\/logo\/image\/\"}}]}<\/script>\n<!-- \/ Yoast SEO plugin. -->","yoast_head_json":{"title":"Pilotanlagen Filtrationspr\u00fcfung - Tecniplant","description":"Pilotanlagen Filtrationspr\u00fcfung: um verschiedene L\u00f6sungen in einem industriellen Kontext zu testen. Jetzt entdecken!","robots":{"index":"index","follow":"follow","max-snippet":"max-snippet:-1","max-image-preview":"max-image-preview:large","max-video-preview":"max-video-preview:-1"},"canonical":"https:\/\/www.tecniplant.it\/de\/pilotanlagen\/","og_locale":"de_DE","og_type":"article","og_title":"Pilotanlagen Filtrationspr\u00fcfung - Tecniplant","og_description":"Pilotanlagen Filtrationspr\u00fcfung: um verschiedene L\u00f6sungen in einem industriellen Kontext zu testen. Jetzt entdecken!","og_url":"https:\/\/www.tecniplant.it\/de\/pilotanlagen\/","og_site_name":"Tecniplant","article_modified_time":"2023-04-19T12:42:31+00:00","og_image":[{"url":"https:\/\/www.tecniplant.it\/wp-content\/uploads\/2022\/08\/system2.png"}],"twitter_card":"summary_large_image","twitter_misc":{"Gesch\u00e4tzte Lesezeit":"2 Minuten"},"schema":{"@context":"https:\/\/schema.org","@graph":[{"@type":"WebPage","@id":"https:\/\/www.tecniplant.it\/de\/pilotanlagen\/","url":"https:\/\/www.tecniplant.it\/de\/pilotanlagen\/","name":"Pilotanlagen Filtrationspr\u00fcfung - Tecniplant","isPartOf":{"@id":"https:\/\/www.tecniplant.it\/#website"},"datePublished":"2022-08-02T10:25:26+00:00","dateModified":"2023-04-19T12:42:31+00:00","description":"Pilotanlagen Filtrationspr\u00fcfung: um verschiedene L\u00f6sungen in einem industriellen Kontext zu testen. Jetzt entdecken!","breadcrumb":{"@id":"https:\/\/www.tecniplant.it\/de\/pilotanlagen\/#breadcrumb"},"inLanguage":"de-DE","potentialAction":[{"@type":"ReadAction","target":["https:\/\/www.tecniplant.it\/de\/pilotanlagen\/"]}]},{"@type":"BreadcrumbList","@id":"https:\/\/www.tecniplant.it\/de\/pilotanlagen\/#breadcrumb","itemListElement":[{"@type":"ListItem","position":1,"name":"Home","item":"https:\/\/www.tecniplant.it\/de\/"},{"@type":"ListItem","position":2,"name":"Pilotanlagen"}]},{"@type":"WebSite","@id":"https:\/\/www.tecniplant.it\/#website","url":"https:\/\/www.tecniplant.it\/","name":"Tecniplant","description":"Il futuro inizia adesso","publisher":{"@id":"https:\/\/www.tecniplant.it\/#organization"},"potentialAction":[{"@type":"SearchAction","target":{"@type":"EntryPoint","urlTemplate":"https:\/\/www.tecniplant.it\/?s={search_term_string}"},"query-input":"required name=search_term_string"}],"inLanguage":"de-DE"},{"@type":"Organization","@id":"https:\/\/www.tecniplant.it\/#organization","name":"Tecniplant","url":"https:\/\/www.tecniplant.it\/","logo":{"@type":"ImageObject","inLanguage":"de-DE","@id":"https:\/\/www.tecniplant.it\/#\/schema\/logo\/image\/","url":"https:\/\/www.tecniplant.it\/wp-content\/uploads\/2022\/07\/Tecniplant_logo.png","contentUrl":"https:\/\/www.tecniplant.it\/wp-content\/uploads\/2022\/07\/Tecniplant_logo.png","width":1601,"height":350,"caption":"Tecniplant"},"image":{"@id":"https:\/\/www.tecniplant.it\/#\/schema\/logo\/image\/"}}]}},"_links":{"self":[{"href":"https:\/\/www.tecniplant.it\/de\/wp-json\/wp\/v2\/pages\/3154"}],"collection":[{"href":"https:\/\/www.tecniplant.it\/de\/wp-json\/wp\/v2\/pages"}],"about":[{"href":"https:\/\/www.tecniplant.it\/de\/wp-json\/wp\/v2\/types\/page"}],"author":[{"embeddable":true,"href":"https:\/\/www.tecniplant.it\/de\/wp-json\/wp\/v2\/users\/1"}],"replies":[{"embeddable":true,"href":"https:\/\/www.tecniplant.it\/de\/wp-json\/wp\/v2\/comments?post=3154"}],"version-history":[{"count":13,"href":"https:\/\/www.tecniplant.it\/de\/wp-json\/wp\/v2\/pages\/3154\/revisions"}],"predecessor-version":[{"id":6008,"href":"https:\/\/www.tecniplant.it\/de\/wp-json\/wp\/v2\/pages\/3154\/revisions\/6008"}],"wp:attachment":[{"href":"https:\/\/www.tecniplant.it\/de\/wp-json\/wp\/v2\/media?parent=3154"}],"curies":[{"name":"wp","href":"https:\/\/api.w.org\/{rel}","templated":true}]}}