{"id":3149,"date":"2022-08-02T10:17:37","date_gmt":"2022-08-02T10:17:37","guid":{"rendered":"https:\/\/www.tecniplant.it\/analyselabor\/"},"modified":"2023-04-19T12:41:47","modified_gmt":"2023-04-19T12:41:47","slug":"labortests","status":"publish","type":"page","link":"https:\/\/www.tecniplant.it\/de\/labortests\/","title":{"rendered":"Labortests"},"content":{"rendered":"\t\t<div data-elementor-type=\"wp-page\" data-elementor-id=\"3149\" class=\"elementor elementor-3149 elementor-955\">\n\t\t\t\t\t\t\t\t\t<section class=\"elementor-section elementor-top-section elementor-element elementor-element-6838597 elementor-section-height-min-height elementor-section-items-bottom elementor-section-boxed elementor-section-height-default\" data-id=\"6838597\" data-element_type=\"section\" data-settings=\"{&quot;background_background&quot;:&quot;classic&quot;}\">\n\t\t\t\t\t\t\t<div class=\"elementor-background-overlay\"><\/div>\n\t\t\t\t\t\t\t<div class=\"elementor-container elementor-column-gap-no\">\n\t\t\t\t\t<div class=\"elementor-column elementor-col-100 elementor-top-column elementor-element elementor-element-046dbab\" data-id=\"046dbab\" data-element_type=\"column\">\n\t\t\t<div class=\"elementor-widget-wrap elementor-element-populated\">\n\t\t\t\t\t\t\t\t<div class=\"elementor-element elementor-element-4052892 elementor-widget elementor-widget-heading\" data-id=\"4052892\" data-element_type=\"widget\" data-widget_type=\"heading.default\">\n\t\t\t\t<div class=\"elementor-widget-container\">\n\t\t\t<style>\/*! elementor - v3.11.5 - 14-03-2023 *\/\n.elementor-heading-title{padding:0;margin:0;line-height:1}.elementor-widget-heading .elementor-heading-title[class*=elementor-size-]>a{color:inherit;font-size:inherit;line-height:inherit}.elementor-widget-heading .elementor-heading-title.elementor-size-small{font-size:15px}.elementor-widget-heading .elementor-heading-title.elementor-size-medium{font-size:19px}.elementor-widget-heading .elementor-heading-title.elementor-size-large{font-size:29px}.elementor-widget-heading .elementor-heading-title.elementor-size-xl{font-size:39px}.elementor-widget-heading .elementor-heading-title.elementor-size-xxl{font-size:59px}<\/style><h1 class=\"elementor-heading-title elementor-size-default\">LABORTESTS F\u00dcR FILTRATION UND WASSERAUFBEREITUNG  <\/h1>\t\t<\/div>\n\t\t\t\t<\/div>\n\t\t\t\t\t<\/div>\n\t\t<\/div>\n\t\t\t\t\t\t\t<\/div>\n\t\t<\/section>\n\t\t\t\t<section class=\"elementor-section elementor-top-section elementor-element elementor-element-1f90ae5 elementor-section-full_width elementor-section-height-default elementor-section-height-default\" data-id=\"1f90ae5\" data-element_type=\"section\">\n\t\t\t\t\t\t<div class=\"elementor-container elementor-column-gap-default\">\n\t\t\t\t\t<div class=\"elementor-column elementor-col-50 elementor-top-column elementor-element elementor-element-a4e22de\" data-id=\"a4e22de\" data-element_type=\"column\">\n\t\t\t<div class=\"elementor-widget-wrap elementor-element-populated\">\n\t\t\t\t\t\t\t\t<div class=\"elementor-element elementor-element-1e782a3 elementor-widget elementor-widget-image\" data-id=\"1e782a3\" data-element_type=\"widget\" data-widget_type=\"image.default\">\n\t\t\t\t<div class=\"elementor-widget-container\">\n\t\t\t<style>\/*! elementor - v3.11.5 - 14-03-2023 *\/\n.elementor-widget-image{text-align:center}.elementor-widget-image a{display:inline-block}.elementor-widget-image a img[src$=\".svg\"]{width:48px}.elementor-widget-image img{vertical-align:middle;display:inline-block}<\/style>\t\t\t\t\t\t\t\t\t\t\t\t<img decoding=\"async\" width=\"512\" height=\"512\" src=\"https:\/\/www.tecniplant.it\/wp-content\/uploads\/2022\/08\/laboratory.png\" class=\"attachment-large size-large wp-image-465\" alt=\"Tecniplant investe sulla ricerca e sviluppo\" loading=\"lazy\" srcset=\"https:\/\/www.tecniplant.it\/wp-content\/uploads\/2022\/08\/laboratory.png 512w, https:\/\/www.tecniplant.it\/wp-content\/uploads\/2022\/08\/laboratory-300x300.png 300w, https:\/\/www.tecniplant.it\/wp-content\/uploads\/2022\/08\/laboratory-150x150.png 150w\" sizes=\"(max-width: 512px) 100vw, 512px\" \/>\t\t\t\t\t\t\t\t\t\t\t\t\t\t\t<\/div>\n\t\t\t\t<\/div>\n\t\t\t\t\t<\/div>\n\t\t<\/div>\n\t\t\t\t<div class=\"elementor-column elementor-col-50 elementor-top-column elementor-element elementor-element-859ca34\" data-id=\"859ca34\" data-element_type=\"column\">\n\t\t\t<div class=\"elementor-widget-wrap elementor-element-populated\">\n\t\t\t\t\t\t\t\t<div class=\"elementor-element elementor-element-9154c06 elementor-widget elementor-widget-text-editor\" data-id=\"9154c06\" data-element_type=\"widget\" data-widget_type=\"text-editor.default\">\n\t\t\t\t<div class=\"elementor-widget-container\">\n\t\t\t<style>\/*! elementor - v3.11.5 - 14-03-2023 *\/\n.elementor-widget-text-editor.elementor-drop-cap-view-stacked .elementor-drop-cap{background-color:#818a91;color:#fff}.elementor-widget-text-editor.elementor-drop-cap-view-framed .elementor-drop-cap{color:#818a91;border:3px solid;background-color:transparent}.elementor-widget-text-editor:not(.elementor-drop-cap-view-default) .elementor-drop-cap{margin-top:8px}.elementor-widget-text-editor:not(.elementor-drop-cap-view-default) .elementor-drop-cap-letter{width:1em;height:1em}.elementor-widget-text-editor .elementor-drop-cap{float:left;text-align:center;line-height:1;font-size:50px}.elementor-widget-text-editor .elementor-drop-cap-letter{display:inline-block}<\/style>\t\t\t\t<p>In dem Bestreben, auf die Bed\u00fcrfnisse unserer Kunden bestm\u00f6glich einzugehen, investieren wir bei TECNIPLANT st\u00e4ndig in Forschung und Entwicklung, sowohl in Bezug auf Labortests als auch auf die Entwicklung von Pilotanlagen.<\/p><p>\u00a0<\/p><p>F\u00fcr unsere Kunden wollen wir vor allem eine Garantie sein f\u00fcr:<\/p><p>\u00a0<\/p><ul><li>Zuverl\u00e4ssigkeit<\/li><li>Effizienz<\/li><\/ul><p>\u00a0<\/p><p>Generell sind wir der Meinung, dass \u00d6l-Wasser-Filtrations- und Trennverfahren in industriellen Systemen von strategischer Bedeutung sind. Deshalb investieren wir kontinuierlich in Forschung und Entwicklung, um unseren Kunden geeignete und zielgerichtete technische L\u00f6sungen anzubieten, die ein effizientes und effektives Anlagenmanagement erm\u00f6glichen.<\/p>\t\t\t\t\t\t<\/div>\n\t\t\t\t<\/div>\n\t\t\t\t\t<\/div>\n\t\t<\/div>\n\t\t\t\t\t\t\t<\/div>\n\t\t<\/section>\n\t\t\t\t<section class=\"elementor-section elementor-top-section elementor-element elementor-element-fa24ddc elementor-section-full_width elementor-section-height-default elementor-section-height-default\" data-id=\"fa24ddc\" data-element_type=\"section\" data-settings=\"{&quot;background_background&quot;:&quot;classic&quot;}\">\n\t\t\t\t\t\t<div class=\"elementor-container elementor-column-gap-default\">\n\t\t\t\t\t<div class=\"elementor-column elementor-col-100 elementor-top-column elementor-element elementor-element-7f9a20e\" data-id=\"7f9a20e\" data-element_type=\"column\">\n\t\t\t<div class=\"elementor-widget-wrap elementor-element-populated\">\n\t\t\t\t\t\t\t\t<div class=\"elementor-element elementor-element-b9ef411 elementor-widget elementor-widget-heading\" data-id=\"b9ef411\" data-element_type=\"widget\" data-widget_type=\"heading.default\">\n\t\t\t\t<div class=\"elementor-widget-container\">\n\t\t\t<h2 class=\"elementor-heading-title elementor-size-default\">DAS LABOR: TECNIPLANT FORSCHUNGS- UND ENTWICKLUNGSZENTRUM <\/h2>\t\t<\/div>\n\t\t\t\t<\/div>\n\t\t\t\t<div class=\"elementor-element elementor-element-1be059f elementor-widget elementor-widget-spacer\" data-id=\"1be059f\" data-element_type=\"widget\" data-widget_type=\"spacer.default\">\n\t\t\t\t<div class=\"elementor-widget-container\">\n\t\t\t<style>\/*! elementor - v3.11.5 - 14-03-2023 *\/\n.elementor-column .elementor-spacer-inner{height:var(--spacer-size)}.e-con{--container-widget-width:100%}.e-con-inner>.elementor-widget-spacer,.e-con>.elementor-widget-spacer{width:var(--container-widget-width,var(--spacer-size));--align-self:var(--container-widget-align-self,initial);--flex-shrink:0}.e-con-inner>.elementor-widget-spacer>.elementor-widget-container,.e-con-inner>.elementor-widget-spacer>.elementor-widget-container>.elementor-spacer,.e-con>.elementor-widget-spacer>.elementor-widget-container,.e-con>.elementor-widget-spacer>.elementor-widget-container>.elementor-spacer{height:100%}.e-con-inner>.elementor-widget-spacer>.elementor-widget-container>.elementor-spacer>.elementor-spacer-inner,.e-con>.elementor-widget-spacer>.elementor-widget-container>.elementor-spacer>.elementor-spacer-inner{height:var(--container-widget-height,var(--spacer-size))}<\/style>\t\t<div class=\"elementor-spacer\">\n\t\t\t<div class=\"elementor-spacer-inner\"><\/div>\n\t\t<\/div>\n\t\t\t\t<\/div>\n\t\t\t\t<\/div>\n\t\t\t\t<div class=\"elementor-element elementor-element-c547b62 elementor-widget elementor-widget-text-editor\" data-id=\"c547b62\" data-element_type=\"widget\" data-widget_type=\"text-editor.default\">\n\t\t\t\t<div class=\"elementor-widget-container\">\n\t\t\t\t\t\t\t<p>Das Labor ist das Zentrum unserer Forschung und Entwicklung und erm\u00f6glicht es uns, die hohe Qualit\u00e4t der integrierten L\u00f6sungen zu gew\u00e4hrleisten, die wir dem Markt anbieten.<\/p><p>\u00a0<\/p><p>Wir nutzen die F&amp;E-Phase, um uns mit dem Verfahren und dem zu behandelnden Medium vertraut zu machen. Auf diese Weise sind wir in der Lage, das am besten geeignete Verfahren zu definieren, um die vom Kunden geforderte Leistung zu garantieren.<\/p><p>\u00a0<\/p><p>Dar\u00fcber hinaus erm\u00f6glichen uns Investitionen in das Labor und die Forschung und Entwicklung, mit der Zeit zu gehen. Jeden Tag kommen neue Produkte auf den Markt, was eine kontinuierliche Forschung voraussetzt, um die Produktionsanforderungen der Kunden zu erf\u00fcllen.<\/p><p><br \/>Schlie\u00dflich gibt es f\u00fcr jeden Prozess unterschiedliche Technologien. Durch das Forschungslabor ist es m\u00f6glich, zu diversifizieren und L\u00f6sungen f\u00fcr jeden Bedarf zu finden, aber vor allem in die Zukunft zu blicken, indem neue Technologien, neue Prozesse und neue L\u00f6sungen getestet werden.<\/p>\t\t\t\t\t\t<\/div>\n\t\t\t\t<\/div>\n\t\t\t\t\t<\/div>\n\t\t<\/div>\n\t\t\t\t\t\t\t<\/div>\n\t\t<\/section>\n\t\t\t\t<section class=\"elementor-section elementor-top-section elementor-element elementor-element-786bd4e elementor-section-boxed elementor-section-height-default elementor-section-height-default\" data-id=\"786bd4e\" data-element_type=\"section\">\n\t\t\t\t\t\t<div class=\"elementor-container elementor-column-gap-default\">\n\t\t\t\t\t<div class=\"elementor-column elementor-col-50 elementor-top-column elementor-element elementor-element-80ba3fa\" data-id=\"80ba3fa\" data-element_type=\"column\">\n\t\t\t<div class=\"elementor-widget-wrap elementor-element-populated\">\n\t\t\t\t\t\t\t\t<div class=\"elementor-element elementor-element-7411233 elementor-align-center elementor-widget elementor-widget-button\" data-id=\"7411233\" data-element_type=\"widget\" data-widget_type=\"button.default\">\n\t\t\t\t<div class=\"elementor-widget-container\">\n\t\t\t\t\t<div class=\"elementor-button-wrapper\">\n\t\t\t<a href=\"https:\/\/www.tecniplant.it\/de\/service\/\" class=\"elementor-button-link elementor-button elementor-size-sm\" role=\"button\">\n\t\t\t\t\t\t<span class=\"elementor-button-content-wrapper\">\n\t\t\t\t\t\t<span class=\"elementor-button-text\">ZUR\u00dcCK ZU ALLE DIENSTLEISTUNGEN<\/span>\n\t\t<\/span>\n\t\t\t\t\t<\/a>\n\t\t<\/div>\n\t\t\t\t<\/div>\n\t\t\t\t<\/div>\n\t\t\t\t\t<\/div>\n\t\t<\/div>\n\t\t\t\t<div class=\"elementor-column elementor-col-50 elementor-top-column elementor-element elementor-element-ee13d87\" data-id=\"ee13d87\" data-element_type=\"column\">\n\t\t\t<div class=\"elementor-widget-wrap elementor-element-populated\">\n\t\t\t\t\t\t\t\t<div class=\"elementor-element elementor-element-96fc520 elementor-align-center elementor-widget elementor-widget-button\" data-id=\"96fc520\" data-element_type=\"widget\" data-widget_type=\"button.default\">\n\t\t\t\t<div class=\"elementor-widget-container\">\n\t\t\t\t\t<div class=\"elementor-button-wrapper\">\n\t\t\t<a href=\"https:\/\/www.tecniplant.it\/de\/kontakte\/\" class=\"elementor-button-link elementor-button elementor-size-sm\" role=\"button\">\n\t\t\t\t\t\t<span class=\"elementor-button-content-wrapper\">\n\t\t\t\t\t\t<span class=\"elementor-button-text\">Kontaktieren Sie uns f\u00fcr weitere Informationen<\/span>\n\t\t<\/span>\n\t\t\t\t\t<\/a>\n\t\t<\/div>\n\t\t\t\t<\/div>\n\t\t\t\t<\/div>\n\t\t\t\t\t<\/div>\n\t\t<\/div>\n\t\t\t\t\t\t\t<\/div>\n\t\t<\/section>\n\t\t\t\t\t\t\t<\/div>\n\t\t","protected":false},"excerpt":{"rendered":"<p>LABORTESTS F\u00dcR FILTRATION UND WASSERAUFBEREITUNG In dem Bestreben, auf die Bed\u00fcrfnisse unserer Kunden bestm\u00f6glich einzugehen, investieren wir bei TECNIPLANT st\u00e4ndig in Forschung und Entwicklung, sowohl in Bezug auf Labortests als auch auf die Entwicklung von Pilotanlagen. \u00a0 F\u00fcr unsere Kunden wollen wir vor allem eine Garantie sein f\u00fcr: \u00a0 Zuverl\u00e4ssigkeit Effizienz \u00a0 Generell sind wir [&hellip;]<\/p>\n","protected":false},"author":1,"featured_media":0,"parent":0,"menu_order":0,"comment_status":"closed","ping_status":"closed","template":"elementor_header_footer","meta":[],"yoast_head":"<!-- This site is optimized with the Yoast SEO plugin v19.13 - https:\/\/yoast.com\/wordpress\/plugins\/seo\/ -->\n<title>Labortests Filtration Wasseraufbereitung - Tecniplant<\/title>\n<meta name=\"description\" content=\"Labortests fur Filtration und Wasseraufbereitung: Vorpr\u00fcfung durch, um das richtige Produkt f\u00fcr die Anlage auszuw\u00e4hlen. Jetzt entdecken!\" \/>\n<meta name=\"robots\" content=\"index, follow, max-snippet:-1, max-image-preview:large, max-video-preview:-1\" \/>\n<link rel=\"canonical\" href=\"https:\/\/www.tecniplant.it\/de\/labortests\/\" \/>\n<meta property=\"og:locale\" content=\"de_DE\" \/>\n<meta property=\"og:type\" content=\"article\" \/>\n<meta property=\"og:title\" content=\"Labortests Filtration Wasseraufbereitung - Tecniplant\" \/>\n<meta property=\"og:description\" content=\"Labortests fur Filtration und Wasseraufbereitung: Vorpr\u00fcfung durch, um das richtige Produkt f\u00fcr die Anlage auszuw\u00e4hlen. Jetzt entdecken!\" \/>\n<meta property=\"og:url\" content=\"https:\/\/www.tecniplant.it\/de\/labortests\/\" \/>\n<meta property=\"og:site_name\" content=\"Tecniplant\" \/>\n<meta property=\"article:modified_time\" content=\"2023-04-19T12:41:47+00:00\" \/>\n<meta property=\"og:image\" content=\"https:\/\/www.tecniplant.it\/wp-content\/uploads\/2022\/08\/laboratory.png\" \/>\n<meta name=\"twitter:card\" content=\"summary_large_image\" \/>\n<meta name=\"twitter:label1\" content=\"Gesch\u00e4tzte Lesezeit\" \/>\n\t<meta name=\"twitter:data1\" content=\"2 Minuten\" \/>\n<script type=\"application\/ld+json\" class=\"yoast-schema-graph\">{\"@context\":\"https:\/\/schema.org\",\"@graph\":[{\"@type\":\"WebPage\",\"@id\":\"https:\/\/www.tecniplant.it\/de\/labortests\/\",\"url\":\"https:\/\/www.tecniplant.it\/de\/labortests\/\",\"name\":\"Labortests Filtration Wasseraufbereitung - Tecniplant\",\"isPartOf\":{\"@id\":\"https:\/\/www.tecniplant.it\/#website\"},\"datePublished\":\"2022-08-02T10:17:37+00:00\",\"dateModified\":\"2023-04-19T12:41:47+00:00\",\"description\":\"Labortests fur Filtration und Wasseraufbereitung: Vorpr\u00fcfung durch, um das richtige Produkt f\u00fcr die Anlage auszuw\u00e4hlen. Jetzt entdecken!\",\"breadcrumb\":{\"@id\":\"https:\/\/www.tecniplant.it\/de\/labortests\/#breadcrumb\"},\"inLanguage\":\"de-DE\",\"potentialAction\":[{\"@type\":\"ReadAction\",\"target\":[\"https:\/\/www.tecniplant.it\/de\/labortests\/\"]}]},{\"@type\":\"BreadcrumbList\",\"@id\":\"https:\/\/www.tecniplant.it\/de\/labortests\/#breadcrumb\",\"itemListElement\":[{\"@type\":\"ListItem\",\"position\":1,\"name\":\"Home\",\"item\":\"https:\/\/www.tecniplant.it\/de\/\"},{\"@type\":\"ListItem\",\"position\":2,\"name\":\"Labortests\"}]},{\"@type\":\"WebSite\",\"@id\":\"https:\/\/www.tecniplant.it\/#website\",\"url\":\"https:\/\/www.tecniplant.it\/\",\"name\":\"Tecniplant\",\"description\":\"Il futuro inizia adesso\",\"publisher\":{\"@id\":\"https:\/\/www.tecniplant.it\/#organization\"},\"potentialAction\":[{\"@type\":\"SearchAction\",\"target\":{\"@type\":\"EntryPoint\",\"urlTemplate\":\"https:\/\/www.tecniplant.it\/?s={search_term_string}\"},\"query-input\":\"required name=search_term_string\"}],\"inLanguage\":\"de-DE\"},{\"@type\":\"Organization\",\"@id\":\"https:\/\/www.tecniplant.it\/#organization\",\"name\":\"Tecniplant\",\"url\":\"https:\/\/www.tecniplant.it\/\",\"logo\":{\"@type\":\"ImageObject\",\"inLanguage\":\"de-DE\",\"@id\":\"https:\/\/www.tecniplant.it\/#\/schema\/logo\/image\/\",\"url\":\"https:\/\/www.tecniplant.it\/wp-content\/uploads\/2022\/07\/Tecniplant_logo.png\",\"contentUrl\":\"https:\/\/www.tecniplant.it\/wp-content\/uploads\/2022\/07\/Tecniplant_logo.png\",\"width\":1601,\"height\":350,\"caption\":\"Tecniplant\"},\"image\":{\"@id\":\"https:\/\/www.tecniplant.it\/#\/schema\/logo\/image\/\"}}]}<\/script>\n<!-- \/ Yoast SEO plugin. -->","yoast_head_json":{"title":"Labortests Filtration Wasseraufbereitung - Tecniplant","description":"Labortests fur Filtration und Wasseraufbereitung: Vorpr\u00fcfung durch, um das richtige Produkt f\u00fcr die Anlage auszuw\u00e4hlen. Jetzt entdecken!","robots":{"index":"index","follow":"follow","max-snippet":"max-snippet:-1","max-image-preview":"max-image-preview:large","max-video-preview":"max-video-preview:-1"},"canonical":"https:\/\/www.tecniplant.it\/de\/labortests\/","og_locale":"de_DE","og_type":"article","og_title":"Labortests Filtration Wasseraufbereitung - Tecniplant","og_description":"Labortests fur Filtration und Wasseraufbereitung: Vorpr\u00fcfung durch, um das richtige Produkt f\u00fcr die Anlage auszuw\u00e4hlen. Jetzt entdecken!","og_url":"https:\/\/www.tecniplant.it\/de\/labortests\/","og_site_name":"Tecniplant","article_modified_time":"2023-04-19T12:41:47+00:00","og_image":[{"url":"https:\/\/www.tecniplant.it\/wp-content\/uploads\/2022\/08\/laboratory.png"}],"twitter_card":"summary_large_image","twitter_misc":{"Gesch\u00e4tzte Lesezeit":"2 Minuten"},"schema":{"@context":"https:\/\/schema.org","@graph":[{"@type":"WebPage","@id":"https:\/\/www.tecniplant.it\/de\/labortests\/","url":"https:\/\/www.tecniplant.it\/de\/labortests\/","name":"Labortests Filtration Wasseraufbereitung - Tecniplant","isPartOf":{"@id":"https:\/\/www.tecniplant.it\/#website"},"datePublished":"2022-08-02T10:17:37+00:00","dateModified":"2023-04-19T12:41:47+00:00","description":"Labortests fur Filtration und Wasseraufbereitung: Vorpr\u00fcfung durch, um das richtige Produkt f\u00fcr die Anlage auszuw\u00e4hlen. Jetzt entdecken!","breadcrumb":{"@id":"https:\/\/www.tecniplant.it\/de\/labortests\/#breadcrumb"},"inLanguage":"de-DE","potentialAction":[{"@type":"ReadAction","target":["https:\/\/www.tecniplant.it\/de\/labortests\/"]}]},{"@type":"BreadcrumbList","@id":"https:\/\/www.tecniplant.it\/de\/labortests\/#breadcrumb","itemListElement":[{"@type":"ListItem","position":1,"name":"Home","item":"https:\/\/www.tecniplant.it\/de\/"},{"@type":"ListItem","position":2,"name":"Labortests"}]},{"@type":"WebSite","@id":"https:\/\/www.tecniplant.it\/#website","url":"https:\/\/www.tecniplant.it\/","name":"Tecniplant","description":"Il futuro inizia adesso","publisher":{"@id":"https:\/\/www.tecniplant.it\/#organization"},"potentialAction":[{"@type":"SearchAction","target":{"@type":"EntryPoint","urlTemplate":"https:\/\/www.tecniplant.it\/?s={search_term_string}"},"query-input":"required name=search_term_string"}],"inLanguage":"de-DE"},{"@type":"Organization","@id":"https:\/\/www.tecniplant.it\/#organization","name":"Tecniplant","url":"https:\/\/www.tecniplant.it\/","logo":{"@type":"ImageObject","inLanguage":"de-DE","@id":"https:\/\/www.tecniplant.it\/#\/schema\/logo\/image\/","url":"https:\/\/www.tecniplant.it\/wp-content\/uploads\/2022\/07\/Tecniplant_logo.png","contentUrl":"https:\/\/www.tecniplant.it\/wp-content\/uploads\/2022\/07\/Tecniplant_logo.png","width":1601,"height":350,"caption":"Tecniplant"},"image":{"@id":"https:\/\/www.tecniplant.it\/#\/schema\/logo\/image\/"}}]}},"_links":{"self":[{"href":"https:\/\/www.tecniplant.it\/de\/wp-json\/wp\/v2\/pages\/3149"}],"collection":[{"href":"https:\/\/www.tecniplant.it\/de\/wp-json\/wp\/v2\/pages"}],"about":[{"href":"https:\/\/www.tecniplant.it\/de\/wp-json\/wp\/v2\/types\/page"}],"author":[{"embeddable":true,"href":"https:\/\/www.tecniplant.it\/de\/wp-json\/wp\/v2\/users\/1"}],"replies":[{"embeddable":true,"href":"https:\/\/www.tecniplant.it\/de\/wp-json\/wp\/v2\/comments?post=3149"}],"version-history":[{"count":15,"href":"https:\/\/www.tecniplant.it\/de\/wp-json\/wp\/v2\/pages\/3149\/revisions"}],"predecessor-version":[{"id":6005,"href":"https:\/\/www.tecniplant.it\/de\/wp-json\/wp\/v2\/pages\/3149\/revisions\/6005"}],"wp:attachment":[{"href":"https:\/\/www.tecniplant.it\/de\/wp-json\/wp\/v2\/media?parent=3149"}],"curies":[{"name":"wp","href":"https:\/\/api.w.org\/{rel}","templated":true}]}}