{"id":3141,"date":"2022-08-02T10:31:04","date_gmt":"2022-08-02T10:31:04","guid":{"rendered":"https:\/\/www.tecniplant.it\/entwicklung-und-herstellung\/"},"modified":"2023-04-19T12:43:19","modified_gmt":"2023-04-19T12:43:19","slug":"entwicklung-und-herstellung","status":"publish","type":"page","link":"https:\/\/www.tecniplant.it\/de\/entwicklung-und-herstellung\/","title":{"rendered":"Entwicklung und herstellung"},"content":{"rendered":"\t\t<div data-elementor-type=\"wp-page\" data-elementor-id=\"3141\" class=\"elementor elementor-3141 elementor-970\">\n\t\t\t\t\t\t\t\t\t<section class=\"elementor-section elementor-top-section elementor-element elementor-element-6838597 elementor-section-height-min-height elementor-section-items-bottom elementor-section-boxed elementor-section-height-default\" data-id=\"6838597\" data-element_type=\"section\" data-settings=\"{&quot;background_background&quot;:&quot;classic&quot;}\">\n\t\t\t\t\t\t\t<div class=\"elementor-background-overlay\"><\/div>\n\t\t\t\t\t\t\t<div class=\"elementor-container elementor-column-gap-no\">\n\t\t\t\t\t<div class=\"elementor-column elementor-col-100 elementor-top-column elementor-element elementor-element-046dbab\" data-id=\"046dbab\" data-element_type=\"column\">\n\t\t\t<div class=\"elementor-widget-wrap elementor-element-populated\">\n\t\t\t\t\t\t\t\t<div class=\"elementor-element elementor-element-4052892 elementor-widget elementor-widget-heading\" data-id=\"4052892\" data-element_type=\"widget\" data-widget_type=\"heading.default\">\n\t\t\t\t<div class=\"elementor-widget-container\">\n\t\t\t<style>\/*! elementor - v3.11.5 - 14-03-2023 *\/\n.elementor-heading-title{padding:0;margin:0;line-height:1}.elementor-widget-heading .elementor-heading-title[class*=elementor-size-]>a{color:inherit;font-size:inherit;line-height:inherit}.elementor-widget-heading .elementor-heading-title.elementor-size-small{font-size:15px}.elementor-widget-heading .elementor-heading-title.elementor-size-medium{font-size:19px}.elementor-widget-heading .elementor-heading-title.elementor-size-large{font-size:29px}.elementor-widget-heading .elementor-heading-title.elementor-size-xl{font-size:39px}.elementor-widget-heading .elementor-heading-title.elementor-size-xxl{font-size:59px}<\/style><h1 class=\"elementor-heading-title elementor-size-default\">ENTWICKLUNG UND HERSTELLUNG VON FILTRATIONS-, \u00d6L-WASSER-TRENNUNGS- UND WASSERAUFBEREITUNGSMASCHINEN <\/h1>\t\t<\/div>\n\t\t\t\t<\/div>\n\t\t\t\t\t<\/div>\n\t\t<\/div>\n\t\t\t\t\t\t\t<\/div>\n\t\t<\/section>\n\t\t\t\t<section class=\"elementor-section elementor-top-section elementor-element elementor-element-1f90ae5 elementor-section-full_width elementor-section-height-default elementor-section-height-default\" data-id=\"1f90ae5\" data-element_type=\"section\">\n\t\t\t\t\t\t<div class=\"elementor-container elementor-column-gap-default\">\n\t\t\t\t\t<div class=\"elementor-column elementor-col-50 elementor-top-column elementor-element elementor-element-a4e22de\" data-id=\"a4e22de\" data-element_type=\"column\">\n\t\t\t<div class=\"elementor-widget-wrap elementor-element-populated\">\n\t\t\t\t\t\t\t\t<div class=\"elementor-element elementor-element-1e782a3 elementor-widget elementor-widget-image\" data-id=\"1e782a3\" data-element_type=\"widget\" data-widget_type=\"image.default\">\n\t\t\t\t<div class=\"elementor-widget-container\">\n\t\t\t<style>\/*! elementor - v3.11.5 - 14-03-2023 *\/\n.elementor-widget-image{text-align:center}.elementor-widget-image a{display:inline-block}.elementor-widget-image a img[src$=\".svg\"]{width:48px}.elementor-widget-image img{vertical-align:middle;display:inline-block}<\/style>\t\t\t\t\t\t\t\t\t\t\t\t<img decoding=\"async\" width=\"512\" height=\"512\" src=\"https:\/\/www.tecniplant.it\/wp-content\/uploads\/2022\/08\/blueprint.png\" class=\"attachment-large size-large wp-image-468\" alt=\"Progettazione e costruzione di macchinari e sistemi per filtrazione, trattamento acque e separazione di liquidi\" loading=\"lazy\" srcset=\"https:\/\/www.tecniplant.it\/wp-content\/uploads\/2022\/08\/blueprint.png 512w, https:\/\/www.tecniplant.it\/wp-content\/uploads\/2022\/08\/blueprint-300x300.png 300w, https:\/\/www.tecniplant.it\/wp-content\/uploads\/2022\/08\/blueprint-150x150.png 150w\" sizes=\"(max-width: 512px) 100vw, 512px\" \/>\t\t\t\t\t\t\t\t\t\t\t\t\t\t\t<\/div>\n\t\t\t\t<\/div>\n\t\t\t\t\t<\/div>\n\t\t<\/div>\n\t\t\t\t<div class=\"elementor-column elementor-col-50 elementor-top-column elementor-element elementor-element-859ca34\" data-id=\"859ca34\" data-element_type=\"column\">\n\t\t\t<div class=\"elementor-widget-wrap elementor-element-populated\">\n\t\t\t\t\t\t\t\t<div class=\"elementor-element elementor-element-9154c06 elementor-widget elementor-widget-text-editor\" data-id=\"9154c06\" data-element_type=\"widget\" data-widget_type=\"text-editor.default\">\n\t\t\t\t<div class=\"elementor-widget-container\">\n\t\t\t<style>\/*! elementor - v3.11.5 - 14-03-2023 *\/\n.elementor-widget-text-editor.elementor-drop-cap-view-stacked .elementor-drop-cap{background-color:#818a91;color:#fff}.elementor-widget-text-editor.elementor-drop-cap-view-framed .elementor-drop-cap{color:#818a91;border:3px solid;background-color:transparent}.elementor-widget-text-editor:not(.elementor-drop-cap-view-default) .elementor-drop-cap{margin-top:8px}.elementor-widget-text-editor:not(.elementor-drop-cap-view-default) .elementor-drop-cap-letter{width:1em;height:1em}.elementor-widget-text-editor .elementor-drop-cap{float:left;text-align:center;line-height:1;font-size:50px}.elementor-widget-text-editor .elementor-drop-cap-letter{display:inline-block}<\/style>\t\t\t\t<p>Bei TECNIPLANT besch\u00e4ftigen wir uns mit der <strong>Entwicklung und Herstellung von Maschinen und kompletten Anlagen<\/strong> f\u00fcr die <strong>Filtration<\/strong>, \u00d6l-Wasser-Trennung und <strong>Wasseraufbereitung<\/strong>.<\/p><p>\u00a0<\/p><p>Dabei verf\u00fcgen wir \u00fcber 50 Jahre Erfahrung in der Entwicklung und Herstellung von <strong>Filtrationsmaschinen<\/strong>, wie z.B.:<\/p><p>\u00a0<\/p><ul><li>Vakuumrotationsfilter (Klingenfilter, Walzenfilter, Seilfilter, Tuchfilter und Precoatfilter)<\/li><li>Vakuumbandfilter<\/li><li>horizontale und vertikale Druckblattfilter\/Druckscheibenfilter<\/li><li>vertikale Druckkerzenfilter<\/li><\/ul><p>\u00a0<\/p><p>\u00a0<\/p><p>Dar\u00fcber hinaus verf\u00fcgen wir \u00fcber umfangreiche Erfahrung in der <strong>Aufbereitung von \u00f6lhaltigem Wasser<\/strong> und haben die folgenden Systeme entwickelt und gebaut:<\/p><p>\u00a0<\/p><ul><li>Flotationszellen mit Luft und induziertem Gas, sowohl atmosph\u00e4risch als auch mit Druckturbine und Injektor<\/li><li>Flotationszellen mit Luft und gel\u00f6stem Gas<\/li><li>API-Kl\u00e4rer und -Abscheider<\/li><li>CPI-Wellplattenabscheider, sowohl atmosph\u00e4risch als auch druckbeaufschlagt<\/li><li>Nussschalen-Druckfilter<\/li><li>Karbonfilter<\/li><\/ul>\t\t\t\t\t\t<\/div>\n\t\t\t\t<\/div>\n\t\t\t\t\t<\/div>\n\t\t<\/div>\n\t\t\t\t\t\t\t<\/div>\n\t\t<\/section>\n\t\t\t\t<section class=\"elementor-section elementor-top-section elementor-element elementor-element-fa24ddc elementor-section-full_width elementor-section-height-default elementor-section-height-default\" data-id=\"fa24ddc\" data-element_type=\"section\" data-settings=\"{&quot;background_background&quot;:&quot;classic&quot;}\">\n\t\t\t\t\t\t<div class=\"elementor-container elementor-column-gap-default\">\n\t\t\t\t\t<div class=\"elementor-column elementor-col-50 elementor-top-column elementor-element elementor-element-7f9a20e\" data-id=\"7f9a20e\" data-element_type=\"column\">\n\t\t\t<div class=\"elementor-widget-wrap elementor-element-populated\">\n\t\t\t\t\t\t\t\t<div class=\"elementor-element elementor-element-c544345 elementor-widget elementor-widget-image\" data-id=\"c544345\" data-element_type=\"widget\" data-widget_type=\"image.default\">\n\t\t\t\t<div class=\"elementor-widget-container\">\n\t\t\t\t\t\t\t\t\t\t\t\t\t\t\t<img decoding=\"async\" width=\"800\" height=\"450\" src=\"https:\/\/www.tecniplant.it\/wp-content\/uploads\/2022\/10\/Progetto-senza-titolo-2-1024x576.jpg\" class=\"attachment-large size-large wp-image-3614\" alt=\"\" loading=\"lazy\" srcset=\"https:\/\/www.tecniplant.it\/wp-content\/uploads\/2022\/10\/Progetto-senza-titolo-2-1024x576.jpg 1024w, https:\/\/www.tecniplant.it\/wp-content\/uploads\/2022\/10\/Progetto-senza-titolo-2-300x169.jpg 300w, https:\/\/www.tecniplant.it\/wp-content\/uploads\/2022\/10\/Progetto-senza-titolo-2-768x432.jpg 768w, https:\/\/www.tecniplant.it\/wp-content\/uploads\/2022\/10\/Progetto-senza-titolo-2-1536x864.jpg 1536w, https:\/\/www.tecniplant.it\/wp-content\/uploads\/2022\/10\/Progetto-senza-titolo-2.jpg 1920w\" sizes=\"(max-width: 800px) 100vw, 800px\" \/>\t\t\t\t\t\t\t\t\t\t\t\t\t\t\t<\/div>\n\t\t\t\t<\/div>\n\t\t\t\t<div class=\"elementor-element elementor-element-b9ef411 elementor-widget elementor-widget-heading\" data-id=\"b9ef411\" data-element_type=\"widget\" data-widget_type=\"heading.default\">\n\t\t\t\t<div class=\"elementor-widget-container\">\n\t\t\t<h2 class=\"elementor-heading-title elementor-size-default\">ENTWICKLUNG VON SYSTEMEN F\u00dcR DIE FILTRATION, DIE AUFBEREITUNG VON \u00d6LHALTIGEM WASSER UND DIE WASSERAUFBEREITUNG <\/h2>\t\t<\/div>\n\t\t\t\t<\/div>\n\t\t\t\t<div class=\"elementor-element elementor-element-1be059f elementor-widget elementor-widget-spacer\" data-id=\"1be059f\" data-element_type=\"widget\" data-widget_type=\"spacer.default\">\n\t\t\t\t<div class=\"elementor-widget-container\">\n\t\t\t<style>\/*! elementor - v3.11.5 - 14-03-2023 *\/\n.elementor-column .elementor-spacer-inner{height:var(--spacer-size)}.e-con{--container-widget-width:100%}.e-con-inner>.elementor-widget-spacer,.e-con>.elementor-widget-spacer{width:var(--container-widget-width,var(--spacer-size));--align-self:var(--container-widget-align-self,initial);--flex-shrink:0}.e-con-inner>.elementor-widget-spacer>.elementor-widget-container,.e-con-inner>.elementor-widget-spacer>.elementor-widget-container>.elementor-spacer,.e-con>.elementor-widget-spacer>.elementor-widget-container,.e-con>.elementor-widget-spacer>.elementor-widget-container>.elementor-spacer{height:100%}.e-con-inner>.elementor-widget-spacer>.elementor-widget-container>.elementor-spacer>.elementor-spacer-inner,.e-con>.elementor-widget-spacer>.elementor-widget-container>.elementor-spacer>.elementor-spacer-inner{height:var(--container-widget-height,var(--spacer-size))}<\/style>\t\t<div class=\"elementor-spacer\">\n\t\t\t<div class=\"elementor-spacer-inner\"><\/div>\n\t\t<\/div>\n\t\t\t\t<\/div>\n\t\t\t\t<\/div>\n\t\t\t\t<div class=\"elementor-element elementor-element-c547b62 elementor-widget elementor-widget-text-editor\" data-id=\"c547b62\" data-element_type=\"widget\" data-widget_type=\"text-editor.default\">\n\t\t\t\t<div class=\"elementor-widget-container\">\n\t\t\t\t\t\t\t<p>Bei der <strong>Planung und Entwicklung der Filter <\/strong>werden die <strong>Projektspezifikationen analysiert <\/strong>und das beste anwendbare Verfahren (BAT &#8211; Best Available Technologies) ausgew\u00e4hlt<\/p><p>\u00a0<\/p><p>Dar\u00fcber hinaus konzentrieren wir uns in dieser Phase auf die <strong>technische Entwicklung <\/strong>einschlie\u00dflich:<\/p><p>\u00a0<\/p><ul><li>Machbarkeitsstudien<\/li><li>Verfahrenstechnik<\/li><\/ul><p>Ausf\u00fchrungs- und Konstruktionstechnik<\/p>\t\t\t\t\t\t<\/div>\n\t\t\t\t<\/div>\n\t\t\t\t\t<\/div>\n\t\t<\/div>\n\t\t\t\t<div class=\"elementor-column elementor-col-50 elementor-top-column elementor-element elementor-element-ca27295\" data-id=\"ca27295\" data-element_type=\"column\">\n\t\t\t<div class=\"elementor-widget-wrap elementor-element-populated\">\n\t\t\t\t\t\t\t\t<div class=\"elementor-element elementor-element-0af4812 elementor-widget elementor-widget-image\" data-id=\"0af4812\" data-element_type=\"widget\" data-widget_type=\"image.default\">\n\t\t\t\t<div class=\"elementor-widget-container\">\n\t\t\t\t\t\t\t\t\t\t\t\t\t\t\t<img decoding=\"async\" width=\"800\" height=\"450\" src=\"https:\/\/www.tecniplant.it\/wp-content\/uploads\/2022\/10\/Progetto-senza-titolo-1-1024x576.jpg\" class=\"attachment-large size-large wp-image-3608\" alt=\"\" loading=\"lazy\" srcset=\"https:\/\/www.tecniplant.it\/wp-content\/uploads\/2022\/10\/Progetto-senza-titolo-1-1024x576.jpg 1024w, https:\/\/www.tecniplant.it\/wp-content\/uploads\/2022\/10\/Progetto-senza-titolo-1-300x169.jpg 300w, https:\/\/www.tecniplant.it\/wp-content\/uploads\/2022\/10\/Progetto-senza-titolo-1-768x432.jpg 768w, https:\/\/www.tecniplant.it\/wp-content\/uploads\/2022\/10\/Progetto-senza-titolo-1-1536x864.jpg 1536w, https:\/\/www.tecniplant.it\/wp-content\/uploads\/2022\/10\/Progetto-senza-titolo-1.jpg 1920w\" sizes=\"(max-width: 800px) 100vw, 800px\" \/>\t\t\t\t\t\t\t\t\t\t\t\t\t\t\t<\/div>\n\t\t\t\t<\/div>\n\t\t\t\t<div class=\"elementor-element elementor-element-bf3f05f elementor-widget elementor-widget-heading\" data-id=\"bf3f05f\" data-element_type=\"widget\" data-widget_type=\"heading.default\">\n\t\t\t\t<div class=\"elementor-widget-container\">\n\t\t\t<h2 class=\"elementor-heading-title elementor-size-default\">HERSTELLUNG VON GER\u00c4TEN F\u00dcR DIE FILTRATION, DIE AUFBEREITUNG VON \u00d6LHALTIGEM WASSER UND DIE WASSERAUFBEREITUNG <\/h2>\t\t<\/div>\n\t\t\t\t<\/div>\n\t\t\t\t<div class=\"elementor-element elementor-element-f229610 elementor-widget elementor-widget-spacer\" data-id=\"f229610\" data-element_type=\"widget\" data-widget_type=\"spacer.default\">\n\t\t\t\t<div class=\"elementor-widget-container\">\n\t\t\t\t\t<div class=\"elementor-spacer\">\n\t\t\t<div class=\"elementor-spacer-inner\"><\/div>\n\t\t<\/div>\n\t\t\t\t<\/div>\n\t\t\t\t<\/div>\n\t\t\t\t<div class=\"elementor-element elementor-element-8f325f8 elementor-widget elementor-widget-text-editor\" data-id=\"8f325f8\" data-element_type=\"widget\" data-widget_type=\"text-editor.default\">\n\t\t\t\t<div class=\"elementor-widget-container\">\n\t\t\t\t\t\t\t<p>Wenn es um den <strong>Bau von Filtrationsanlagen<\/strong> geht, verlassen wir uns auf unsere <strong>fundierten Produkt- und Anwendungskenntnisse.<\/strong><\/p><p>\u00a0<\/p><p>Unsere gro\u00dfe <strong>operative Flexibilit\u00e4t<\/strong> garantiert die Entwicklung und Umsetzung von <strong>qualitativ hochwertigen Systemen.<\/strong><\/p><p>\u00a0<\/p><p>Mit unserem Service k\u00f6nnen wir uns insbesondere auf folgende Elemente konzentrieren:<\/p><p>\u00a0<\/p><ul><li>Bau von schl\u00fcsselfertigen Anlagen<\/li><li>\u00dcberwachung von Montage unserer Anlagen und Ger\u00e4te vor Ort<\/li><\/ul><p>Inbetriebnahme und Betrieb von Anlagen und Einzelger\u00e4ten<\/p>\t\t\t\t\t\t<\/div>\n\t\t\t\t<\/div>\n\t\t\t\t\t<\/div>\n\t\t<\/div>\n\t\t\t\t\t\t\t<\/div>\n\t\t<\/section>\n\t\t\t\t<section class=\"elementor-section elementor-top-section elementor-element elementor-element-786bd4e elementor-section-boxed elementor-section-height-default elementor-section-height-default\" data-id=\"786bd4e\" data-element_type=\"section\">\n\t\t\t\t\t\t<div class=\"elementor-container elementor-column-gap-default\">\n\t\t\t\t\t<div class=\"elementor-column elementor-col-50 elementor-top-column elementor-element elementor-element-80ba3fa\" data-id=\"80ba3fa\" data-element_type=\"column\">\n\t\t\t<div class=\"elementor-widget-wrap elementor-element-populated\">\n\t\t\t\t\t\t\t\t<div class=\"elementor-element elementor-element-7411233 elementor-align-center elementor-widget elementor-widget-button\" data-id=\"7411233\" data-element_type=\"widget\" data-widget_type=\"button.default\">\n\t\t\t\t<div class=\"elementor-widget-container\">\n\t\t\t\t\t<div class=\"elementor-button-wrapper\">\n\t\t\t<a href=\"https:\/\/www.tecniplant.it\/de\/service\/\" class=\"elementor-button-link elementor-button elementor-size-sm\" role=\"button\">\n\t\t\t\t\t\t<span class=\"elementor-button-content-wrapper\">\n\t\t\t\t\t\t<span class=\"elementor-button-text\">ZUR\u00dcCK ZU ALLE DIENSTLEISTUNGEN<\/span>\n\t\t<\/span>\n\t\t\t\t\t<\/a>\n\t\t<\/div>\n\t\t\t\t<\/div>\n\t\t\t\t<\/div>\n\t\t\t\t\t<\/div>\n\t\t<\/div>\n\t\t\t\t<div class=\"elementor-column elementor-col-50 elementor-top-column elementor-element elementor-element-ee13d87\" data-id=\"ee13d87\" data-element_type=\"column\">\n\t\t\t<div class=\"elementor-widget-wrap elementor-element-populated\">\n\t\t\t\t\t\t\t\t<div class=\"elementor-element elementor-element-96fc520 elementor-align-center elementor-widget elementor-widget-button\" data-id=\"96fc520\" data-element_type=\"widget\" data-widget_type=\"button.default\">\n\t\t\t\t<div class=\"elementor-widget-container\">\n\t\t\t\t\t<div class=\"elementor-button-wrapper\">\n\t\t\t<a href=\"https:\/\/www.tecniplant.it\/de\/kontakte\/\" class=\"elementor-button-link elementor-button elementor-size-sm\" role=\"button\">\n\t\t\t\t\t\t<span class=\"elementor-button-content-wrapper\">\n\t\t\t\t\t\t<span class=\"elementor-button-text\">Kontaktieren Sie uns, um mehr \u00fcber unsere Dienstleistungen zu erfahren<\/span>\n\t\t<\/span>\n\t\t\t\t\t<\/a>\n\t\t<\/div>\n\t\t\t\t<\/div>\n\t\t\t\t<\/div>\n\t\t\t\t\t<\/div>\n\t\t<\/div>\n\t\t\t\t\t\t\t<\/div>\n\t\t<\/section>\n\t\t\t\t\t\t\t<\/div>\n\t\t","protected":false},"excerpt":{"rendered":"<p>ENTWICKLUNG UND HERSTELLUNG VON FILTRATIONS-, \u00d6L-WASSER-TRENNUNGS- UND WASSERAUFBEREITUNGSMASCHINEN Bei TECNIPLANT besch\u00e4ftigen wir uns mit der Entwicklung und Herstellung von Maschinen und kompletten Anlagen f\u00fcr die Filtration, \u00d6l-Wasser-Trennung und Wasseraufbereitung. \u00a0 Dabei verf\u00fcgen wir \u00fcber 50 Jahre Erfahrung in der Entwicklung und Herstellung von Filtrationsmaschinen, wie z.B.: \u00a0 Vakuumrotationsfilter (Klingenfilter, Walzenfilter, Seilfilter, Tuchfilter und Precoatfilter) Vakuumbandfilter [&hellip;]<\/p>\n","protected":false},"author":1,"featured_media":0,"parent":0,"menu_order":0,"comment_status":"closed","ping_status":"closed","template":"elementor_header_footer","meta":[],"yoast_head":"<!-- This site is optimized with the Yoast SEO plugin v19.13 - https:\/\/yoast.com\/wordpress\/plugins\/seo\/ -->\n<title>Entwicklung und Herstellung - Tecniplant<\/title>\n<meta name=\"description\" content=\"Entwicklung und Herstellung: Wir garantieren den Bau von kompletten und effizienten industriellen Wassersystemen. Jetzt entdecken!\" \/>\n<meta name=\"robots\" content=\"index, follow, max-snippet:-1, max-image-preview:large, max-video-preview:-1\" \/>\n<link rel=\"canonical\" href=\"https:\/\/www.tecniplant.it\/de\/entwicklung-und-herstellung\/\" \/>\n<meta property=\"og:locale\" content=\"de_DE\" \/>\n<meta property=\"og:type\" content=\"article\" \/>\n<meta property=\"og:title\" content=\"Entwicklung und Herstellung - Tecniplant\" \/>\n<meta property=\"og:description\" content=\"Entwicklung und Herstellung: Wir garantieren den Bau von kompletten und effizienten industriellen Wassersystemen. Jetzt entdecken!\" \/>\n<meta property=\"og:url\" content=\"https:\/\/www.tecniplant.it\/de\/entwicklung-und-herstellung\/\" \/>\n<meta property=\"og:site_name\" content=\"Tecniplant\" \/>\n<meta property=\"article:modified_time\" content=\"2023-04-19T12:43:19+00:00\" \/>\n<meta property=\"og:image\" content=\"https:\/\/www.tecniplant.it\/wp-content\/uploads\/2022\/08\/blueprint.png\" \/>\n<meta name=\"twitter:card\" content=\"summary_large_image\" \/>\n<meta name=\"twitter:label1\" content=\"Gesch\u00e4tzte Lesezeit\" \/>\n\t<meta name=\"twitter:data1\" content=\"3 Minuten\" \/>\n<script type=\"application\/ld+json\" class=\"yoast-schema-graph\">{\"@context\":\"https:\/\/schema.org\",\"@graph\":[{\"@type\":\"WebPage\",\"@id\":\"https:\/\/www.tecniplant.it\/de\/entwicklung-und-herstellung\/\",\"url\":\"https:\/\/www.tecniplant.it\/de\/entwicklung-und-herstellung\/\",\"name\":\"Entwicklung und Herstellung - Tecniplant\",\"isPartOf\":{\"@id\":\"https:\/\/www.tecniplant.it\/#website\"},\"datePublished\":\"2022-08-02T10:31:04+00:00\",\"dateModified\":\"2023-04-19T12:43:19+00:00\",\"description\":\"Entwicklung und Herstellung: Wir garantieren den Bau von kompletten und effizienten industriellen Wassersystemen. Jetzt entdecken!\",\"breadcrumb\":{\"@id\":\"https:\/\/www.tecniplant.it\/de\/entwicklung-und-herstellung\/#breadcrumb\"},\"inLanguage\":\"de-DE\",\"potentialAction\":[{\"@type\":\"ReadAction\",\"target\":[\"https:\/\/www.tecniplant.it\/de\/entwicklung-und-herstellung\/\"]}]},{\"@type\":\"BreadcrumbList\",\"@id\":\"https:\/\/www.tecniplant.it\/de\/entwicklung-und-herstellung\/#breadcrumb\",\"itemListElement\":[{\"@type\":\"ListItem\",\"position\":1,\"name\":\"Home\",\"item\":\"https:\/\/www.tecniplant.it\/de\/\"},{\"@type\":\"ListItem\",\"position\":2,\"name\":\"Entwicklung und herstellung\"}]},{\"@type\":\"WebSite\",\"@id\":\"https:\/\/www.tecniplant.it\/#website\",\"url\":\"https:\/\/www.tecniplant.it\/\",\"name\":\"Tecniplant\",\"description\":\"Il futuro inizia adesso\",\"publisher\":{\"@id\":\"https:\/\/www.tecniplant.it\/#organization\"},\"potentialAction\":[{\"@type\":\"SearchAction\",\"target\":{\"@type\":\"EntryPoint\",\"urlTemplate\":\"https:\/\/www.tecniplant.it\/?s={search_term_string}\"},\"query-input\":\"required name=search_term_string\"}],\"inLanguage\":\"de-DE\"},{\"@type\":\"Organization\",\"@id\":\"https:\/\/www.tecniplant.it\/#organization\",\"name\":\"Tecniplant\",\"url\":\"https:\/\/www.tecniplant.it\/\",\"logo\":{\"@type\":\"ImageObject\",\"inLanguage\":\"de-DE\",\"@id\":\"https:\/\/www.tecniplant.it\/#\/schema\/logo\/image\/\",\"url\":\"https:\/\/www.tecniplant.it\/wp-content\/uploads\/2022\/07\/Tecniplant_logo.png\",\"contentUrl\":\"https:\/\/www.tecniplant.it\/wp-content\/uploads\/2022\/07\/Tecniplant_logo.png\",\"width\":1601,\"height\":350,\"caption\":\"Tecniplant\"},\"image\":{\"@id\":\"https:\/\/www.tecniplant.it\/#\/schema\/logo\/image\/\"}}]}<\/script>\n<!-- \/ Yoast SEO plugin. -->","yoast_head_json":{"title":"Entwicklung und Herstellung - Tecniplant","description":"Entwicklung und Herstellung: Wir garantieren den Bau von kompletten und effizienten industriellen Wassersystemen. Jetzt entdecken!","robots":{"index":"index","follow":"follow","max-snippet":"max-snippet:-1","max-image-preview":"max-image-preview:large","max-video-preview":"max-video-preview:-1"},"canonical":"https:\/\/www.tecniplant.it\/de\/entwicklung-und-herstellung\/","og_locale":"de_DE","og_type":"article","og_title":"Entwicklung und Herstellung - Tecniplant","og_description":"Entwicklung und Herstellung: Wir garantieren den Bau von kompletten und effizienten industriellen Wassersystemen. Jetzt entdecken!","og_url":"https:\/\/www.tecniplant.it\/de\/entwicklung-und-herstellung\/","og_site_name":"Tecniplant","article_modified_time":"2023-04-19T12:43:19+00:00","og_image":[{"url":"https:\/\/www.tecniplant.it\/wp-content\/uploads\/2022\/08\/blueprint.png"}],"twitter_card":"summary_large_image","twitter_misc":{"Gesch\u00e4tzte Lesezeit":"3 Minuten"},"schema":{"@context":"https:\/\/schema.org","@graph":[{"@type":"WebPage","@id":"https:\/\/www.tecniplant.it\/de\/entwicklung-und-herstellung\/","url":"https:\/\/www.tecniplant.it\/de\/entwicklung-und-herstellung\/","name":"Entwicklung und Herstellung - Tecniplant","isPartOf":{"@id":"https:\/\/www.tecniplant.it\/#website"},"datePublished":"2022-08-02T10:31:04+00:00","dateModified":"2023-04-19T12:43:19+00:00","description":"Entwicklung und Herstellung: Wir garantieren den Bau von kompletten und effizienten industriellen Wassersystemen. Jetzt entdecken!","breadcrumb":{"@id":"https:\/\/www.tecniplant.it\/de\/entwicklung-und-herstellung\/#breadcrumb"},"inLanguage":"de-DE","potentialAction":[{"@type":"ReadAction","target":["https:\/\/www.tecniplant.it\/de\/entwicklung-und-herstellung\/"]}]},{"@type":"BreadcrumbList","@id":"https:\/\/www.tecniplant.it\/de\/entwicklung-und-herstellung\/#breadcrumb","itemListElement":[{"@type":"ListItem","position":1,"name":"Home","item":"https:\/\/www.tecniplant.it\/de\/"},{"@type":"ListItem","position":2,"name":"Entwicklung und herstellung"}]},{"@type":"WebSite","@id":"https:\/\/www.tecniplant.it\/#website","url":"https:\/\/www.tecniplant.it\/","name":"Tecniplant","description":"Il futuro inizia adesso","publisher":{"@id":"https:\/\/www.tecniplant.it\/#organization"},"potentialAction":[{"@type":"SearchAction","target":{"@type":"EntryPoint","urlTemplate":"https:\/\/www.tecniplant.it\/?s={search_term_string}"},"query-input":"required name=search_term_string"}],"inLanguage":"de-DE"},{"@type":"Organization","@id":"https:\/\/www.tecniplant.it\/#organization","name":"Tecniplant","url":"https:\/\/www.tecniplant.it\/","logo":{"@type":"ImageObject","inLanguage":"de-DE","@id":"https:\/\/www.tecniplant.it\/#\/schema\/logo\/image\/","url":"https:\/\/www.tecniplant.it\/wp-content\/uploads\/2022\/07\/Tecniplant_logo.png","contentUrl":"https:\/\/www.tecniplant.it\/wp-content\/uploads\/2022\/07\/Tecniplant_logo.png","width":1601,"height":350,"caption":"Tecniplant"},"image":{"@id":"https:\/\/www.tecniplant.it\/#\/schema\/logo\/image\/"}}]}},"_links":{"self":[{"href":"https:\/\/www.tecniplant.it\/de\/wp-json\/wp\/v2\/pages\/3141"}],"collection":[{"href":"https:\/\/www.tecniplant.it\/de\/wp-json\/wp\/v2\/pages"}],"about":[{"href":"https:\/\/www.tecniplant.it\/de\/wp-json\/wp\/v2\/types\/page"}],"author":[{"embeddable":true,"href":"https:\/\/www.tecniplant.it\/de\/wp-json\/wp\/v2\/users\/1"}],"replies":[{"embeddable":true,"href":"https:\/\/www.tecniplant.it\/de\/wp-json\/wp\/v2\/comments?post=3141"}],"version-history":[{"count":13,"href":"https:\/\/www.tecniplant.it\/de\/wp-json\/wp\/v2\/pages\/3141\/revisions"}],"predecessor-version":[{"id":6011,"href":"https:\/\/www.tecniplant.it\/de\/wp-json\/wp\/v2\/pages\/3141\/revisions\/6011"}],"wp:attachment":[{"href":"https:\/\/www.tecniplant.it\/de\/wp-json\/wp\/v2\/media?parent=3141"}],"curies":[{"name":"wp","href":"https:\/\/api.w.org\/{rel}","templated":true}]}}