{"id":3028,"date":"2022-07-19T14:36:48","date_gmt":"2022-07-19T14:36:48","guid":{"rendered":"https:\/\/www.tecniplant.it\/trattamento-acque\/"},"modified":"2023-04-18T14:42:48","modified_gmt":"2023-04-18T14:42:48","slug":"anlagen-fuer-die-wasseraufbereitung","status":"publish","type":"page","link":"https:\/\/www.tecniplant.it\/de\/anlagen-fuer-die-wasseraufbereitung\/","title":{"rendered":"ANLAGEN F\u00dcR DIE WASSERAUFBEREITUNG"},"content":{"rendered":"\t\t<div data-elementor-type=\"wp-page\" data-elementor-id=\"3028\" class=\"elementor elementor-3028 elementor-227\">\n\t\t\t\t\t\t\t\t\t<section class=\"elementor-section elementor-top-section elementor-element elementor-element-b1645a0 elementor-section-full_width elementor-section-height-default elementor-section-height-default\" data-id=\"b1645a0\" data-element_type=\"section\" data-settings=\"{&quot;background_background&quot;:&quot;classic&quot;}\">\n\t\t\t\t\t\t\t<div class=\"elementor-background-overlay\"><\/div>\n\t\t\t\t\t\t\t<div class=\"elementor-container elementor-column-gap-no\">\n\t\t\t\t\t<div class=\"elementor-column elementor-col-50 elementor-top-column elementor-element elementor-element-db4e591 elementor-invisible\" data-id=\"db4e591\" data-element_type=\"column\" data-settings=\"{&quot;background_background&quot;:&quot;classic&quot;,&quot;animation&quot;:&quot;fadeIn&quot;,&quot;animation_delay&quot;:300}\">\n\t\t\t<div class=\"elementor-widget-wrap\">\n\t\t\t\t\t<div class=\"elementor-background-overlay\"><\/div>\n\t\t\t\t\t\t\t\t\t<\/div>\n\t\t<\/div>\n\t\t\t\t<div class=\"elementor-column elementor-col-50 elementor-top-column elementor-element elementor-element-28c0d08\" data-id=\"28c0d08\" data-element_type=\"column\">\n\t\t\t<div class=\"elementor-widget-wrap elementor-element-populated\">\n\t\t\t\t\t\t\t\t<div class=\"elementor-element elementor-element-2772eba elementor-widget elementor-widget-heading\" data-id=\"2772eba\" data-element_type=\"widget\" data-widget_type=\"heading.default\">\n\t\t\t\t<div class=\"elementor-widget-container\">\n\t\t\t<style>\/*! elementor - v3.11.5 - 14-03-2023 *\/\n.elementor-heading-title{padding:0;margin:0;line-height:1}.elementor-widget-heading .elementor-heading-title[class*=elementor-size-]>a{color:inherit;font-size:inherit;line-height:inherit}.elementor-widget-heading .elementor-heading-title.elementor-size-small{font-size:15px}.elementor-widget-heading .elementor-heading-title.elementor-size-medium{font-size:19px}.elementor-widget-heading .elementor-heading-title.elementor-size-large{font-size:29px}.elementor-widget-heading .elementor-heading-title.elementor-size-xl{font-size:39px}.elementor-widget-heading .elementor-heading-title.elementor-size-xxl{font-size:59px}<\/style><h1 class=\"elementor-heading-title elementor-size-default\">ANLAGEN F\u00dcR DIE WASSERAUFBEREITUNG <\/h1>\t\t<\/div>\n\t\t\t\t<\/div>\n\t\t\t\t\t<\/div>\n\t\t<\/div>\n\t\t\t\t\t\t\t<\/div>\n\t\t<\/section>\n\t\t\t\t<section class=\"elementor-section elementor-top-section elementor-element elementor-element-cd9ec43 elementor-section-full_width elementor-section-height-default elementor-section-height-default\" data-id=\"cd9ec43\" data-element_type=\"section\">\n\t\t\t\t\t\t<div class=\"elementor-container elementor-column-gap-default\">\n\t\t\t\t\t<div class=\"elementor-column elementor-col-50 elementor-top-column elementor-element elementor-element-b398e71 elementor-invisible\" data-id=\"b398e71\" data-element_type=\"column\" data-settings=\"{&quot;background_background&quot;:&quot;classic&quot;,&quot;animation&quot;:&quot;fadeIn&quot;,&quot;animation_delay&quot;:300}\">\n\t\t\t<div class=\"elementor-widget-wrap elementor-element-populated\">\n\t\t\t\t\t<div class=\"elementor-background-overlay\"><\/div>\n\t\t\t\t\t\t\t\t<div class=\"elementor-element elementor-element-2a81f8a e-transform e-transform elementor-widget elementor-widget-image\" data-id=\"2a81f8a\" data-element_type=\"widget\" data-settings=\"{&quot;_transform_translateX_effect&quot;:{&quot;unit&quot;:&quot;px&quot;,&quot;size&quot;:0,&quot;sizes&quot;:[]},&quot;_transform_translateY_effect&quot;:{&quot;unit&quot;:&quot;%&quot;,&quot;size&quot;:-50,&quot;sizes&quot;:[]},&quot;_transform_translateY_effect_tablet&quot;:{&quot;unit&quot;:&quot;%&quot;,&quot;size&quot;:&quot;&quot;,&quot;sizes&quot;:[]},&quot;_transform_translateY_effect_mobile&quot;:{&quot;unit&quot;:&quot;%&quot;,&quot;size&quot;:-10,&quot;sizes&quot;:[]},&quot;_transform_scale_effect_hover&quot;:{&quot;unit&quot;:&quot;px&quot;,&quot;size&quot;:1.05,&quot;sizes&quot;:[]},&quot;_transform_translateX_effect_tablet&quot;:{&quot;unit&quot;:&quot;px&quot;,&quot;size&quot;:&quot;&quot;,&quot;sizes&quot;:[]},&quot;_transform_translateX_effect_mobile&quot;:{&quot;unit&quot;:&quot;px&quot;,&quot;size&quot;:&quot;&quot;,&quot;sizes&quot;:[]},&quot;_transform_scale_effect_hover_tablet&quot;:{&quot;unit&quot;:&quot;px&quot;,&quot;size&quot;:&quot;&quot;,&quot;sizes&quot;:[]},&quot;_transform_scale_effect_hover_mobile&quot;:{&quot;unit&quot;:&quot;px&quot;,&quot;size&quot;:&quot;&quot;,&quot;sizes&quot;:[]}}\" data-widget_type=\"image.default\">\n\t\t\t\t<div class=\"elementor-widget-container\">\n\t\t\t<style>\/*! elementor - v3.11.5 - 14-03-2023 *\/\n.elementor-widget-image{text-align:center}.elementor-widget-image a{display:inline-block}.elementor-widget-image a img[src$=\".svg\"]{width:48px}.elementor-widget-image img{vertical-align:middle;display:inline-block}<\/style>\t\t\t\t\t\t\t\t\t\t\t\t\t<a href=\"#soluzioni\">\n\t\t\t\t\t\t\t<img decoding=\"async\" width=\"600\" height=\"600\" src=\"https:\/\/www.tecniplant.it\/wp-content\/uploads\/2022\/07\/TP_Pittogramma_WaterTreatment.png\" class=\"attachment-large size-large wp-image-376\" alt=\"\" loading=\"lazy\" srcset=\"https:\/\/www.tecniplant.it\/wp-content\/uploads\/2022\/07\/TP_Pittogramma_WaterTreatment.png 600w, https:\/\/www.tecniplant.it\/wp-content\/uploads\/2022\/07\/TP_Pittogramma_WaterTreatment-300x300.png 300w, https:\/\/www.tecniplant.it\/wp-content\/uploads\/2022\/07\/TP_Pittogramma_WaterTreatment-150x150.png 150w\" sizes=\"(max-width: 600px) 100vw, 600px\" \/>\t\t\t\t\t\t\t\t<\/a>\n\t\t\t\t\t\t\t\t\t\t\t\t\t\t\t<\/div>\n\t\t\t\t<\/div>\n\t\t\t\t\t<\/div>\n\t\t<\/div>\n\t\t\t\t<div class=\"elementor-column elementor-col-50 elementor-top-column elementor-element elementor-element-a9825a6\" data-id=\"a9825a6\" data-element_type=\"column\">\n\t\t\t<div class=\"elementor-widget-wrap elementor-element-populated\">\n\t\t\t\t\t\t\t\t<div class=\"elementor-element elementor-element-18c3dd3 elementor-widget elementor-widget-text-editor\" data-id=\"18c3dd3\" data-element_type=\"widget\" data-widget_type=\"text-editor.default\">\n\t\t\t\t<div class=\"elementor-widget-container\">\n\t\t\t<style>\/*! elementor - v3.11.5 - 14-03-2023 *\/\n.elementor-widget-text-editor.elementor-drop-cap-view-stacked .elementor-drop-cap{background-color:#818a91;color:#fff}.elementor-widget-text-editor.elementor-drop-cap-view-framed .elementor-drop-cap{color:#818a91;border:3px solid;background-color:transparent}.elementor-widget-text-editor:not(.elementor-drop-cap-view-default) .elementor-drop-cap{margin-top:8px}.elementor-widget-text-editor:not(.elementor-drop-cap-view-default) .elementor-drop-cap-letter{width:1em;height:1em}.elementor-widget-text-editor .elementor-drop-cap{float:left;text-align:center;line-height:1;font-size:50px}.elementor-widget-text-editor .elementor-drop-cap-letter{display:inline-block}<\/style>\t\t\t\t<p>Bei TECNIPLANT entwickeln und fertigen wir Maschinen und <strong>Anlagen f\u00fcr die Wasseraufbereitung<\/strong>.<\/p><p>Insbesondere bietet das Unternehmen <strong>Komplettl\u00f6sungen <\/strong>f\u00fcr die <strong>Aufbereitung von industriellem<\/strong> <strong>und zivilem<\/strong> <strong>Abwasser <\/strong>an, die alle Umweltanforderungen erf\u00fcllen.<\/p><p>Dieses Verfahren erm\u00f6glicht es, eine schl\u00fcsselfertige, ma\u00dfgeschneiderte L\u00f6sung im Bereich der\u00a0<span style=\"color: var( --e-global-color-7238afb ); font-family: var( --e-global-typography-d569719-font-family ), Sans-serif; font-size: var( --e-global-typography-d569719-font-size ); font-weight: var( --e-global-typography-d569719-font-weight ); letter-spacing: var( --e-global-typography-d569719-letter-spacing ); word-spacing: var( --e-global-typography-d569719-word-spacing );\">Abwasserbehandlung anzubieten, die darauf abzielt, die Schadstoffbelastung zu reduzieren und die durch sch\u00e4dliche Einleitungen\u00a0<\/span><span style=\"color: var( --e-global-color-7238afb ); font-family: var( --e-global-typography-d569719-font-family ), Sans-serif; font-size: var( --e-global-typography-d569719-font-size ); font-weight: var( --e-global-typography-d569719-font-weight ); letter-spacing: var( --e-global-typography-d569719-letter-spacing ); word-spacing: var( --e-global-typography-d569719-word-spacing );\">verursachte Umweltbelastung zu verringern.<\/span><\/p><p>Filtrationsverfahren zur Aufbereitung von Industriewasser umfassen mehrere Schritte und sind abh\u00e4ngig von den Verunreinigungen, die Sie entfernen m\u00f6chten, um das Ziel des Kunden zu erreichen<\/p>\t\t\t\t\t\t<\/div>\n\t\t\t\t<\/div>\n\t\t\t\t\t<\/div>\n\t\t<\/div>\n\t\t\t\t\t\t\t<\/div>\n\t\t<\/section>\n\t\t\t\t<section class=\"elementor-section elementor-top-section elementor-element elementor-element-494d35f elementor-section-full_width elementor-section-height-default elementor-section-height-default\" data-id=\"494d35f\" data-element_type=\"section\" id=\"soluzioni\">\n\t\t\t\t\t\t<div class=\"elementor-container elementor-column-gap-default\">\n\t\t\t\t\t<div class=\"elementor-column elementor-col-100 elementor-top-column elementor-element elementor-element-724d765\" data-id=\"724d765\" data-element_type=\"column\" data-settings=\"{&quot;background_background&quot;:&quot;classic&quot;}\">\n\t\t\t<div class=\"elementor-widget-wrap elementor-element-populated\">\n\t\t\t\t\t\t\t\t<section class=\"elementor-section elementor-inner-section elementor-element elementor-element-c350c5f elementor-section-full_width elementor-section-height-default elementor-section-height-default\" data-id=\"c350c5f\" data-element_type=\"section\">\n\t\t\t\t\t\t<div class=\"elementor-container elementor-column-gap-custom\">\n\t\t\t\t\t<div class=\"elementor-column elementor-col-50 elementor-inner-column elementor-element elementor-element-04ddcb6\" data-id=\"04ddcb6\" data-element_type=\"column\">\n\t\t\t<div class=\"elementor-widget-wrap elementor-element-populated\">\n\t\t\t\t\t\t\t\t<div class=\"elementor-element elementor-element-911c38a elementor-widget elementor-widget-image\" data-id=\"911c38a\" data-element_type=\"widget\" data-widget_type=\"image.default\">\n\t\t\t\t<div class=\"elementor-widget-container\">\n\t\t\t\t\t\t\t\t\t\t\t\t\t\t\t<img decoding=\"async\" width=\"800\" height=\"450\" src=\"https:\/\/www.tecniplant.it\/wp-content\/uploads\/2022\/09\/Progetto-senza-titolo-44-1024x576.png\" class=\"attachment-large size-large wp-image-3441\" alt=\"\" loading=\"lazy\" srcset=\"https:\/\/www.tecniplant.it\/wp-content\/uploads\/2022\/09\/Progetto-senza-titolo-44-1024x576.png 1024w, https:\/\/www.tecniplant.it\/wp-content\/uploads\/2022\/09\/Progetto-senza-titolo-44-300x169.png 300w, https:\/\/www.tecniplant.it\/wp-content\/uploads\/2022\/09\/Progetto-senza-titolo-44-768x432.png 768w, https:\/\/www.tecniplant.it\/wp-content\/uploads\/2022\/09\/Progetto-senza-titolo-44-1536x864.png 1536w, https:\/\/www.tecniplant.it\/wp-content\/uploads\/2022\/09\/Progetto-senza-titolo-44.png 1920w\" sizes=\"(max-width: 800px) 100vw, 800px\" \/>\t\t\t\t\t\t\t\t\t\t\t\t\t\t\t<\/div>\n\t\t\t\t<\/div>\n\t\t\t\t\t<\/div>\n\t\t<\/div>\n\t\t\t\t<div class=\"elementor-column elementor-col-50 elementor-inner-column elementor-element elementor-element-c1d25a4\" data-id=\"c1d25a4\" data-element_type=\"column\">\n\t\t\t<div class=\"elementor-widget-wrap elementor-element-populated\">\n\t\t\t\t\t\t\t\t<div class=\"elementor-element elementor-element-bcfd2c6 elementor-widget elementor-widget-heading\" data-id=\"bcfd2c6\" data-element_type=\"widget\" data-widget_type=\"heading.default\">\n\t\t\t\t<div class=\"elementor-widget-container\">\n\t\t\t<h2 class=\"elementor-heading-title elementor-size-default\">FILTER F\u00dcR DIE ABWASSERAUFBEREITUNG <\/h2>\t\t<\/div>\n\t\t\t\t<\/div>\n\t\t\t\t<div class=\"elementor-element elementor-element-c2b1ec6 elementor-widget elementor-widget-text-editor\" data-id=\"c2b1ec6\" data-element_type=\"widget\" data-widget_type=\"text-editor.default\">\n\t\t\t\t<div class=\"elementor-widget-container\">\n\t\t\t\t\t\t\t<p>Die <strong>Aufbereitung von Industrieabwasser <\/strong>ist ein Prozess, bei dem nicht mehr geeignetes Wasser in Wasser umgewandelt wird, dem die zu entfernenden Verunreinigungen entzogen wurden, so dass es f\u00fcr verschiedene Zwecke wiederverwendet werden kann.<\/p><p>\u00a0<\/p><p>Die Prozesse, die bei der Abtrennung von Schadstoffen w\u00e4hrend der Abwasserbehandlung ablaufen, umfassen mehrere Schritte:<\/p><p>\u00a0<\/p><ul><li><strong>Vorbehandlung <\/strong>&#8211; besteht aus einem mechanischen Vorgang.<\/li><li><strong>Erstbehandlung <\/strong>&#8211; besteht aus chemischen oder physikalischen Eingriffen, die darauf abzielen, die Stoffe zu entfernen, die in sp\u00e4teren Phasen Probleme verursachen k\u00f6nnten.<\/li><li><strong>Zweitbehandlung <\/strong>&#8211; besteht in der Entfernung von biologisch abbaubaren organischen Stoffen.<\/li><li><strong>Drittbehandlung <\/strong>&#8211; besteht in der Entfernung von biologisch nicht abbaubaren organischen Stoffen.<\/li><li><strong>Desinfektion <\/strong>&#8211; besteht in der Entfernung von Mikroorganismen und Bakterien.<\/li><li><strong>Schlammbehandlung <\/strong>&#8211; besteht aus der Entfernung von R\u00fcckst\u00e4nden.<\/li><\/ul>\t\t\t\t\t\t<\/div>\n\t\t\t\t<\/div>\n\t\t\t\t<div class=\"elementor-element elementor-element-776c4e1 elementor-widget elementor-widget-button\" data-id=\"776c4e1\" data-element_type=\"widget\" data-widget_type=\"button.default\">\n\t\t\t\t<div class=\"elementor-widget-container\">\n\t\t\t\t\t<div class=\"elementor-button-wrapper\">\n\t\t\t<a href=\"https:\/\/www.tecniplant.it\/de\/abwasseraufbereitung\/\" class=\"elementor-button-link elementor-button elementor-size-sm\" role=\"button\">\n\t\t\t\t\t\t<span class=\"elementor-button-content-wrapper\">\n\t\t\t\t\t\t<span class=\"elementor-button-text\">Du entdeckst<\/span>\n\t\t<\/span>\n\t\t\t\t\t<\/a>\n\t\t<\/div>\n\t\t\t\t<\/div>\n\t\t\t\t<\/div>\n\t\t\t\t\t<\/div>\n\t\t<\/div>\n\t\t\t\t\t\t\t<\/div>\n\t\t<\/section>\n\t\t\t\t\t<\/div>\n\t\t<\/div>\n\t\t\t\t\t\t\t<\/div>\n\t\t<\/section>\n\t\t\t\t<section class=\"elementor-section elementor-top-section elementor-element elementor-element-d57f7a1 elementor-section-full_width elementor-section-height-default elementor-section-height-default\" data-id=\"d57f7a1\" data-element_type=\"section\" data-settings=\"{&quot;background_background&quot;:&quot;classic&quot;}\">\n\t\t\t\t\t\t<div class=\"elementor-container elementor-column-gap-default\">\n\t\t\t\t\t<div class=\"elementor-column elementor-col-100 elementor-top-column elementor-element elementor-element-0730e04\" data-id=\"0730e04\" data-element_type=\"column\">\n\t\t\t<div class=\"elementor-widget-wrap elementor-element-populated\">\n\t\t\t\t\t\t\t\t<div class=\"elementor-element elementor-element-497b0b3 elementor-widget elementor-widget-heading\" data-id=\"497b0b3\" data-element_type=\"widget\" data-widget_type=\"heading.default\">\n\t\t\t\t<div class=\"elementor-widget-container\">\n\t\t\t<h2 class=\"elementor-heading-title elementor-size-default\">DER WASSERAUFBEREITUNGSPROZESS IM INDUSTRIEBEREICH <\/h2>\t\t<\/div>\n\t\t\t\t<\/div>\n\t\t\t\t<div class=\"elementor-element elementor-element-1304b2b elementor-widget elementor-widget-text-editor\" data-id=\"1304b2b\" data-element_type=\"widget\" data-widget_type=\"text-editor.default\">\n\t\t\t\t<div class=\"elementor-widget-container\">\n\t\t\t\t\t\t\t<p>Der <strong>Prozess der Industriewasseraufbereitung <\/strong>findet in einer speziellen Anlage statt und erm\u00f6glicht die Umwandlung von verunreinigtem Wasser in saubere Fl\u00fcssigkeit, die in verschiedenen Bereichen wiederverwendet werden kann.<\/p><p>Mit anderen Worten: Unsere L\u00f6sungen wandeln Abfall- und Schmutzwasser in gereinigtes Wasser um, indem sie die darin enthaltenen Schadstoffe entfernen.<\/p><p>Auf diese Weise erm\u00f6glicht der Reinigungskreislauf die Wiederverwendung des gereinigten Abwassers in Produktionsprozessen.<\/p><p>Dadurch wird der Verbrauch von Wasser guter Qualit\u00e4t verringert und eine rationellere Nutzung der Wasserressourcen f\u00fcr bestimmte industrielle Prozesse, Bew\u00e4sserung, Brandbek\u00e4mpfung usw. gew\u00e4hrleistet.<\/p><p>TECNIPLANT liefert komplette Anlagen (von der Vorbehandlung bis zur Nachbehandlung), die entsprechend dem endg\u00fcltigen Bestimmungszweck oder der Verwendung des behandelten Wassers ausgelegt sind.<\/p>\t\t\t\t\t\t<\/div>\n\t\t\t\t<\/div>\n\t\t\t\t\t<\/div>\n\t\t<\/div>\n\t\t\t\t\t\t\t<\/div>\n\t\t<\/section>\n\t\t\t\t<section class=\"elementor-section elementor-top-section elementor-element elementor-element-5eca7f8 elementor-section-full_width elementor-section-height-default elementor-section-height-default\" data-id=\"5eca7f8\" data-element_type=\"section\" data-settings=\"{&quot;background_background&quot;:&quot;classic&quot;}\">\n\t\t\t\t\t\t<div class=\"elementor-container elementor-column-gap-default\">\n\t\t\t\t\t<div class=\"elementor-column elementor-col-100 elementor-top-column elementor-element elementor-element-2e2f79f\" data-id=\"2e2f79f\" data-element_type=\"column\">\n\t\t\t<div class=\"elementor-widget-wrap elementor-element-populated\">\n\t\t\t\t\t\t\t\t<div class=\"elementor-element elementor-element-4cb17c7 elementor-align-center elementor-widget elementor-widget-button\" data-id=\"4cb17c7\" data-element_type=\"widget\" data-widget_type=\"button.default\">\n\t\t\t\t<div class=\"elementor-widget-container\">\n\t\t\t\t\t<div class=\"elementor-button-wrapper\">\n\t\t\t<a href=\"https:\/\/www.tecniplant.it\/de\/kontakte\/\" class=\"elementor-button-link elementor-button elementor-size-sm\" role=\"button\">\n\t\t\t\t\t\t<span class=\"elementor-button-content-wrapper\">\n\t\t\t\t\t\t<span class=\"elementor-button-text\">Kontaktieren Sie uns f\u00fcr eine Beratung<\/span>\n\t\t<\/span>\n\t\t\t\t\t<\/a>\n\t\t<\/div>\n\t\t\t\t<\/div>\n\t\t\t\t<\/div>\n\t\t\t\t\t<\/div>\n\t\t<\/div>\n\t\t\t\t\t\t\t<\/div>\n\t\t<\/section>\n\t\t\t\t\t\t\t<\/div>\n\t\t","protected":false},"excerpt":{"rendered":"<p>ANLAGEN F\u00dcR DIE WASSERAUFBEREITUNG Bei TECNIPLANT entwickeln und fertigen wir Maschinen und Anlagen f\u00fcr die Wasseraufbereitung. Insbesondere bietet das Unternehmen Komplettl\u00f6sungen f\u00fcr die Aufbereitung von industriellem und zivilem Abwasser an, die alle Umweltanforderungen erf\u00fcllen. Dieses Verfahren erm\u00f6glicht es, eine schl\u00fcsselfertige, ma\u00dfgeschneiderte L\u00f6sung im Bereich der&nbsp;Abwasserbehandlung anzubieten, die darauf abzielt, die Schadstoffbelastung zu reduzieren und die [&hellip;]<\/p>\n","protected":false},"author":1,"featured_media":0,"parent":0,"menu_order":0,"comment_status":"closed","ping_status":"closed","template":"elementor_header_footer","meta":[],"yoast_head":"<!-- This site is optimized with the Yoast SEO plugin v19.13 - https:\/\/yoast.com\/wordpress\/plugins\/seo\/ -->\n<title>Anlagen Fuer die Wasseraufbereitung - Tecniplant<\/title>\n<meta name=\"description\" content=\"Anlagen Fuer die Wasseraufbereitung: Wir bieten komplette Umweltl\u00f6sungen f\u00fcr die industrielle Wasseraufbereitung. Erfahren Sie mehr!\" \/>\n<meta name=\"robots\" content=\"index, follow, max-snippet:-1, max-image-preview:large, max-video-preview:-1\" \/>\n<link rel=\"canonical\" href=\"https:\/\/www.tecniplant.it\/de\/anlagen-fuer-die-wasseraufbereitung\/\" \/>\n<meta property=\"og:locale\" content=\"de_DE\" \/>\n<meta property=\"og:type\" content=\"article\" \/>\n<meta property=\"og:title\" content=\"Anlagen Fuer die Wasseraufbereitung - Tecniplant\" \/>\n<meta property=\"og:description\" content=\"Anlagen Fuer die Wasseraufbereitung: Wir bieten komplette Umweltl\u00f6sungen f\u00fcr die industrielle Wasseraufbereitung. Erfahren Sie mehr!\" \/>\n<meta property=\"og:url\" content=\"https:\/\/www.tecniplant.it\/de\/anlagen-fuer-die-wasseraufbereitung\/\" \/>\n<meta property=\"og:site_name\" content=\"Tecniplant\" \/>\n<meta property=\"article:modified_time\" content=\"2023-04-18T14:42:48+00:00\" \/>\n<meta property=\"og:image\" content=\"https:\/\/www.tecniplant.it\/wp-content\/uploads\/2022\/07\/TP_Pittogramma_WaterTreatment.png\" \/>\n<meta name=\"twitter:card\" content=\"summary_large_image\" \/>\n<meta name=\"twitter:label1\" content=\"Gesch\u00e4tzte Lesezeit\" \/>\n\t<meta name=\"twitter:data1\" content=\"3 Minuten\" \/>\n<script type=\"application\/ld+json\" class=\"yoast-schema-graph\">{\"@context\":\"https:\/\/schema.org\",\"@graph\":[{\"@type\":\"WebPage\",\"@id\":\"https:\/\/www.tecniplant.it\/de\/anlagen-fuer-die-wasseraufbereitung\/\",\"url\":\"https:\/\/www.tecniplant.it\/de\/anlagen-fuer-die-wasseraufbereitung\/\",\"name\":\"Anlagen Fuer die Wasseraufbereitung - Tecniplant\",\"isPartOf\":{\"@id\":\"https:\/\/www.tecniplant.it\/#website\"},\"datePublished\":\"2022-07-19T14:36:48+00:00\",\"dateModified\":\"2023-04-18T14:42:48+00:00\",\"description\":\"Anlagen Fuer die Wasseraufbereitung: Wir bieten komplette Umweltl\u00f6sungen f\u00fcr die industrielle Wasseraufbereitung. Erfahren Sie mehr!\",\"breadcrumb\":{\"@id\":\"https:\/\/www.tecniplant.it\/de\/anlagen-fuer-die-wasseraufbereitung\/#breadcrumb\"},\"inLanguage\":\"de-DE\",\"potentialAction\":[{\"@type\":\"ReadAction\",\"target\":[\"https:\/\/www.tecniplant.it\/de\/anlagen-fuer-die-wasseraufbereitung\/\"]}]},{\"@type\":\"BreadcrumbList\",\"@id\":\"https:\/\/www.tecniplant.it\/de\/anlagen-fuer-die-wasseraufbereitung\/#breadcrumb\",\"itemListElement\":[{\"@type\":\"ListItem\",\"position\":1,\"name\":\"Home\",\"item\":\"https:\/\/www.tecniplant.it\/de\/\"},{\"@type\":\"ListItem\",\"position\":2,\"name\":\"ANLAGEN F\u00dcR DIE WASSERAUFBEREITUNG\"}]},{\"@type\":\"WebSite\",\"@id\":\"https:\/\/www.tecniplant.it\/#website\",\"url\":\"https:\/\/www.tecniplant.it\/\",\"name\":\"Tecniplant\",\"description\":\"Il futuro inizia adesso\",\"publisher\":{\"@id\":\"https:\/\/www.tecniplant.it\/#organization\"},\"potentialAction\":[{\"@type\":\"SearchAction\",\"target\":{\"@type\":\"EntryPoint\",\"urlTemplate\":\"https:\/\/www.tecniplant.it\/?s={search_term_string}\"},\"query-input\":\"required name=search_term_string\"}],\"inLanguage\":\"de-DE\"},{\"@type\":\"Organization\",\"@id\":\"https:\/\/www.tecniplant.it\/#organization\",\"name\":\"Tecniplant\",\"url\":\"https:\/\/www.tecniplant.it\/\",\"logo\":{\"@type\":\"ImageObject\",\"inLanguage\":\"de-DE\",\"@id\":\"https:\/\/www.tecniplant.it\/#\/schema\/logo\/image\/\",\"url\":\"https:\/\/www.tecniplant.it\/wp-content\/uploads\/2022\/07\/Tecniplant_logo.png\",\"contentUrl\":\"https:\/\/www.tecniplant.it\/wp-content\/uploads\/2022\/07\/Tecniplant_logo.png\",\"width\":1601,\"height\":350,\"caption\":\"Tecniplant\"},\"image\":{\"@id\":\"https:\/\/www.tecniplant.it\/#\/schema\/logo\/image\/\"}}]}<\/script>\n<!-- \/ Yoast SEO plugin. -->","yoast_head_json":{"title":"Anlagen Fuer die Wasseraufbereitung - Tecniplant","description":"Anlagen Fuer die Wasseraufbereitung: Wir bieten komplette Umweltl\u00f6sungen f\u00fcr die industrielle Wasseraufbereitung. Erfahren Sie mehr!","robots":{"index":"index","follow":"follow","max-snippet":"max-snippet:-1","max-image-preview":"max-image-preview:large","max-video-preview":"max-video-preview:-1"},"canonical":"https:\/\/www.tecniplant.it\/de\/anlagen-fuer-die-wasseraufbereitung\/","og_locale":"de_DE","og_type":"article","og_title":"Anlagen Fuer die Wasseraufbereitung - Tecniplant","og_description":"Anlagen Fuer die Wasseraufbereitung: Wir bieten komplette Umweltl\u00f6sungen f\u00fcr die industrielle Wasseraufbereitung. Erfahren Sie mehr!","og_url":"https:\/\/www.tecniplant.it\/de\/anlagen-fuer-die-wasseraufbereitung\/","og_site_name":"Tecniplant","article_modified_time":"2023-04-18T14:42:48+00:00","og_image":[{"url":"https:\/\/www.tecniplant.it\/wp-content\/uploads\/2022\/07\/TP_Pittogramma_WaterTreatment.png"}],"twitter_card":"summary_large_image","twitter_misc":{"Gesch\u00e4tzte Lesezeit":"3 Minuten"},"schema":{"@context":"https:\/\/schema.org","@graph":[{"@type":"WebPage","@id":"https:\/\/www.tecniplant.it\/de\/anlagen-fuer-die-wasseraufbereitung\/","url":"https:\/\/www.tecniplant.it\/de\/anlagen-fuer-die-wasseraufbereitung\/","name":"Anlagen Fuer die Wasseraufbereitung - Tecniplant","isPartOf":{"@id":"https:\/\/www.tecniplant.it\/#website"},"datePublished":"2022-07-19T14:36:48+00:00","dateModified":"2023-04-18T14:42:48+00:00","description":"Anlagen Fuer die Wasseraufbereitung: Wir bieten komplette Umweltl\u00f6sungen f\u00fcr die industrielle Wasseraufbereitung. Erfahren Sie mehr!","breadcrumb":{"@id":"https:\/\/www.tecniplant.it\/de\/anlagen-fuer-die-wasseraufbereitung\/#breadcrumb"},"inLanguage":"de-DE","potentialAction":[{"@type":"ReadAction","target":["https:\/\/www.tecniplant.it\/de\/anlagen-fuer-die-wasseraufbereitung\/"]}]},{"@type":"BreadcrumbList","@id":"https:\/\/www.tecniplant.it\/de\/anlagen-fuer-die-wasseraufbereitung\/#breadcrumb","itemListElement":[{"@type":"ListItem","position":1,"name":"Home","item":"https:\/\/www.tecniplant.it\/de\/"},{"@type":"ListItem","position":2,"name":"ANLAGEN F\u00dcR DIE WASSERAUFBEREITUNG"}]},{"@type":"WebSite","@id":"https:\/\/www.tecniplant.it\/#website","url":"https:\/\/www.tecniplant.it\/","name":"Tecniplant","description":"Il futuro inizia adesso","publisher":{"@id":"https:\/\/www.tecniplant.it\/#organization"},"potentialAction":[{"@type":"SearchAction","target":{"@type":"EntryPoint","urlTemplate":"https:\/\/www.tecniplant.it\/?s={search_term_string}"},"query-input":"required name=search_term_string"}],"inLanguage":"de-DE"},{"@type":"Organization","@id":"https:\/\/www.tecniplant.it\/#organization","name":"Tecniplant","url":"https:\/\/www.tecniplant.it\/","logo":{"@type":"ImageObject","inLanguage":"de-DE","@id":"https:\/\/www.tecniplant.it\/#\/schema\/logo\/image\/","url":"https:\/\/www.tecniplant.it\/wp-content\/uploads\/2022\/07\/Tecniplant_logo.png","contentUrl":"https:\/\/www.tecniplant.it\/wp-content\/uploads\/2022\/07\/Tecniplant_logo.png","width":1601,"height":350,"caption":"Tecniplant"},"image":{"@id":"https:\/\/www.tecniplant.it\/#\/schema\/logo\/image\/"}}]}},"_links":{"self":[{"href":"https:\/\/www.tecniplant.it\/de\/wp-json\/wp\/v2\/pages\/3028"}],"collection":[{"href":"https:\/\/www.tecniplant.it\/de\/wp-json\/wp\/v2\/pages"}],"about":[{"href":"https:\/\/www.tecniplant.it\/de\/wp-json\/wp\/v2\/types\/page"}],"author":[{"embeddable":true,"href":"https:\/\/www.tecniplant.it\/de\/wp-json\/wp\/v2\/users\/1"}],"replies":[{"embeddable":true,"href":"https:\/\/www.tecniplant.it\/de\/wp-json\/wp\/v2\/comments?post=3028"}],"version-history":[{"count":18,"href":"https:\/\/www.tecniplant.it\/de\/wp-json\/wp\/v2\/pages\/3028\/revisions"}],"predecessor-version":[{"id":5781,"href":"https:\/\/www.tecniplant.it\/de\/wp-json\/wp\/v2\/pages\/3028\/revisions\/5781"}],"wp:attachment":[{"href":"https:\/\/www.tecniplant.it\/de\/wp-json\/wp\/v2\/media?parent=3028"}],"curies":[{"name":"wp","href":"https:\/\/api.w.org\/{rel}","templated":true}]}}